{"id":2684,"date":"2025-10-16T09:19:22","date_gmt":"2025-10-16T09:19:22","guid":{"rendered":"https:\/\/mountlaser.com\/?post_type=product&#038;p=2684"},"modified":"2025-11-28T06:40:43","modified_gmt":"2025-11-28T06:40:43","slug":"z14ue-prism-assembly","status":"publish","type":"product","link":"https:\/\/mountlaser.com\/sq\/produkt\/z14ue-prism-assembly\/","title":{"rendered":"Asambleja e Prizm\u00ebs Z14UE"},"content":{"rendered":"<p>Z14UE <a href=\"https:\/\/mountlaser.com\/sq\/\"><strong>Asambleja e Prizm\u00ebs s\u00eb Zgjeruar<\/strong><\/a>Stabilitet i pakrahasuesh\u00ebm p\u00ebr matje precize<\/p>\n<p>P\u00ebrjetoni nivelin tjet\u00ebr t\u00eb stabilitetit t\u00eb matjeve me <strong><a href=\"https:\/\/mountlaser.com\/sq\/products\/\">Montimi i Prizm\u00ebs Z14UE<\/a>y<\/strong>, nj\u00eb Asamble Prizmi metalike e jasht\u00ebzakonshme me zgjerim t\u00eb madh, e projektuar p\u00ebr kushte t\u00eb v\u00ebshtira n\u00eb terren.<\/p>\n<p>&nbsp;<\/p>\n<p><img fetchpriority=\"high\" decoding=\"async\" class=\"aligncenter wp-image-2688\" src=\"https:\/\/mountlaser.com\/wp-content\/uploads\/2025\/10\/Z14UE-BY-4.webp\" alt=\"Widened Prism Assembly \" width=\"500\" height=\"500\" srcset=\"https:\/\/mountlaser.com\/wp-content\/uploads\/2025\/10\/Z14UE-BY-4.webp 1000w, https:\/\/mountlaser.com\/wp-content\/uploads\/2025\/10\/Z14UE-BY-4-300x300.webp 300w, https:\/\/mountlaser.com\/wp-content\/uploads\/2025\/10\/Z14UE-BY-4-400x400.webp 400w, https:\/\/mountlaser.com\/wp-content\/uploads\/2025\/10\/Z14UE-BY-4-800x800.webp 800w, https:\/\/mountlaser.com\/wp-content\/uploads\/2025\/10\/Z14UE-BY-4-600x600.webp 600w, https:\/\/mountlaser.com\/wp-content\/uploads\/2025\/10\/Z14UE-BY-4-150x150.webp 150w, https:\/\/mountlaser.com\/wp-content\/uploads\/2025\/10\/Z14UE-BY-4-768x768.webp 768w, https:\/\/mountlaser.com\/wp-content\/uploads\/2025\/10\/Z14UE-BY-4-12x12.webp 12w\" sizes=\"(max-width: 500px) 100vw, 500px\" \/><\/p>\n<p>Ky Montim Prizmi i Zgjeruar n\u00eb stilin japonez \u00ebsht\u00eb krijuar me kujdes p\u00ebr t\u00eb ofruar performanc\u00eb superiore p\u00ebrmes dizajnit t\u00eb tij inovativ. \u00cbsht\u00eb i disponuesh\u00ebm n\u00eb dy modele t\u00eb dallueshme, me dukshm\u00ebri t\u00eb lart\u00eb, me kode ngjyrash: Montimi i Prizmit Z14UE-BR (i Kuq i Madh) dhe Montimi i Prizmit Z14UE-RY (i Verdh\u00eb i Madh), duke siguruar identifikim t\u00eb leht\u00eb dhe menaxhim efikas t\u00eb rrjedh\u00ebs s\u00eb pun\u00ebs n\u00eb \u00e7do vend pune.<\/p>","protected":false},"excerpt":{"rendered":"<ul>\n<li>Themeli i k\u00ebtij Asambleje Prizmike t\u00eb Zgjeruar \u00ebsht\u00eb baza e saj e gjer\u00eb e projektuar n\u00eb m\u00ebnyr\u00eb unike.<\/li>\n<li>Ky montim i madh prizmi metalik i zgjeruar zvog\u00eblon n\u00eb m\u00ebnyr\u00eb drastike l\u00ebkundjen dhe rrit ngurt\u00ebsin\u00eb e p\u00ebrgjithshme, duke \u00e7uar n\u00eb nj\u00eb mbledhje m\u00eb t\u00eb besueshme t\u00eb t\u00eb dh\u00ebnave.<\/li>\n<li>Nd\u00ebrtim i fort\u00eb dhe konfigurim fleksib\u00ebl<\/li>\n<\/ul>","protected":false},"featured_media":2686,"comment_status":"open","ping_status":"closed","template":"","meta":[],"product_brand":[],"product_cat":[72,103],"product_tag":[],"class_list":{"0":"post-2684","1":"product","2":"type-product","3":"status-publish","4":"has-post-thumbnail","6":"product_cat-reflective-target-prism","7":"product_cat-prism-assembly","9":"first","10":"instock","11":"shipping-taxable","12":"product-type-simple"},"_links":{"self":[{"href":"https:\/\/mountlaser.com\/sq\/wp-json\/wp\/v2\/product\/2684","targetHints":{"allow":["GET"]}}],"collection":[{"href":"https:\/\/mountlaser.com\/sq\/wp-json\/wp\/v2\/product"}],"about":[{"href":"https:\/\/mountlaser.com\/sq\/wp-json\/wp\/v2\/types\/product"}],"replies":[{"embeddable":true,"href":"https:\/\/mountlaser.com\/sq\/wp-json\/wp\/v2\/comments?post=2684"}],"wp:featuredmedia":[{"embeddable":true,"href":"https:\/\/mountlaser.com\/sq\/wp-json\/wp\/v2\/media\/2686"}],"wp:attachment":[{"href":"https:\/\/mountlaser.com\/sq\/wp-json\/wp\/v2\/media?parent=2684"}],"wp:term":[{"taxonomy":"product_brand","embeddable":true,"href":"https:\/\/mountlaser.com\/sq\/wp-json\/wp\/v2\/product_brand?post=2684"},{"taxonomy":"product_cat","embeddable":true,"href":"https:\/\/mountlaser.com\/sq\/wp-json\/wp\/v2\/product_cat?post=2684"},{"taxonomy":"product_tag","embeddable":true,"href":"https:\/\/mountlaser.com\/sq\/wp-json\/wp\/v2\/product_tag?post=2684"}],"curies":[{"name":"wp","href":"https:\/\/api.w.org\/{rel}","templated":true}]}}