{"id":2676,"date":"2025-10-16T09:09:21","date_gmt":"2025-10-16T09:09:21","guid":{"rendered":"https:\/\/mountlaser.com\/?post_type=product&#038;p=2676"},"modified":"2025-11-28T06:42:40","modified_gmt":"2025-11-28T06:42:40","slug":"z14sk-prism-assembly","status":"publish","type":"product","link":"https:\/\/mountlaser.com\/sq\/produkt\/z14sk-prism-assembly\/","title":{"rendered":"Asambleja e Prizm\u00ebs Z14SK"},"content":{"rendered":"<p><a href=\"https:\/\/mountlaser.com\/sq\/about-us\/\"><strong>Set i ri i prizmave metalike Z14SK<\/strong><\/a>Q\u00ebndrueshm\u00ebria Takon Precizionin<\/p>\n<p>Rritni aft\u00ebsit\u00eb tuaja t\u00eb matjes me<a href=\"https:\/\/mountlaser.com\/sq\/\"><strong> Asambleja e Prizm\u00ebs Z14SK<\/strong><\/a>, nj\u00eb Set Prizmash Metalike i Ri i fuqish\u00ebm n\u00eb stilin japonez, i projektuar p\u00ebr q\u00ebndrueshm\u00ebri dhe sakt\u00ebsi n\u00eb mjediset m\u00eb t\u00eb k\u00ebrkuara. Ky grupim \u00ebsht\u00eb projektuar p\u00ebr t&#039;u ofruar gjeodet\u00ebve nj\u00eb mjet t\u00eb besuesh\u00ebm dhe jet\u00ebgjat\u00eb, i disponuesh\u00ebm n\u00eb dy opsione ngjyrash me dukshm\u00ebri t\u00eb lart\u00eb p\u00ebr identifikim t\u00eb leht\u00eb: Grupi i Prizmave Z14SK-RR (i Kuq-i Kuq) dhe Grupi i Prizmave Z14SK-YY (i Verdh\u00eb-i Verdh\u00eb).<\/p>\n<p>&nbsp;<\/p>\n<p><img fetchpriority=\"high\" decoding=\"async\" class=\"wp-image-2681 aligncenter\" src=\"https:\/\/mountlaser.com\/wp-content\/uploads\/2025\/10\/Z14SK-RR-1.webp\" alt=\"New Metal Prism Set \" width=\"500\" height=\"500\" srcset=\"https:\/\/mountlaser.com\/wp-content\/uploads\/2025\/10\/Z14SK-RR-1.webp 1000w, https:\/\/mountlaser.com\/wp-content\/uploads\/2025\/10\/Z14SK-RR-1-300x300.webp 300w, https:\/\/mountlaser.com\/wp-content\/uploads\/2025\/10\/Z14SK-RR-1-400x400.webp 400w, https:\/\/mountlaser.com\/wp-content\/uploads\/2025\/10\/Z14SK-RR-1-800x800.webp 800w, https:\/\/mountlaser.com\/wp-content\/uploads\/2025\/10\/Z14SK-RR-1-600x600.webp 600w, https:\/\/mountlaser.com\/wp-content\/uploads\/2025\/10\/Z14SK-RR-1-150x150.webp 150w, https:\/\/mountlaser.com\/wp-content\/uploads\/2025\/10\/Z14SK-RR-1-768x768.webp 768w, https:\/\/mountlaser.com\/wp-content\/uploads\/2025\/10\/Z14SK-RR-1-12x12.webp 12w\" sizes=\"(max-width: 500px) 100vw, 500px\" \/><\/p>\n<p>Si nj\u00eb Set Prizmash Metalike i Ri premium, Z14SK \u00ebsht\u00eb i pajisur me nj\u00eb priz\u00ebm preciz 64 mm, duke ofruar mund\u00ebsi t\u00eb shum\u00ebfishta sakt\u00ebsie - 2\u2033, 3\u20134\u2033 ose 5\u20138\u2033 - p\u00ebr t\u00eb p\u00ebrmbushur k\u00ebrkesat e larmishme t\u00eb projekteve t\u00eb ndryshme, nga rrjetet e kontrollit me precizion t\u00eb lart\u00eb deri te paraqitja e p\u00ebrgjithshme e nd\u00ebrtimit. Forca e tij kryesore q\u00ebndron n\u00eb fileton fem\u00ebrore t\u00eb integruar prej \u00e7eliku inox 5\/8\u2033-11, e cila garanton p\u00ebrputhshm\u00ebri t\u00eb plot\u00eb me shtyllat dhe adaptor\u00ebt standard\u00eb t\u00eb prizmave, duke siguruar nj\u00ebkoh\u00ebsisht rezistenc\u00eb superiore ndaj korrozionit dhe konsumimit.<\/p>","protected":false},"excerpt":{"rendered":"<ul>\n<li>Kodimi i dalluesh\u00ebm i ngjyrave ndihmon n\u00eb parandalimin e ngat\u00ebrresave n\u00eb vend, duke rritur efikasitetin e ekipit.<\/li>\n<li>I pajisur me nj\u00eb \u00e7ant\u00eb t\u00eb dobishme mbajt\u00ebse, ky Set i Ri Metalik Prizmash \u00ebsht\u00eb plot\u00ebsisht i pajisur p\u00ebr transport t\u00eb sigurt dhe ruajtje t\u00eb organizuar.<\/li>\n<li>Duke u siguruar q\u00eb investimi juaj \u00ebsht\u00eb i mbrojtur dhe gjithmon\u00eb i gatsh\u00ebm p\u00ebr veprim.<\/li>\n<\/ul>","protected":false},"featured_media":2677,"comment_status":"open","ping_status":"closed","template":"","meta":[],"product_brand":[],"product_cat":[72,103],"product_tag":[],"class_list":{"0":"post-2676","1":"product","2":"type-product","3":"status-publish","4":"has-post-thumbnail","6":"product_cat-reflective-target-prism","7":"product_cat-prism-assembly","9":"first","10":"instock","11":"shipping-taxable","12":"product-type-simple"},"_links":{"self":[{"href":"https:\/\/mountlaser.com\/sq\/wp-json\/wp\/v2\/product\/2676","targetHints":{"allow":["GET"]}}],"collection":[{"href":"https:\/\/mountlaser.com\/sq\/wp-json\/wp\/v2\/product"}],"about":[{"href":"https:\/\/mountlaser.com\/sq\/wp-json\/wp\/v2\/types\/product"}],"replies":[{"embeddable":true,"href":"https:\/\/mountlaser.com\/sq\/wp-json\/wp\/v2\/comments?post=2676"}],"wp:featuredmedia":[{"embeddable":true,"href":"https:\/\/mountlaser.com\/sq\/wp-json\/wp\/v2\/media\/2677"}],"wp:attachment":[{"href":"https:\/\/mountlaser.com\/sq\/wp-json\/wp\/v2\/media?parent=2676"}],"wp:term":[{"taxonomy":"product_brand","embeddable":true,"href":"https:\/\/mountlaser.com\/sq\/wp-json\/wp\/v2\/product_brand?post=2676"},{"taxonomy":"product_cat","embeddable":true,"href":"https:\/\/mountlaser.com\/sq\/wp-json\/wp\/v2\/product_cat?post=2676"},{"taxonomy":"product_tag","embeddable":true,"href":"https:\/\/mountlaser.com\/sq\/wp-json\/wp\/v2\/product_tag?post=2676"}],"curies":[{"name":"wp","href":"https:\/\/api.w.org\/{rel}","templated":true}]}}