{"id":2668,"date":"2025-10-16T08:59:36","date_gmt":"2025-10-16T08:59:36","guid":{"rendered":"https:\/\/mountlaser.com\/?post_type=product&#038;p=2668"},"modified":"2025-11-28T06:43:47","modified_gmt":"2025-11-28T06:43:47","slug":"z14pt-prism-assembly","status":"publish","type":"product","link":"https:\/\/mountlaser.com\/sq\/produkt\/z14pt-prism-assembly\/","title":{"rendered":"Asambleja e Prizm\u00ebs Z14PT"},"content":{"rendered":"<p><a href=\"https:\/\/mountlaser.com\/sq\/\"><strong>Asambleja e Prizm\u00ebs Z14PT<\/strong><\/a>Asambleja p\u00ebrfundimtare e prizm\u00ebs me precizion t\u00eb lart\u00eb<\/p>\n<p>P\u00ebrmir\u00ebsoni pun\u00ebn tuaj t\u00eb matjeve me Asamblen\u00eb Prizmike Z14PT, nj\u00eb instrument premium n\u00eb stilin japonez i projektuar p\u00ebr aplikime ku marzhi m\u00eb i vog\u00ebl i gabimit ka r\u00ebnd\u00ebsi. Ky produkt \u00ebsht\u00eb krijuar me kujdes p\u00ebr t\u00eb qen\u00eb nj\u00eb... <a href=\"https:\/\/mountlaser.com\/sq\/about-us\/\"><strong>Montim Prizmi me Precizion t\u00eb Lart\u00eb<\/strong><\/a>, duke ofruar sakt\u00ebsi dhe besueshm\u00ebri t\u00eb pakrahasueshme p\u00ebr detyrat kritike t\u00eb matjes. \u00cbsht\u00eb zgjedhja ideale p\u00ebr gjeodet\u00ebt q\u00eb k\u00ebrkojn\u00eb nivelin m\u00eb t\u00eb lart\u00eb t\u00eb integritetit t\u00eb t\u00eb dh\u00ebnave nga pajisjet e tyre.<\/p>\n<p><img fetchpriority=\"high\" decoding=\"async\" class=\"aligncenter wp-image-2673\" src=\"https:\/\/mountlaser.com\/wp-content\/uploads\/2025\/10\/Z14PT-5.webp\" alt=\"High Precision Prism Assembly\" width=\"500\" height=\"500\" srcset=\"https:\/\/mountlaser.com\/wp-content\/uploads\/2025\/10\/Z14PT-5.webp 1000w, https:\/\/mountlaser.com\/wp-content\/uploads\/2025\/10\/Z14PT-5-300x300.webp 300w, https:\/\/mountlaser.com\/wp-content\/uploads\/2025\/10\/Z14PT-5-400x400.webp 400w, https:\/\/mountlaser.com\/wp-content\/uploads\/2025\/10\/Z14PT-5-800x800.webp 800w, https:\/\/mountlaser.com\/wp-content\/uploads\/2025\/10\/Z14PT-5-600x600.webp 600w, https:\/\/mountlaser.com\/wp-content\/uploads\/2025\/10\/Z14PT-5-150x150.webp 150w, https:\/\/mountlaser.com\/wp-content\/uploads\/2025\/10\/Z14PT-5-768x768.webp 768w, https:\/\/mountlaser.com\/wp-content\/uploads\/2025\/10\/Z14PT-5-12x12.webp 12w\" sizes=\"(max-width: 500px) 100vw, 500px\" \/><\/p>\n<p>Baza e k\u00ebtij montimi \u00ebsht\u00eb nj\u00eb priz\u00ebm superior 64 mm, i disponuesh\u00ebm me vler\u00ebsime sakt\u00ebsie t\u00eb p\u00ebrzgjedhshme prej 2\u2033, 3-4\u2033 ose 5-8\u2033. Ky fleksibilitet ju lejon t\u00eb specifikoni nivelin e sakt\u00eb t\u00eb sakt\u00ebsis\u00eb s\u00eb k\u00ebrkuar p\u00ebr projektin tuaj, nga krijimi i rrjeteve t\u00eb kontrollit par\u00ebsor deri te paraqitjet e sakta inxhinierike. I projektuar p\u00ebr performanc\u00eb t\u00eb q\u00ebndrueshme, Montimi i Prizm\u00ebs Z14PT p\u00ebrmban nj\u00eb p\u00ebrshtat\u00ebs t\u00eb fort\u00eb \u00e7eliku inox me nj\u00eb fileto fem\u00ebr standarde 5\/8\u2033-11, duke siguruar p\u00ebrputhshm\u00ebri universale dhe nj\u00eb p\u00ebrshtatje t\u00eb sigurt n\u00eb t\u00eb gjitha shtyllat e zakonshme t\u00eb matjes.<\/p>","protected":false},"excerpt":{"rendered":"<ul>\n<li>Me nj\u00eb zhvendosje standarde prej 0 mm, montimi \u00ebsht\u00eb i p\u00ebrshtatsh\u00ebm n\u00eb m\u00ebnyr\u00eb t\u00eb p\u00ebrkryer p\u00ebr nj\u00eb gam\u00eb t\u00eb gjer\u00eb aplikimesh t\u00eb p\u00ebrgjithshme dhe precize t\u00eb matjeve.<\/li>\n<li>\u00c7do nj\u00ebsi vjen me nj\u00eb qese mbrojt\u00ebse p\u00ebr mbajtjen<\/li>\n<li>Duke siguruar q\u00eb Asambleja e Prizm\u00ebs Z14PT t\u00eb mbetet e sigurt nga d\u00ebmtimet gjat\u00eb transportit dhe magazinimit, gati p\u00ebr t&#039;u vendosur n\u00eb \u00e7do moment.<\/li>\n<\/ul>","protected":false},"featured_media":2672,"comment_status":"open","ping_status":"closed","template":"","meta":[],"product_brand":[],"product_cat":[72,103],"product_tag":[],"class_list":{"0":"post-2668","1":"product","2":"type-product","3":"status-publish","4":"has-post-thumbnail","6":"product_cat-reflective-target-prism","7":"product_cat-prism-assembly","9":"first","10":"instock","11":"shipping-taxable","12":"product-type-simple"},"_links":{"self":[{"href":"https:\/\/mountlaser.com\/sq\/wp-json\/wp\/v2\/product\/2668","targetHints":{"allow":["GET"]}}],"collection":[{"href":"https:\/\/mountlaser.com\/sq\/wp-json\/wp\/v2\/product"}],"about":[{"href":"https:\/\/mountlaser.com\/sq\/wp-json\/wp\/v2\/types\/product"}],"replies":[{"embeddable":true,"href":"https:\/\/mountlaser.com\/sq\/wp-json\/wp\/v2\/comments?post=2668"}],"wp:featuredmedia":[{"embeddable":true,"href":"https:\/\/mountlaser.com\/sq\/wp-json\/wp\/v2\/media\/2672"}],"wp:attachment":[{"href":"https:\/\/mountlaser.com\/sq\/wp-json\/wp\/v2\/media?parent=2668"}],"wp:term":[{"taxonomy":"product_brand","embeddable":true,"href":"https:\/\/mountlaser.com\/sq\/wp-json\/wp\/v2\/product_brand?post=2668"},{"taxonomy":"product_cat","embeddable":true,"href":"https:\/\/mountlaser.com\/sq\/wp-json\/wp\/v2\/product_cat?post=2668"},{"taxonomy":"product_tag","embeddable":true,"href":"https:\/\/mountlaser.com\/sq\/wp-json\/wp\/v2\/product_tag?post=2668"}],"curies":[{"name":"wp","href":"https:\/\/api.w.org\/{rel}","templated":true}]}}