{"id":2661,"date":"2025-10-16T08:52:50","date_gmt":"2025-10-16T08:52:50","guid":{"rendered":"https:\/\/mountlaser.com\/?post_type=product&#038;p=2661"},"modified":"2025-11-28T06:44:48","modified_gmt":"2025-11-28T06:44:48","slug":"z14bs-prism-assembly","status":"publish","type":"product","link":"https:\/\/mountlaser.com\/sq\/produkt\/z14bs-prism-assembly\/","title":{"rendered":"Asambleja e Prizm\u00ebs Z14BS"},"content":{"rendered":"<p><a href=\"https:\/\/mountlaser.com\/sq\/\"><strong>Z14BS -30mm Prism Assembly<\/strong><\/a>Precizion me Zhvendosje t\u00eb Q\u00ebllimshme<\/p>\n<p>I projektuar p\u00ebr detyra t\u00eb v\u00ebshtira matjeje, Montimi i Prizm\u00ebs Z14BS q\u00ebndron si nj\u00eb Montim Prizmi -30 mm me cil\u00ebsi t\u00eb lart\u00eb n\u00eb stilin japonez q\u00eb ofron si fleksibilitet ashtu edhe sakt\u00ebsi t\u00eb pal\u00ebkundur. Ky montim \u00ebsht\u00eb projektuar p\u00ebr t\u00eb p\u00ebrballuar sfidat e matjes ku zhvendosjet standarde nuk jan\u00eb t\u00eb mjaftueshme. \u00cbsht\u00eb i disponuesh\u00ebm n\u00eb dy kode ngjyrash t\u00eb dallueshme dhe me dukshm\u00ebri t\u00eb lart\u00eb: Montimi i Prizm\u00ebs Z14BS-RG (i Kuq-i Gjelb\u00ebr) dhe<a href=\"https:\/\/mountlaser.com\/sq\/products\/\"><strong> Montimi i Prizm\u00ebs Z14BS-RR<\/strong><\/a> (E kuqe-E kuqe), duke leht\u00ebsuar identifikimin dhe menaxhimin e leht\u00eb t\u00eb mjeteve p\u00ebr ekipet n\u00eb vend.<\/p>\n<p><img fetchpriority=\"high\" decoding=\"async\" class=\"aligncenter wp-image-2664\" src=\"https:\/\/mountlaser.com\/wp-content\/uploads\/2025\/10\/Z14BS-RG-5.webp\" alt=\"-30mm Prism Assembly\" width=\"500\" height=\"500\" srcset=\"https:\/\/mountlaser.com\/wp-content\/uploads\/2025\/10\/Z14BS-RG-5.webp 1000w, https:\/\/mountlaser.com\/wp-content\/uploads\/2025\/10\/Z14BS-RG-5-300x300.webp 300w, https:\/\/mountlaser.com\/wp-content\/uploads\/2025\/10\/Z14BS-RG-5-400x400.webp 400w, https:\/\/mountlaser.com\/wp-content\/uploads\/2025\/10\/Z14BS-RG-5-800x800.webp 800w, https:\/\/mountlaser.com\/wp-content\/uploads\/2025\/10\/Z14BS-RG-5-600x600.webp 600w, https:\/\/mountlaser.com\/wp-content\/uploads\/2025\/10\/Z14BS-RG-5-150x150.webp 150w, https:\/\/mountlaser.com\/wp-content\/uploads\/2025\/10\/Z14BS-RG-5-768x768.webp 768w, https:\/\/mountlaser.com\/wp-content\/uploads\/2025\/10\/Z14BS-RG-5-12x12.webp 12w\" sizes=\"(max-width: 500px) 100vw, 500px\" \/><\/p>\n<p>B\u00ebrthama e k\u00ebtij montimi t\u00eb fort\u00eb \u00ebsht\u00eb nj\u00eb priz\u00ebm preciz 64 mm, i ofruar me vler\u00ebsime opsionale sakt\u00ebsie prej 2\u2033, 3-4\u2033 ose 5-8\u2033. Kjo ju lejon t\u00eb zgjidhni shkall\u00ebn perfekte t\u00eb precizionit p\u00ebr gjith\u00e7ka, nga rrjetet shum\u00eb t\u00eb kontrolluara deri te planet e p\u00ebrgjithshme t\u00eb nd\u00ebrtimit. I nd\u00ebrtuar p\u00ebr jet\u00ebgjat\u00ebsi dhe besueshm\u00ebri, Montimi i Prizm\u00ebs Z14BS p\u00ebrmban nj\u00eb p\u00ebrshtat\u00ebs fem\u00ebror \u00e7eliku inox 5\/8\u2033-11 t\u00eb q\u00ebndruesh\u00ebm, duke garantuar p\u00ebrputhshm\u00ebri t\u00eb p\u00ebrsosur me t\u00eb gjitha shtyllat dhe aksesor\u00ebt standard\u00eb t\u00eb matjes.<\/p>","protected":false},"excerpt":{"rendered":"<ul>\n<li>I prodhuar nga \u00e7elik inox rezistent ndaj korrozionit, p\u00ebrshtat\u00ebsi 5\/8\u2033-11 siguron nj\u00eb lidhje t\u00eb sigurt me \u00e7do shtyll\u00eb standarde<\/li>\n<li>duke duruar v\u00ebshtir\u00ebsit\u00eb e p\u00ebrdorimit t\u00eb p\u00ebrditsh\u00ebm n\u00eb terren.<\/li>\n<li>Lart\u00ebsia e boshtit t\u00eb pjerr\u00ebt prej 100 mm siguron referenc\u00eb t\u00eb q\u00ebndrueshme dhe t\u00eb q\u00ebndrueshme t\u00eb k\u00ebndit, nj\u00eb faktor kritik p\u00ebr mbledhjen e besueshme t\u00eb t\u00eb dh\u00ebnave.<\/li>\n<\/ul>","protected":false},"featured_media":2667,"comment_status":"open","ping_status":"closed","template":"","meta":[],"product_brand":[],"product_cat":[72,103],"product_tag":[],"class_list":{"0":"post-2661","1":"product","2":"type-product","3":"status-publish","4":"has-post-thumbnail","6":"product_cat-reflective-target-prism","7":"product_cat-prism-assembly","9":"first","10":"instock","11":"shipping-taxable","12":"product-type-simple"},"_links":{"self":[{"href":"https:\/\/mountlaser.com\/sq\/wp-json\/wp\/v2\/product\/2661","targetHints":{"allow":["GET"]}}],"collection":[{"href":"https:\/\/mountlaser.com\/sq\/wp-json\/wp\/v2\/product"}],"about":[{"href":"https:\/\/mountlaser.com\/sq\/wp-json\/wp\/v2\/types\/product"}],"replies":[{"embeddable":true,"href":"https:\/\/mountlaser.com\/sq\/wp-json\/wp\/v2\/comments?post=2661"}],"wp:featuredmedia":[{"embeddable":true,"href":"https:\/\/mountlaser.com\/sq\/wp-json\/wp\/v2\/media\/2667"}],"wp:attachment":[{"href":"https:\/\/mountlaser.com\/sq\/wp-json\/wp\/v2\/media?parent=2661"}],"wp:term":[{"taxonomy":"product_brand","embeddable":true,"href":"https:\/\/mountlaser.com\/sq\/wp-json\/wp\/v2\/product_brand?post=2661"},{"taxonomy":"product_cat","embeddable":true,"href":"https:\/\/mountlaser.com\/sq\/wp-json\/wp\/v2\/product_cat?post=2661"},{"taxonomy":"product_tag","embeddable":true,"href":"https:\/\/mountlaser.com\/sq\/wp-json\/wp\/v2\/product_tag?post=2661"}],"curies":[{"name":"wp","href":"https:\/\/api.w.org\/{rel}","templated":true}]}}