{"id":2654,"date":"2025-10-16T08:22:59","date_gmt":"2025-10-16T08:22:59","guid":{"rendered":"https:\/\/mountlaser.com\/?post_type=product&#038;p=2654"},"modified":"2025-11-28T06:46:17","modified_gmt":"2025-11-28T06:46:17","slug":"z14uc-prism-assembly","status":"publish","type":"product","link":"https:\/\/mountlaser.com\/sq\/produkt\/z14uc-prism-assembly\/","title":{"rendered":"Asambleja e Prizm\u00ebs Z14UC"},"content":{"rendered":"<p><a href=\"https:\/\/mountlaser.com\/sq\/\"><strong>Asambleja e Prizm\u00ebs Z14UC<\/strong><\/a>Premium <a href=\"https:\/\/mountlaser.com\/sq\/products\/\"><strong>Set Prizmash me nj\u00eb pjerr\u00ebsi t\u00eb vetme<\/strong><\/a> p\u00ebr Sakt\u00ebsi Superiore<\/p>\n<p>Prezantojm\u00eb Montimin e Prizm\u00ebs Z14UC, nj\u00eb Set Prizmash me nj\u00eb Pjerr\u00ebsi t\u00eb Vetme n\u00eb stilin japonez, i projektuar p\u00ebr gjeodet\u00ebt q\u00eb refuzojn\u00eb t\u00eb b\u00ebjn\u00eb kompromis p\u00ebr sakt\u00ebsin\u00eb ose q\u00ebndrueshm\u00ebrin\u00eb. Ky montim ofrohet n\u00eb dy variante ngjyrash t\u00eb dallueshme dhe me dukshm\u00ebri t\u00eb lart\u00eb: Montimi i Prizm\u00ebs Z14UC-YG (Y). Kodimi i dalluesh\u00ebm i ngjyrave t\u00eb Montimit t\u00eb Prizm\u00ebs Z14UC-YG dhe Montimit t\u00eb Prizm\u00ebs Z14UC-YY thjeshton rrjedh\u00ebn e pun\u00ebs p\u00ebr ekipet q\u00eb p\u00ebrdorin konfigurime t\u00eb shum\u00ebfishta.<\/p>\n<p>I shoq\u00ebruar me nj\u00eb qese mbrojt\u00ebse mbajt\u00ebse, ky Set Prizmash me nj\u00eb pjerr\u00ebsi \u00ebsht\u00eb i pajisur n\u00eb m\u00ebnyr\u00eb t\u00eb p\u00ebrkryer si p\u00ebr ruajtje t\u00eb organizuar ashtu edhe p\u00ebr transport t\u00eb leht\u00eb midis vendeve t\u00eb pun\u00ebs (e verdh\u00eb-jeshile) dhe Asambleja e Prizmave Z14UC-YY (e verdh\u00eb-e verdh\u00eb), duke mund\u00ebsuar identifikim dhe organizim t\u00eb leht\u00eb n\u00eb \u00e7do vend pune.<\/p>\n<p><img fetchpriority=\"high\" decoding=\"async\" class=\"aligncenter wp-image-2658\" src=\"https:\/\/mountlaser.com\/wp-content\/uploads\/2025\/10\/Z14UC-YG-1.webp\" alt=\"Single Tilt Prism Set\" width=\"500\" height=\"500\" srcset=\"https:\/\/mountlaser.com\/wp-content\/uploads\/2025\/10\/Z14UC-YG-1.webp 1000w, https:\/\/mountlaser.com\/wp-content\/uploads\/2025\/10\/Z14UC-YG-1-300x300.webp 300w, https:\/\/mountlaser.com\/wp-content\/uploads\/2025\/10\/Z14UC-YG-1-400x400.webp 400w, https:\/\/mountlaser.com\/wp-content\/uploads\/2025\/10\/Z14UC-YG-1-800x800.webp 800w, https:\/\/mountlaser.com\/wp-content\/uploads\/2025\/10\/Z14UC-YG-1-600x600.webp 600w, https:\/\/mountlaser.com\/wp-content\/uploads\/2025\/10\/Z14UC-YG-1-150x150.webp 150w, https:\/\/mountlaser.com\/wp-content\/uploads\/2025\/10\/Z14UC-YG-1-768x768.webp 768w, https:\/\/mountlaser.com\/wp-content\/uploads\/2025\/10\/Z14UC-YG-1-12x12.webp 12w\" sizes=\"(max-width: 500px) 100vw, 500px\" \/><\/p>\n<p>I projektuar p\u00ebr p\u00ebrsosm\u00ebri, thelbi i k\u00ebtij montimi \u00ebsht\u00eb nj\u00eb priz\u00ebm 64 mm me precizion t\u00eb lart\u00eb. Ai ofron vler\u00ebsime sakt\u00ebsie t\u00eb p\u00ebrzgjedhshme prej 2\u2033 ose 3-4\u2033, duke u kujdesur p\u00ebr detyrat m\u00eb t\u00eb v\u00ebshtira t\u00eb matjes ku k\u00ebrkohet niveli m\u00eb i lart\u00eb i siguris\u00eb. Nd\u00ebrtimi i fort\u00eb p\u00ebrmban nj\u00eb p\u00ebrshtat\u00ebs \u00e7eliku inox me nj\u00eb fileto fem\u00ebr standarde 5\/8\u2033-11, duke siguruar rezistenc\u00eb ndaj korrozionit dhe nj\u00eb p\u00ebrshtatje t\u00eb p\u00ebrsosur me shumic\u00ebn e shtyllave t\u00eb zakonshme t\u00eb matjes.<\/p>","protected":false},"excerpt":{"rendered":"<ul>\n<li>Kodimi i dalluesh\u00ebm i ngjyrave t\u00eb Asambles\u00eb s\u00eb Prizm\u00ebs Z14UC-YG dhe Asambles\u00eb s\u00eb Prizm\u00ebs Z14UC-YY thjeshton rrjedh\u00ebn e pun\u00ebs p\u00ebr ekipet q\u00eb p\u00ebrdorin konfigurime t\u00eb shum\u00ebfishta.<\/li>\n<li>I shoq\u00ebruar me nj\u00eb qese mbrojt\u00ebse p\u00ebr mbajtjen<\/li>\n<li>Ky Set Prizmash me Nj\u00eb Anim \u00ebsht\u00eb i pajisur n\u00eb m\u00ebnyr\u00eb t\u00eb p\u00ebrkryer si p\u00ebr ruajtje t\u00eb organizuar ashtu edhe p\u00ebr transport t\u00eb leht\u00eb midis vendeve t\u00eb pun\u00ebs.<\/li>\n<\/ul>","protected":false},"featured_media":2659,"comment_status":"open","ping_status":"closed","template":"","meta":[],"product_brand":[],"product_cat":[72,103],"product_tag":[],"class_list":{"0":"post-2654","1":"product","2":"type-product","3":"status-publish","4":"has-post-thumbnail","6":"product_cat-reflective-target-prism","7":"product_cat-prism-assembly","9":"first","10":"instock","11":"shipping-taxable","12":"product-type-simple"},"_links":{"self":[{"href":"https:\/\/mountlaser.com\/sq\/wp-json\/wp\/v2\/product\/2654","targetHints":{"allow":["GET"]}}],"collection":[{"href":"https:\/\/mountlaser.com\/sq\/wp-json\/wp\/v2\/product"}],"about":[{"href":"https:\/\/mountlaser.com\/sq\/wp-json\/wp\/v2\/types\/product"}],"replies":[{"embeddable":true,"href":"https:\/\/mountlaser.com\/sq\/wp-json\/wp\/v2\/comments?post=2654"}],"wp:featuredmedia":[{"embeddable":true,"href":"https:\/\/mountlaser.com\/sq\/wp-json\/wp\/v2\/media\/2659"}],"wp:attachment":[{"href":"https:\/\/mountlaser.com\/sq\/wp-json\/wp\/v2\/media?parent=2654"}],"wp:term":[{"taxonomy":"product_brand","embeddable":true,"href":"https:\/\/mountlaser.com\/sq\/wp-json\/wp\/v2\/product_brand?post=2654"},{"taxonomy":"product_cat","embeddable":true,"href":"https:\/\/mountlaser.com\/sq\/wp-json\/wp\/v2\/product_cat?post=2654"},{"taxonomy":"product_tag","embeddable":true,"href":"https:\/\/mountlaser.com\/sq\/wp-json\/wp\/v2\/product_tag?post=2654"}],"curies":[{"name":"wp","href":"https:\/\/api.w.org\/{rel}","templated":true}]}}