{"id":2638,"date":"2025-10-16T08:05:14","date_gmt":"2025-10-16T08:05:14","guid":{"rendered":"https:\/\/mountlaser.com\/?post_type=product&#038;p=2638"},"modified":"2025-11-28T06:47:20","modified_gmt":"2025-11-28T06:47:20","slug":"z34b-prism-assembly","status":"publish","type":"product","link":"https:\/\/mountlaser.com\/sq\/produkt\/z34b-prism-assembly\/","title":{"rendered":"Asambleja e Prizm\u00ebs Z34B"},"content":{"rendered":"<p>P\u00ebrmir\u00ebsoni projektet tuaja t\u00eb matjeve me<a href=\"https:\/\/mountlaser.com\/sq\/\"><strong> Asambleja e Prizm\u00ebs Z34B<\/strong><\/a>, nj\u00eb sistem prizmash t\u00eb trefisht\u00eb me precizion t\u00eb lart\u00eb n\u00eb stilin japonez, i projektuar p\u00ebr aplikime t\u00eb k\u00ebrkuara. Ky montim i fuqish\u00ebm \u00ebsht\u00eb projektuar p\u00ebr t\u00eb ofruar sakt\u00ebsi dhe shkatht\u00ebsi t\u00eb jasht\u00ebzakonshme n\u00eb terren.<\/p>\n<p><a href=\"https:\/\/mountlaser.com\/sq\/products\/\"><strong>Montim Prizmi i Trefisht\u00eb i Anuar<\/strong><\/a> Ky kombinim i optik\u00ebs s\u00eb cil\u00ebsis\u00eb s\u00eb lart\u00eb, aft\u00ebsive t\u00eb gjithanshme t\u00eb animit dhe zhvendosjes, si dhe nd\u00ebrtimit t\u00eb fort\u00eb e b\u00ebn Montimin e Prizm\u00ebs s\u00eb Trefisht\u00eb me Anim nj\u00eb mjet t\u00eb domosdosh\u00ebm p\u00ebr studime topografike, planifikim nd\u00ebrtimi dhe detyra t\u00eb tjera matjeje precize.<\/p>\n<p><img fetchpriority=\"high\" decoding=\"async\" class=\"wp-image-2693 aligncenter\" src=\"https:\/\/mountlaser.com\/wp-content\/uploads\/2025\/10\/Z34B-YY-2.webp\" alt=\"Tilting Triple Prism Assembly\" width=\"500\" height=\"500\" srcset=\"https:\/\/mountlaser.com\/wp-content\/uploads\/2025\/10\/Z34B-YY-2.webp 1000w, https:\/\/mountlaser.com\/wp-content\/uploads\/2025\/10\/Z34B-YY-2-300x300.webp 300w, https:\/\/mountlaser.com\/wp-content\/uploads\/2025\/10\/Z34B-YY-2-400x400.webp 400w, https:\/\/mountlaser.com\/wp-content\/uploads\/2025\/10\/Z34B-YY-2-800x800.webp 800w, https:\/\/mountlaser.com\/wp-content\/uploads\/2025\/10\/Z34B-YY-2-600x600.webp 600w, https:\/\/mountlaser.com\/wp-content\/uploads\/2025\/10\/Z34B-YY-2-150x150.webp 150w, https:\/\/mountlaser.com\/wp-content\/uploads\/2025\/10\/Z34B-YY-2-768x768.webp 768w, https:\/\/mountlaser.com\/wp-content\/uploads\/2025\/10\/Z34B-YY-2-12x12.webp 12w\" sizes=\"(max-width: 500px) 100vw, 500px\" \/><\/p>\n<p>Mount Laser ofron p\u00ebr Asamblen\u00eb e Prizm\u00ebs Z34B dy modele t\u00eb dallueshme me kode ngjyrash p\u00ebr identifikim t\u00eb leht\u00eb: <a href=\"https:\/\/mountlaser.com\/sq\/contact-us\/\">Asambleja e Prizm\u00ebs Z34B-YY<\/a> (E verdh\u00eb-E verdh\u00eb) dhe Montimi i Prizm\u00ebs Z34B-YY (E kuqe-E verdh\u00eb), duke siguruar q\u00eb t\u00eb keni mjetin e duhur p\u00ebr k\u00ebrkesat tuaja specifike t\u00eb rrjedh\u00ebs s\u00eb pun\u00ebs.<\/p>","protected":false},"excerpt":{"rendered":"<ul>\n<li>P\u00ebrshtat\u00ebsi i integruar fem\u00ebror prej \u00e7eliku inox 5\/8\u2033-11 siguron nj\u00eb p\u00ebrshtatje t\u00eb sigurt n\u00eb \u00e7do shtyll\u00eb ose p\u00ebrshtat\u00ebs standard t\u00eb prizmit 5\/8\u2033-11.<\/li>\n<li>duke garantuar integrim t\u00eb p\u00ebrsosur me pajisjet tuaja ekzistuese.<\/li>\n<li>Montimi i Prizm\u00ebs Z34B ofron p\u00ebrshtatshm\u00ebrin\u00eb e nevojshme p\u00ebr t\u00eb p\u00ebrballuar detyra komplekse t\u00eb matjes, nga shtrirjet sip\u00ebrfaq\u00ebsore deri te pun\u00ebt e nd\u00ebrlikuara t\u00eb planifikimit.<\/li>\n<\/ul>","protected":false},"featured_media":2698,"comment_status":"open","ping_status":"closed","template":"","meta":[],"product_brand":[],"product_cat":[72,103],"product_tag":[],"class_list":{"0":"post-2638","1":"product","2":"type-product","3":"status-publish","4":"has-post-thumbnail","6":"product_cat-reflective-target-prism","7":"product_cat-prism-assembly","9":"first","10":"instock","11":"shipping-taxable","12":"product-type-simple"},"_links":{"self":[{"href":"https:\/\/mountlaser.com\/sq\/wp-json\/wp\/v2\/product\/2638","targetHints":{"allow":["GET"]}}],"collection":[{"href":"https:\/\/mountlaser.com\/sq\/wp-json\/wp\/v2\/product"}],"about":[{"href":"https:\/\/mountlaser.com\/sq\/wp-json\/wp\/v2\/types\/product"}],"replies":[{"embeddable":true,"href":"https:\/\/mountlaser.com\/sq\/wp-json\/wp\/v2\/comments?post=2638"}],"wp:featuredmedia":[{"embeddable":true,"href":"https:\/\/mountlaser.com\/sq\/wp-json\/wp\/v2\/media\/2698"}],"wp:attachment":[{"href":"https:\/\/mountlaser.com\/sq\/wp-json\/wp\/v2\/media?parent=2638"}],"wp:term":[{"taxonomy":"product_brand","embeddable":true,"href":"https:\/\/mountlaser.com\/sq\/wp-json\/wp\/v2\/product_brand?post=2638"},{"taxonomy":"product_cat","embeddable":true,"href":"https:\/\/mountlaser.com\/sq\/wp-json\/wp\/v2\/product_cat?post=2638"},{"taxonomy":"product_tag","embeddable":true,"href":"https:\/\/mountlaser.com\/sq\/wp-json\/wp\/v2\/product_tag?post=2638"}],"curies":[{"name":"wp","href":"https:\/\/api.w.org\/{rel}","templated":true}]}}