{"id":2629,"date":"2025-10-14T09:27:02","date_gmt":"2025-10-14T09:27:02","guid":{"rendered":"https:\/\/mountlaser.com\/?post_type=product&#038;p=2629"},"modified":"2025-11-28T06:48:18","modified_gmt":"2025-11-28T06:48:18","slug":"z14ub-prism-assembly","status":"publish","type":"product","link":"https:\/\/mountlaser.com\/sq\/produkt\/z14ub-prism-assembly\/","title":{"rendered":"Asambleja e Prizm\u00ebs Z14UB"},"content":{"rendered":"<p><a href=\"https:\/\/mountlaser.com\/sq\/\">Z14UB <strong>Prizm i vet\u00ebm metalik me pjerr\u00ebsi t\u00eb vetme<\/strong> <\/a>| Montim i q\u00ebndruesh\u00ebm 64 mm p\u00ebr matje precize<\/p>\n<p>I\/E\/T\u00eb\/T\u00eb <a href=\"https:\/\/mountlaser.com\/sq\/products\/\"><strong>Asambleja e Prizm\u00ebs Z14UB<\/strong><\/a> q\u00ebndron si nj\u00eb zgjidhje e fuqishme, t\u00ebr\u00ebsisht metalike n\u00eb bot\u00ebn e matjeve precize. Ky Prizm me nj\u00eb pjerr\u00ebsi t\u00eb vetme, t\u00ebr\u00ebsisht metalik, me cil\u00ebsi t\u00eb lart\u00eb, \u00ebsht\u00eb projektuar p\u00ebr q\u00ebndrueshm\u00ebri dhe sakt\u00ebsi, duke paraqitur nj\u00eb dizajn n\u00eb stilin japonez t\u00eb nd\u00ebrtuar p\u00ebr t&#039;i b\u00ebr\u00eb ball\u00eb p\u00ebrdorimit rigoroz n\u00eb terren. \u00cbsht\u00eb i disponuesh\u00ebm n\u00eb dy modele t\u00eb dallueshme me kode ngjyrash p\u00ebr koordinim optimal t\u00eb ekipit dhe identifikim t\u00eb leht\u00eb: Asambleja e Prizmit Z14UB-YY (e Verdh\u00eb-e Verdh\u00eb) dhe Asambleja e Prizmit Z14UB-RO (e Kuqe-Portokalli). Pavar\u00ebsisht n\u00ebse ekipi juaj \u00ebsht\u00eb i pajisur me Asamblen\u00eb e Prizmit Z14UB-YY shum\u00eb t\u00eb dukshme ose me Asamblen\u00eb e Prizmit Z14UB-RO, juve ju garantohet nj\u00eb performanc\u00eb e q\u00ebndrueshme dhe e besueshme.<\/p>\n<p><img fetchpriority=\"high\" decoding=\"async\" class=\"aligncenter wp-image-2633\" src=\"https:\/\/mountlaser.com\/wp-content\/uploads\/2025\/10\/Z14UB-RO-2.webp\" alt=\"All-Metal Single Tilt Prism \" width=\"500\" height=\"500\" srcset=\"https:\/\/mountlaser.com\/wp-content\/uploads\/2025\/10\/Z14UB-RO-2.webp 1000w, https:\/\/mountlaser.com\/wp-content\/uploads\/2025\/10\/Z14UB-RO-2-300x300.webp 300w, https:\/\/mountlaser.com\/wp-content\/uploads\/2025\/10\/Z14UB-RO-2-400x400.webp 400w, https:\/\/mountlaser.com\/wp-content\/uploads\/2025\/10\/Z14UB-RO-2-800x800.webp 800w, https:\/\/mountlaser.com\/wp-content\/uploads\/2025\/10\/Z14UB-RO-2-600x600.webp 600w, https:\/\/mountlaser.com\/wp-content\/uploads\/2025\/10\/Z14UB-RO-2-150x150.webp 150w, https:\/\/mountlaser.com\/wp-content\/uploads\/2025\/10\/Z14UB-RO-2-768x768.webp 768w, https:\/\/mountlaser.com\/wp-content\/uploads\/2025\/10\/Z14UB-RO-2-12x12.webp 12w\" sizes=\"(max-width: 500px) 100vw, 500px\" \/><\/p>\n<p>I projektuar rreth nj\u00eb <a href=\"https:\/\/mountlaser.com\/sq\/contact-us\/\">priz\u00ebm preciz 64 mm<\/a>, kjo montim ofron performanc\u00ebn optike t\u00eb jasht\u00ebzakonshme t\u00eb nevojshme p\u00ebr detyrat kritike t\u00eb matjes, duke e b\u00ebr\u00eb at\u00eb nj\u00eb mjet t\u00eb domosdosh\u00ebm p\u00ebr nd\u00ebrtimin, inxhinierin\u00eb dhe studimet topografike.<\/p>","protected":false},"excerpt":{"rendered":"<ul>\n<li>Pozicionim i gjithansh\u00ebm: Mb\u00ebshtet zhvendosjet 0 mm dhe -30 mm dhe ofrohet me nj\u00eb lart\u00ebsi t\u00eb boshtit t\u00eb pjerr\u00ebt prej 100 mm p\u00ebr konfigurim fleksib\u00ebl dhe t\u00eb sakt\u00eb n\u00eb skenar\u00eb t\u00eb ndrysh\u00ebm.<\/li>\n<li>Gati p\u00ebr n\u00eb terren: I paketuar me nj\u00eb \u00e7ant\u00eb t\u00eb p\u00ebrshtatshme p\u00ebr vendosje t\u00eb menj\u00ebhershme dhe mbrojtje t\u00eb besueshme gjat\u00eb transportit dhe magazinimit.<\/li>\n<\/ul>","protected":false},"featured_media":2630,"comment_status":"open","ping_status":"closed","template":"","meta":[],"product_brand":[],"product_cat":[103,72],"product_tag":[],"class_list":{"0":"post-2629","1":"product","2":"type-product","3":"status-publish","4":"has-post-thumbnail","6":"product_cat-prism-assembly","7":"product_cat-reflective-target-prism","9":"first","10":"instock","11":"shipping-taxable","12":"product-type-simple"},"_links":{"self":[{"href":"https:\/\/mountlaser.com\/sq\/wp-json\/wp\/v2\/product\/2629","targetHints":{"allow":["GET"]}}],"collection":[{"href":"https:\/\/mountlaser.com\/sq\/wp-json\/wp\/v2\/product"}],"about":[{"href":"https:\/\/mountlaser.com\/sq\/wp-json\/wp\/v2\/types\/product"}],"replies":[{"embeddable":true,"href":"https:\/\/mountlaser.com\/sq\/wp-json\/wp\/v2\/comments?post=2629"}],"wp:featuredmedia":[{"embeddable":true,"href":"https:\/\/mountlaser.com\/sq\/wp-json\/wp\/v2\/media\/2630"}],"wp:attachment":[{"href":"https:\/\/mountlaser.com\/sq\/wp-json\/wp\/v2\/media?parent=2629"}],"wp:term":[{"taxonomy":"product_brand","embeddable":true,"href":"https:\/\/mountlaser.com\/sq\/wp-json\/wp\/v2\/product_brand?post=2629"},{"taxonomy":"product_cat","embeddable":true,"href":"https:\/\/mountlaser.com\/sq\/wp-json\/wp\/v2\/product_cat?post=2629"},{"taxonomy":"product_tag","embeddable":true,"href":"https:\/\/mountlaser.com\/sq\/wp-json\/wp\/v2\/product_tag?post=2629"}],"curies":[{"name":"wp","href":"https:\/\/api.w.org\/{rel}","templated":true}]}}