{"id":2622,"date":"2025-10-14T09:14:49","date_gmt":"2025-10-14T09:14:49","guid":{"rendered":"https:\/\/mountlaser.com\/?post_type=product&#038;p=2622"},"modified":"2025-11-28T06:49:44","modified_gmt":"2025-11-28T06:49:44","slug":"z14u-prism-assembly","status":"publish","type":"product","link":"https:\/\/mountlaser.com\/sq\/produkt\/z14u-prism-assembly\/","title":{"rendered":"Asambleja e Prizm\u00ebs Z14U"},"content":{"rendered":"<p><a href=\"https:\/\/mountlaser.com\/sq\/\"><strong>Asambleja e Prizm\u00ebs Z14U<\/strong><\/a> | Prizm 64 mm me precizion t\u00eb lart\u00eb p\u00ebr matje profesionale<\/p>\n<p>Montimi i Prizm\u00ebs Z14U \u00ebsht\u00eb nj\u00eb aksesor p\u00ebr matje me performanc\u00eb t\u00eb lart\u00eb, i projektuar p\u00ebr profesionist\u00ebt q\u00eb k\u00ebrkojn\u00eb sakt\u00ebsi t\u00eb pal\u00ebkundur dhe nd\u00ebrtim t\u00eb fort\u00eb. Ky montim ofrohet n\u00eb dy modele t\u00eb dallueshme me kode ngjyrash p\u00ebr t\u00eb p\u00ebrmir\u00ebsuar identifikimin e fush\u00ebs dhe rrjedh\u00ebn e pun\u00ebs: Montimi i Prizm\u00ebs Z14U-RO (i Kuq-Portokalli) dhe Montimi i Prizm\u00ebs Z14U-YY (i Verdh\u00eb-i Verdh\u00eb). Pavar\u00ebsisht n\u00ebse zgjidhni modelin shum\u00eb t\u00eb duksh\u00ebm... <a href=\"https:\/\/mountlaser.com\/sq\/products\/\"><strong>Asambleja e Prizm\u00ebs Z14U-RO<\/strong> <\/a>ose me Asamblen\u00eb e Prizm\u00ebs Z14U-YY, ju garantohet nj\u00eb mjet i nd\u00ebrtuar sipas standardeve m\u00eb t\u00eb larta.<\/p>\n<p><img fetchpriority=\"high\" decoding=\"async\" class=\"aligncenter wp-image-2623\" src=\"https:\/\/mountlaser.com\/wp-content\/uploads\/2025\/10\/Z14U-YY-1.webp\" alt=\"Z14U Prism Assmbly\" width=\"500\" height=\"500\" srcset=\"https:\/\/mountlaser.com\/wp-content\/uploads\/2025\/10\/Z14U-YY-1.webp 1000w, https:\/\/mountlaser.com\/wp-content\/uploads\/2025\/10\/Z14U-YY-1-300x300.webp 300w, https:\/\/mountlaser.com\/wp-content\/uploads\/2025\/10\/Z14U-YY-1-400x400.webp 400w, https:\/\/mountlaser.com\/wp-content\/uploads\/2025\/10\/Z14U-YY-1-800x800.webp 800w, https:\/\/mountlaser.com\/wp-content\/uploads\/2025\/10\/Z14U-YY-1-600x600.webp 600w, https:\/\/mountlaser.com\/wp-content\/uploads\/2025\/10\/Z14U-YY-1-150x150.webp 150w, https:\/\/mountlaser.com\/wp-content\/uploads\/2025\/10\/Z14U-YY-1-768x768.webp 768w, https:\/\/mountlaser.com\/wp-content\/uploads\/2025\/10\/Z14U-YY-1-12x12.webp 12w\" sizes=\"(max-width: 500px) 100vw, 500px\" \/><\/p>\n<p>I projektuar me nj\u00eb priz\u00ebm preciz 64 mm, ky montim \u00ebsht\u00eb i aft\u00eb t\u00eb trajtoj\u00eb detyrat m\u00eb t\u00eb v\u00ebshtira t\u00eb matjes, duke ofruar t\u00eb dh\u00ebna t\u00eb besueshme n\u00eb vende t\u00eb ndryshme topografike dhe nd\u00ebrtimi. Dizajni i tij i q\u00ebndruesh\u00ebm siguron performanc\u00eb afatgjat\u00eb, duke e b\u00ebr\u00eb at\u00eb nj\u00eb zgjedhje t\u00eb besueshme p\u00ebr p\u00ebrdorim t\u00eb p\u00ebrditsh\u00ebm.<\/p>\n<p><img decoding=\"async\" class=\"aligncenter wp-image-2627\" src=\"https:\/\/mountlaser.com\/wp-content\/uploads\/2025\/10\/Z14U-RO-2.webp\" alt=\"Z14U Prism Assmbly\" width=\"500\" height=\"500\" srcset=\"https:\/\/mountlaser.com\/wp-content\/uploads\/2025\/10\/Z14U-RO-2.webp 800w, https:\/\/mountlaser.com\/wp-content\/uploads\/2025\/10\/Z14U-RO-2-300x300.webp 300w, https:\/\/mountlaser.com\/wp-content\/uploads\/2025\/10\/Z14U-RO-2-400x400.webp 400w, https:\/\/mountlaser.com\/wp-content\/uploads\/2025\/10\/Z14U-RO-2-600x600.webp 600w, https:\/\/mountlaser.com\/wp-content\/uploads\/2025\/10\/Z14U-RO-2-150x150.webp 150w, https:\/\/mountlaser.com\/wp-content\/uploads\/2025\/10\/Z14U-RO-2-768x768.webp 768w, https:\/\/mountlaser.com\/wp-content\/uploads\/2025\/10\/Z14U-RO-2-12x12.webp 12w\" sizes=\"(max-width: 500px) 100vw, 500px\" \/><\/p>","protected":false},"excerpt":{"rendered":"<ul>\n<li>Paraqet nj\u00eb zhvendosje t\u00eb prizm\u00ebs t\u00eb p\u00ebrzgjedhshme prej 0 mm ose -30 mm dhe nj\u00eb lart\u00ebsi t\u00eb boshtit t\u00eb pjerr\u00ebt prej 100 mm p\u00ebr konfigurim t\u00eb gjithansh\u00ebm dhe synim t\u00eb sakt\u00eb.<\/li>\n<li>Transportueshm\u00ebri e plot\u00eb: P\u00ebrfshin nj\u00eb \u00e7ant\u00eb mbajt\u00ebse t\u00eb q\u00ebndrueshme p\u00ebr mbrojtje superiore dhe transport t\u00eb leht\u00eb t\u00eb nj\u00ebsis\u00eb midis vendeve t\u00eb pun\u00ebs.<\/li>\n<\/ul>","protected":false},"featured_media":2625,"comment_status":"open","ping_status":"closed","template":"","meta":[],"product_brand":[],"product_cat":[103,72],"product_tag":[],"class_list":{"0":"post-2622","1":"product","2":"type-product","3":"status-publish","4":"has-post-thumbnail","6":"product_cat-prism-assembly","7":"product_cat-reflective-target-prism","9":"first","10":"instock","11":"shipping-taxable","12":"product-type-simple"},"_links":{"self":[{"href":"https:\/\/mountlaser.com\/sq\/wp-json\/wp\/v2\/product\/2622","targetHints":{"allow":["GET"]}}],"collection":[{"href":"https:\/\/mountlaser.com\/sq\/wp-json\/wp\/v2\/product"}],"about":[{"href":"https:\/\/mountlaser.com\/sq\/wp-json\/wp\/v2\/types\/product"}],"replies":[{"embeddable":true,"href":"https:\/\/mountlaser.com\/sq\/wp-json\/wp\/v2\/comments?post=2622"}],"wp:featuredmedia":[{"embeddable":true,"href":"https:\/\/mountlaser.com\/sq\/wp-json\/wp\/v2\/media\/2625"}],"wp:attachment":[{"href":"https:\/\/mountlaser.com\/sq\/wp-json\/wp\/v2\/media?parent=2622"}],"wp:term":[{"taxonomy":"product_brand","embeddable":true,"href":"https:\/\/mountlaser.com\/sq\/wp-json\/wp\/v2\/product_brand?post=2622"},{"taxonomy":"product_cat","embeddable":true,"href":"https:\/\/mountlaser.com\/sq\/wp-json\/wp\/v2\/product_cat?post=2622"},{"taxonomy":"product_tag","embeddable":true,"href":"https:\/\/mountlaser.com\/sq\/wp-json\/wp\/v2\/product_tag?post=2622"}],"curies":[{"name":"wp","href":"https:\/\/api.w.org\/{rel}","templated":true}]}}