{"id":2615,"date":"2025-10-14T08:56:06","date_gmt":"2025-10-14T08:56:06","guid":{"rendered":"https:\/\/mountlaser.com\/?post_type=product&#038;p=2615"},"modified":"2025-11-28T06:50:47","modified_gmt":"2025-11-28T06:50:47","slug":"z14b-prism-assembly","status":"publish","type":"product","link":"https:\/\/mountlaser.com\/sq\/produkt\/z14b-prism-assembly\/","title":{"rendered":"Asambleja e Prizm\u00ebs Z14B"},"content":{"rendered":"<p>I\/E\/T\u00eb\/T\u00eb <a href=\"https:\/\/mountlaser.com\/sq\/about-us\/\"><strong>Asambleja e Prizm\u00ebs Z14B<\/strong><\/a> \u00ebsht\u00eb nj\u00eb Asamble Prizmi Reflektori e projektuar me precizion, e projektuar p\u00ebr gjeodet\u00ebt q\u00eb nuk mund t\u00eb b\u00ebjn\u00eb kompromis p\u00ebr sakt\u00ebsin\u00eb ose q\u00ebndrueshm\u00ebrin\u00eb. Kjo Asamble Prizmi Reflektori me cil\u00ebsi t\u00eb lart\u00eb \u00ebsht\u00eb nd\u00ebrtuar rreth nj\u00eb prizmi superior 64 mm dhe \u00ebsht\u00eb e disponueshme n\u00eb dy modele t\u00eb dallueshme, me kode ngjyrash p\u00ebr identifikim t\u00eb leht\u00eb t\u00eb fush\u00ebs: Asambleja e Prizmit Z14B-YY (e Verdh\u00eb-e Verdh\u00eb) dhe Asambleja e Prizmit Z14B-YW (e Verdh\u00eb-e Bardh\u00eb). Nj\u00eb tipar ky\u00e7 \u00ebsht\u00eb dizajni i saj i sh\u00ebrbyesh\u00ebm, duke lejuar z\u00ebvend\u00ebsim t\u00eb leht\u00eb me Prizmin C14B-YY, i cili zgjat jet\u00ebgjat\u00ebsin\u00eb e produktit dhe zvog\u00eblon kostot afatgjata.<\/p>\n<p><img fetchpriority=\"high\" decoding=\"async\" class=\"aligncenter wp-image-2619\" src=\"https:\/\/mountlaser.com\/wp-content\/uploads\/2025\/10\/Z15UB-YY-2-1.webp\" alt=\"Reflector Prism Assembly\" width=\"500\" height=\"500\" srcset=\"https:\/\/mountlaser.com\/wp-content\/uploads\/2025\/10\/Z15UB-YY-2-1.webp 1000w, https:\/\/mountlaser.com\/wp-content\/uploads\/2025\/10\/Z15UB-YY-2-1-300x300.webp 300w, https:\/\/mountlaser.com\/wp-content\/uploads\/2025\/10\/Z15UB-YY-2-1-400x400.webp 400w, https:\/\/mountlaser.com\/wp-content\/uploads\/2025\/10\/Z15UB-YY-2-1-800x800.webp 800w, https:\/\/mountlaser.com\/wp-content\/uploads\/2025\/10\/Z15UB-YY-2-1-600x600.webp 600w, https:\/\/mountlaser.com\/wp-content\/uploads\/2025\/10\/Z15UB-YY-2-1-150x150.webp 150w, https:\/\/mountlaser.com\/wp-content\/uploads\/2025\/10\/Z15UB-YY-2-1-768x768.webp 768w, https:\/\/mountlaser.com\/wp-content\/uploads\/2025\/10\/Z15UB-YY-2-1-12x12.webp 12w\" sizes=\"(max-width: 500px) 100vw, 500px\" \/><\/p>\n<p>I nd\u00ebrtuar me nj\u00eb stend\u00eb t\u00eb fort\u00eb n\u00eb stilin japonez, ky profesionist <a href=\"https:\/\/mountlaser.com\/sq\/products\/\"><strong>Montimi i Prizm\u00ebs Reflektuese<\/strong><\/a> \u00ebsht\u00eb nd\u00ebrtuar p\u00ebr t\u00eb ofruar performanc\u00eb t\u00eb besueshme n\u00eb mjediset m\u00eb sfiduese, duke siguruar integritetin e t\u00eb dh\u00ebnave tuaja q\u00eb nga konfigurimi deri n\u00eb p\u00ebrfundim.<\/p>","protected":false},"excerpt":{"rendered":"<ul>\n<li>Ofron zgjedhje zhvendosjeje 0 mm ose -30 mm dhe nj\u00eb lart\u00ebsi boshti t\u00eb pjerr\u00ebt 100 mm p\u00ebr pozicionim t\u00eb gjithansh\u00ebm dhe referenc\u00eb t\u00eb sakt\u00eb t\u00eb k\u00ebndit.<\/li>\n<li>I disponuesh\u00ebm me nj\u00eb zgjedhje midis prizmit t\u00eb veshur me bak\u00ebr ose t\u00eb veshur me argjend p\u00ebr t\u00eb optimizuar performanc\u00ebn p\u00ebr gjat\u00ebsin\u00eb e val\u00ebs specifike t\u00eb matjes dhe kushtet mjedisore.<\/li>\n<\/ul>","protected":false},"featured_media":2618,"comment_status":"open","ping_status":"closed","template":"","meta":[],"product_brand":[],"product_cat":[72,103],"product_tag":[],"class_list":{"0":"post-2615","1":"product","2":"type-product","3":"status-publish","4":"has-post-thumbnail","6":"product_cat-reflective-target-prism","7":"product_cat-prism-assembly","9":"first","10":"instock","11":"shipping-taxable","12":"product-type-simple"},"_links":{"self":[{"href":"https:\/\/mountlaser.com\/sq\/wp-json\/wp\/v2\/product\/2615","targetHints":{"allow":["GET"]}}],"collection":[{"href":"https:\/\/mountlaser.com\/sq\/wp-json\/wp\/v2\/product"}],"about":[{"href":"https:\/\/mountlaser.com\/sq\/wp-json\/wp\/v2\/types\/product"}],"replies":[{"embeddable":true,"href":"https:\/\/mountlaser.com\/sq\/wp-json\/wp\/v2\/comments?post=2615"}],"wp:featuredmedia":[{"embeddable":true,"href":"https:\/\/mountlaser.com\/sq\/wp-json\/wp\/v2\/media\/2618"}],"wp:attachment":[{"href":"https:\/\/mountlaser.com\/sq\/wp-json\/wp\/v2\/media?parent=2615"}],"wp:term":[{"taxonomy":"product_brand","embeddable":true,"href":"https:\/\/mountlaser.com\/sq\/wp-json\/wp\/v2\/product_brand?post=2615"},{"taxonomy":"product_cat","embeddable":true,"href":"https:\/\/mountlaser.com\/sq\/wp-json\/wp\/v2\/product_cat?post=2615"},{"taxonomy":"product_tag","embeddable":true,"href":"https:\/\/mountlaser.com\/sq\/wp-json\/wp\/v2\/product_tag?post=2615"}],"curies":[{"name":"wp","href":"https:\/\/api.w.org\/{rel}","templated":true}]}}