{"id":2607,"date":"2025-10-14T08:14:59","date_gmt":"2025-10-14T08:14:59","guid":{"rendered":"https:\/\/mountlaser.com\/?post_type=product&#038;p=2607"},"modified":"2025-11-28T06:57:39","modified_gmt":"2025-11-28T06:57:39","slug":"z15ud-prism-assembly","status":"publish","type":"product","link":"https:\/\/mountlaser.com\/sq\/produkt\/z15ud-prism-assembly\/","title":{"rendered":"Asambleja e Prizm\u00ebs Z15UD"},"content":{"rendered":"<p>I\/E\/T\u00eb\/T\u00eb <a href=\"https:\/\/mountlaser.com\/sq\/products\/\"><strong>Asambleja e Prizm\u00ebs Z15UD<\/strong><\/a> nga nj\u00eb prodhues kryesor i montimit t\u00eb prizmave<\/p>\n<p>Z15UD p\u00ebrfaq\u00ebson angazhimin ndaj cil\u00ebsis\u00eb dhe precizitetit nga nj\u00eb Prodhues i besuar i Asambles\u00eb s\u00eb Prizmave. I projektuar p\u00ebr profesionist\u00ebt e gjeodetis\u00eb q\u00eb k\u00ebrkojn\u00eb performanc\u00eb t\u00eb besueshme n\u00eb terren, ky asamble kombinon nj\u00eb priz\u00ebm t\u00eb cil\u00ebsis\u00eb s\u00eb lart\u00eb 64 mm me nj\u00eb stend\u00eb t\u00eb fort\u00eb n\u00eb stilin japonez. Si nj\u00eb Z15UD i dedikuar, ne ofrojm\u00eb k\u00ebt\u00eb mjet preciz n\u00eb dy modele t\u00eb dallueshme me kode ngjyrash p\u00ebr identifikim t\u00eb leht\u00eb: Asambleja e Prizmave Z15UD-RR (e Kuqe-e Kuqe) dhe Asambleja e Prizmave Z15UD-YB (e Verdh\u00eb-e Zez\u00eb).<\/p>\n<p><img fetchpriority=\"high\" decoding=\"async\" class=\"aligncenter wp-image-2609\" src=\"https:\/\/mountlaser.com\/wp-content\/uploads\/2025\/10\/Z15UD-YB-2.webp\" alt=\"Prism Assembly Manufacturer\" width=\"500\" height=\"500\" srcset=\"https:\/\/mountlaser.com\/wp-content\/uploads\/2025\/10\/Z15UD-YB-2.webp 1000w, https:\/\/mountlaser.com\/wp-content\/uploads\/2025\/10\/Z15UD-YB-2-300x300.webp 300w, https:\/\/mountlaser.com\/wp-content\/uploads\/2025\/10\/Z15UD-YB-2-400x400.webp 400w, https:\/\/mountlaser.com\/wp-content\/uploads\/2025\/10\/Z15UD-YB-2-800x800.webp 800w, https:\/\/mountlaser.com\/wp-content\/uploads\/2025\/10\/Z15UD-YB-2-600x600.webp 600w, https:\/\/mountlaser.com\/wp-content\/uploads\/2025\/10\/Z15UD-YB-2-150x150.webp 150w, https:\/\/mountlaser.com\/wp-content\/uploads\/2025\/10\/Z15UD-YB-2-768x768.webp 768w, https:\/\/mountlaser.com\/wp-content\/uploads\/2025\/10\/Z15UD-YB-2-12x12.webp 12w\" sizes=\"(max-width: 500px) 100vw, 500px\" \/><\/p>\n<p>I nd\u00ebrtuar p\u00ebr t&#039;i b\u00ebr\u00eb ball\u00eb kushteve t\u00eb v\u00ebshtira t\u00eb vendit, ky produkt ilustron q\u00ebndrueshm\u00ebrin\u00eb dhe v\u00ebmendjen ndaj detajeve q\u00eb prisni nga nj\u00eb profesionist. <a href=\"https:\/\/mountlaser.com\/sq\/about-us\/\"><strong>Prodhues i montimit t\u00eb prizmave<\/strong><\/a>. \u00cbsht\u00eb zgjedhja ideale p\u00ebr nj\u00eb gam\u00eb t\u00eb gjer\u00eb aplikimesh topografike, nd\u00ebrtimore dhe inxhinierike.<\/p>\n<p><img decoding=\"async\" class=\"aligncenter wp-image-2612\" src=\"https:\/\/mountlaser.com\/wp-content\/uploads\/2025\/10\/Z15UD-RR-2.webp\" alt=\"Prism Assembly Manufacturer\" width=\"500\" height=\"500\" srcset=\"https:\/\/mountlaser.com\/wp-content\/uploads\/2025\/10\/Z15UD-RR-2.webp 1000w, https:\/\/mountlaser.com\/wp-content\/uploads\/2025\/10\/Z15UD-RR-2-300x300.webp 300w, https:\/\/mountlaser.com\/wp-content\/uploads\/2025\/10\/Z15UD-RR-2-400x400.webp 400w, https:\/\/mountlaser.com\/wp-content\/uploads\/2025\/10\/Z15UD-RR-2-800x800.webp 800w, https:\/\/mountlaser.com\/wp-content\/uploads\/2025\/10\/Z15UD-RR-2-600x600.webp 600w, https:\/\/mountlaser.com\/wp-content\/uploads\/2025\/10\/Z15UD-RR-2-150x150.webp 150w, https:\/\/mountlaser.com\/wp-content\/uploads\/2025\/10\/Z15UD-RR-2-768x768.webp 768w, https:\/\/mountlaser.com\/wp-content\/uploads\/2025\/10\/Z15UD-RR-2-12x12.webp 12w\" sizes=\"(max-width: 500px) 100vw, 500px\" \/><\/p>","protected":false},"excerpt":{"rendered":"<ul>\n<li>Ofron opsione zhvendosjeje prej 0 mm dhe -30 mm, s\u00eb bashku me nj\u00eb lart\u00ebsi boshti t\u00eb pjerr\u00ebt prej 100 mm p\u00ebr referencim k\u00ebndi t\u00eb gjithansh\u00ebm dhe t\u00eb besuesh\u00ebm.<\/li>\n<li>Mb\u00ebshtet\u00ebsja n\u00eb stilin japonez siguron stabilitet, nd\u00ebrsa \u00e7anta e p\u00ebrfshir\u00eb garanton transport t\u00eb sigurt dhe t\u00eb p\u00ebrshtatsh\u00ebm.<\/li>\n<\/ul>","protected":false},"featured_media":2612,"comment_status":"open","ping_status":"closed","template":"","meta":[],"product_brand":[],"product_cat":[72,103],"product_tag":[],"class_list":{"0":"post-2607","1":"product","2":"type-product","3":"status-publish","4":"has-post-thumbnail","6":"product_cat-reflective-target-prism","7":"product_cat-prism-assembly","9":"first","10":"instock","11":"shipping-taxable","12":"product-type-simple"},"_links":{"self":[{"href":"https:\/\/mountlaser.com\/sq\/wp-json\/wp\/v2\/product\/2607","targetHints":{"allow":["GET"]}}],"collection":[{"href":"https:\/\/mountlaser.com\/sq\/wp-json\/wp\/v2\/product"}],"about":[{"href":"https:\/\/mountlaser.com\/sq\/wp-json\/wp\/v2\/types\/product"}],"replies":[{"embeddable":true,"href":"https:\/\/mountlaser.com\/sq\/wp-json\/wp\/v2\/comments?post=2607"}],"wp:featuredmedia":[{"embeddable":true,"href":"https:\/\/mountlaser.com\/sq\/wp-json\/wp\/v2\/media\/2612"}],"wp:attachment":[{"href":"https:\/\/mountlaser.com\/sq\/wp-json\/wp\/v2\/media?parent=2607"}],"wp:term":[{"taxonomy":"product_brand","embeddable":true,"href":"https:\/\/mountlaser.com\/sq\/wp-json\/wp\/v2\/product_brand?post=2607"},{"taxonomy":"product_cat","embeddable":true,"href":"https:\/\/mountlaser.com\/sq\/wp-json\/wp\/v2\/product_cat?post=2607"},{"taxonomy":"product_tag","embeddable":true,"href":"https:\/\/mountlaser.com\/sq\/wp-json\/wp\/v2\/product_tag?post=2607"}],"curies":[{"name":"wp","href":"https:\/\/api.w.org\/{rel}","templated":true}]}}