{"id":2598,"date":"2025-10-14T07:24:18","date_gmt":"2025-10-14T07:24:18","guid":{"rendered":"https:\/\/mountlaser.com\/?post_type=product&#038;p=2598"},"modified":"2025-11-28T06:59:44","modified_gmt":"2025-11-28T06:59:44","slug":"z15ub-prism-assembly","status":"publish","type":"product","link":"https:\/\/mountlaser.com\/sq\/produkt\/z15ub-prism-assembly\/","title":{"rendered":"Asambleja e Prizm\u00ebs Z15UB"},"content":{"rendered":"<p><a href=\"https:\/\/mountlaser.com\/sq\/about-us\/\"><strong>Asambleja e Prizm\u00ebs Z15UB<\/strong><\/a> | Montim Prizmi i Madh me Reflektor me Precizion t\u00eb Lart\u00eb p\u00ebr Matje Profesionale<\/p>\n<p>Montimi i Prizm\u00ebs Z15UB \u00ebsht\u00eb nj\u00eb Montim Prizmi me Reflektor t\u00eb Madh i nivelit profesional, i projektuar p\u00ebr gjeodet\u00ebt q\u00eb k\u00ebrkojn\u00eb besueshm\u00ebri dhe precizion. Ky sistem \u00ebsht\u00eb nd\u00ebrtuar rreth nj\u00eb prizmi 64 mm me cil\u00ebsi t\u00eb lart\u00eb, duke e b\u00ebr\u00eb at\u00eb nj\u00eb zgjedhje ideale p\u00ebr nj\u00eb gam\u00eb t\u00eb gjer\u00eb aplikimesh t\u00eb v\u00ebshtira. Jemi krenar\u00eb q\u00eb ofrojm\u00eb k\u00ebt\u00eb montim t\u00eb sofistikuar. <a href=\"https:\/\/mountlaser.com\/sq\/products\/\"><strong>Montimi i Prizm\u00ebs s\u00eb Reflektuesit t\u00eb Madh<\/strong><\/a> n\u00eb tre modele t\u00eb dallueshme me kode ngjyrash p\u00ebr t&#039;iu p\u00ebrshtatur nevojave dhe preferencave t\u00eb ekipit tuaj: Asambleja e Prizm\u00ebs Z15UB-YY (e Verdh\u00eb-e Verdh\u00eb), Asambleja e Prizm\u00ebs Z15UB-RO (e Kuqe-Portokalli) dhe Asambleja e Prizm\u00ebs Z15UB-RR (e Kuqe-e Kuqe).<\/p>\n<p><img fetchpriority=\"high\" decoding=\"async\" class=\"wp-image-2603 aligncenter\" src=\"https:\/\/mountlaser.com\/wp-content\/uploads\/2025\/10\/Z15UB-RO-1.webp\" alt=\"Big Reflector Prism Assembly\" width=\"500\" height=\"500\" srcset=\"https:\/\/mountlaser.com\/wp-content\/uploads\/2025\/10\/Z15UB-RO-1.webp 1000w, https:\/\/mountlaser.com\/wp-content\/uploads\/2025\/10\/Z15UB-RO-1-300x300.webp 300w, https:\/\/mountlaser.com\/wp-content\/uploads\/2025\/10\/Z15UB-RO-1-400x400.webp 400w, https:\/\/mountlaser.com\/wp-content\/uploads\/2025\/10\/Z15UB-RO-1-800x800.webp 800w, https:\/\/mountlaser.com\/wp-content\/uploads\/2025\/10\/Z15UB-RO-1-600x600.webp 600w, https:\/\/mountlaser.com\/wp-content\/uploads\/2025\/10\/Z15UB-RO-1-150x150.webp 150w, https:\/\/mountlaser.com\/wp-content\/uploads\/2025\/10\/Z15UB-RO-1-768x768.webp 768w, https:\/\/mountlaser.com\/wp-content\/uploads\/2025\/10\/Z15UB-RO-1-12x12.webp 12w\" sizes=\"(max-width: 500px) 100vw, 500px\" \/><\/p>\n<p>I nd\u00ebrtuar me nj\u00eb mb\u00ebshtet\u00ebse prizme t\u00eb q\u00ebndrueshme n\u00eb stilin japonez, ky Montim Prizmi i Madh me Reflektues siguron stabilitet dhe jet\u00ebgjat\u00ebsi t\u00eb jasht\u00ebzakonshme n\u00eb vendin e pun\u00ebs. Nd\u00ebrtimi i tij i fort\u00eb \u00ebsht\u00eb projektuar p\u00ebr t&#039;i b\u00ebr\u00eb ball\u00eb p\u00ebrdorimit t\u00eb p\u00ebrditsh\u00ebm rigoroz, duke ofruar matje vazhdimisht t\u00eb sakta.<\/p>\n<p><img decoding=\"async\" class=\"aligncenter wp-image-2601\" src=\"https:\/\/mountlaser.com\/wp-content\/uploads\/2025\/10\/Z15UB-YY-1.webp\" alt=\"Big Reflector Prism Assembly\" width=\"500\" height=\"500\" srcset=\"https:\/\/mountlaser.com\/wp-content\/uploads\/2025\/10\/Z15UB-YY-1.webp 1000w, https:\/\/mountlaser.com\/wp-content\/uploads\/2025\/10\/Z15UB-YY-1-300x300.webp 300w, https:\/\/mountlaser.com\/wp-content\/uploads\/2025\/10\/Z15UB-YY-1-400x400.webp 400w, https:\/\/mountlaser.com\/wp-content\/uploads\/2025\/10\/Z15UB-YY-1-800x800.webp 800w, https:\/\/mountlaser.com\/wp-content\/uploads\/2025\/10\/Z15UB-YY-1-600x600.webp 600w, https:\/\/mountlaser.com\/wp-content\/uploads\/2025\/10\/Z15UB-YY-1-150x150.webp 150w, https:\/\/mountlaser.com\/wp-content\/uploads\/2025\/10\/Z15UB-YY-1-768x768.webp 768w, https:\/\/mountlaser.com\/wp-content\/uploads\/2025\/10\/Z15UB-YY-1-12x12.webp 12w\" sizes=\"(max-width: 500px) 100vw, 500px\" \/><\/p>","protected":false},"excerpt":{"rendered":"<ul>\n<li>Dizajn i Q\u00ebndruesh\u00ebm dhe Mbrojt\u00ebs: Nd\u00ebrtimi n\u00eb stilin japonez garanton nj\u00eb platform\u00eb t\u00eb fort\u00eb dhe t\u00eb besueshme.<\/li>\n<li>Produkti vjen me nj\u00eb \u00e7ant\u00eb mbrojt\u00ebse p\u00ebr transport dhe ruajtje t\u00eb sigurt.<\/li>\n<li>Modele me kode ngjyrash: T\u00eb disponueshme n\u00eb tre kombinime ngjyrash (YY, RO, RR), duke lejuar identifikimin dhe menaxhimin e leht\u00eb t\u00eb nj\u00ebsive t\u00eb shumta n\u00eb terren.<\/li>\n<\/ul>","protected":false},"featured_media":2603,"comment_status":"open","ping_status":"closed","template":"","meta":[],"product_brand":[],"product_cat":[72,103],"product_tag":[],"class_list":{"0":"post-2598","1":"product","2":"type-product","3":"status-publish","4":"has-post-thumbnail","6":"product_cat-reflective-target-prism","7":"product_cat-prism-assembly","9":"first","10":"instock","11":"shipping-taxable","12":"product-type-simple"},"_links":{"self":[{"href":"https:\/\/mountlaser.com\/sq\/wp-json\/wp\/v2\/product\/2598","targetHints":{"allow":["GET"]}}],"collection":[{"href":"https:\/\/mountlaser.com\/sq\/wp-json\/wp\/v2\/product"}],"about":[{"href":"https:\/\/mountlaser.com\/sq\/wp-json\/wp\/v2\/types\/product"}],"replies":[{"embeddable":true,"href":"https:\/\/mountlaser.com\/sq\/wp-json\/wp\/v2\/comments?post=2598"}],"wp:featuredmedia":[{"embeddable":true,"href":"https:\/\/mountlaser.com\/sq\/wp-json\/wp\/v2\/media\/2603"}],"wp:attachment":[{"href":"https:\/\/mountlaser.com\/sq\/wp-json\/wp\/v2\/media?parent=2598"}],"wp:term":[{"taxonomy":"product_brand","embeddable":true,"href":"https:\/\/mountlaser.com\/sq\/wp-json\/wp\/v2\/product_brand?post=2598"},{"taxonomy":"product_cat","embeddable":true,"href":"https:\/\/mountlaser.com\/sq\/wp-json\/wp\/v2\/product_cat?post=2598"},{"taxonomy":"product_tag","embeddable":true,"href":"https:\/\/mountlaser.com\/sq\/wp-json\/wp\/v2\/product_tag?post=2598"}],"curies":[{"name":"wp","href":"https:\/\/api.w.org\/{rel}","templated":true}]}}