{"id":2591,"date":"2025-10-13T09:10:16","date_gmt":"2025-10-13T09:10:16","guid":{"rendered":"https:\/\/mountlaser.com\/?post_type=product&#038;p=2591"},"modified":"2025-11-28T07:01:27","modified_gmt":"2025-11-28T07:01:27","slug":"z15u-prism-assembly","status":"publish","type":"product","link":"https:\/\/mountlaser.com\/sq\/produkt\/z15u-prism-assembly\/","title":{"rendered":"Asambleja e Prizm\u00ebs Z15U"},"content":{"rendered":"<p>Rritni sakt\u00ebsin\u00eb e matjeve tuaja me <a href=\"https:\/\/mountlaser.com\/sq\/\"><strong>Asambleja e Prizm\u00ebs Z15U<\/strong><\/a>, nj\u00eb sistem prizmi me precizion t\u00eb lart\u00eb t\u00eb v\u00ebrtet\u00eb i nd\u00ebrtuar sipas standardeve t\u00eb sakta t\u00eb nj\u00eb stende prizmi n\u00eb stilin japonez. Ky sistem prizmi me precizion t\u00eb lart\u00eb \u00ebsht\u00eb projektuar p\u00ebr profesionist\u00eb q\u00eb nuk mund t\u00eb b\u00ebjn\u00eb kompromis p\u00ebr sakt\u00ebsin\u00eb, duke paraqitur nj\u00eb priz\u00ebm 64 mm me zgjedhjen tuaj t\u00eb sakt\u00ebsis\u00eb k\u00ebndore 3-4\u2033 ose 5-8\u2033. \u00cbsht\u00eb projektuar duke pasur parasysh p\u00ebrdorimin e gjithansh\u00ebm n\u00eb terren, duke ofruar nj\u00eb zhvendosje 0 mm ose -30 mm dhe nj\u00eb lart\u00ebsi t\u00eb boshtit t\u00eb pjerr\u00ebt 100 mm p\u00ebr pozicionim optimal.<\/p>\n<p><img fetchpriority=\"high\" decoding=\"async\" class=\"aligncenter wp-image-2593\" src=\"https:\/\/mountlaser.com\/wp-content\/uploads\/2025\/10\/Z15U-YY-2.webp\" alt=\"high-precision prism system \" width=\"500\" height=\"500\" srcset=\"https:\/\/mountlaser.com\/wp-content\/uploads\/2025\/10\/Z15U-YY-2.webp 1000w, https:\/\/mountlaser.com\/wp-content\/uploads\/2025\/10\/Z15U-YY-2-300x300.webp 300w, https:\/\/mountlaser.com\/wp-content\/uploads\/2025\/10\/Z15U-YY-2-400x400.webp 400w, https:\/\/mountlaser.com\/wp-content\/uploads\/2025\/10\/Z15U-YY-2-800x800.webp 800w, https:\/\/mountlaser.com\/wp-content\/uploads\/2025\/10\/Z15U-YY-2-600x600.webp 600w, https:\/\/mountlaser.com\/wp-content\/uploads\/2025\/10\/Z15U-YY-2-150x150.webp 150w, https:\/\/mountlaser.com\/wp-content\/uploads\/2025\/10\/Z15U-YY-2-768x768.webp 768w, https:\/\/mountlaser.com\/wp-content\/uploads\/2025\/10\/Z15U-YY-2-12x12.webp 12w\" sizes=\"(max-width: 500px) 100vw, 500px\" \/><\/p>\n<p>Montimi siguron p\u00ebrputhshm\u00ebri universale p\u00ebrmes adaptorit t\u00eb integruar prej alumini me fileto fem\u00ebr 5\/8\u2033-11, i cili i p\u00ebrshtatet t\u00eb gjitha shtyllave dhe aksesor\u00ebve standard\u00eb. P\u00ebr t\u00eb p\u00ebrmir\u00ebsuar menaxhimin e projektit dhe identifikimin e mjeteve, ne ofrojm\u00eb k\u00ebt\u00eb t\u00eb besuesh\u00ebm. <a href=\"https:\/\/mountlaser.com\/sq\/products\/\"><strong>sistem prizmi me precizion t\u00eb lart\u00eb<\/strong><\/a> n\u00eb dy modele t\u00eb dallueshme, t\u00eb koduara me ngjyra: Asambleja e Prizm\u00ebs Z15U-RO (e Kuqe-Portokalli) dhe <a href=\"https:\/\/mountlaser.com\/sq\/contact-us\/\"><strong>Asambleja e Prizm\u00ebs Z15U-YY<\/strong><\/a> (E verdh\u00eb). Si Montimi i Prizm\u00ebs Z15U-RO ashtu edhe Montimi i Prizm\u00ebs Z15U-YY vijn\u00eb t\u00eb kompletuara me nj\u00eb qese mbajt\u00ebse t\u00eb q\u00ebndrueshme, duke siguruar q\u00eb investimi juaj t\u00eb jet\u00eb i mbrojtur gjat\u00eb transportit dhe ruajtjes.<\/p>\n<p><img decoding=\"async\" class=\"aligncenter wp-image-2597\" src=\"https:\/\/mountlaser.com\/wp-content\/uploads\/2025\/10\/Z15U-RO-4.webp\" alt=\"high-precision prism system \" width=\"500\" height=\"500\" srcset=\"https:\/\/mountlaser.com\/wp-content\/uploads\/2025\/10\/Z15U-RO-4.webp 1000w, https:\/\/mountlaser.com\/wp-content\/uploads\/2025\/10\/Z15U-RO-4-300x300.webp 300w, https:\/\/mountlaser.com\/wp-content\/uploads\/2025\/10\/Z15U-RO-4-400x400.webp 400w, https:\/\/mountlaser.com\/wp-content\/uploads\/2025\/10\/Z15U-RO-4-800x800.webp 800w, https:\/\/mountlaser.com\/wp-content\/uploads\/2025\/10\/Z15U-RO-4-600x600.webp 600w, https:\/\/mountlaser.com\/wp-content\/uploads\/2025\/10\/Z15U-RO-4-150x150.webp 150w, https:\/\/mountlaser.com\/wp-content\/uploads\/2025\/10\/Z15U-RO-4-768x768.webp 768w, https:\/\/mountlaser.com\/wp-content\/uploads\/2025\/10\/Z15U-RO-4-12x12.webp 12w\" sizes=\"(max-width: 500px) 100vw, 500px\" \/><\/p>","protected":false},"excerpt":{"rendered":"<ul>\n<li>Konfigurim i Konfiguruesh\u00ebm: Ofron nj\u00eb zgjedhje prej 0 mm ose -30 mm zhvendosjeje dhe nj\u00eb bosht t\u00eb pjerr\u00ebt 100 mm p\u00ebr konfigurime fleksibile t\u00eb fush\u00ebs.<\/li>\n<li>Pajtueshm\u00ebri universale: Adaptuesi i integruar me fileto fem\u00ebr 5\/8\u2033-11 siguron p\u00ebrdorim t\u00eb pand\u00ebrprer\u00eb me pajisjet standarde t\u00eb matjes.<\/li>\n<li>Identifikimi i koduar me ngjyra: I disponuesh\u00ebm si Z15U-RO (e kuqe-portokalli) dhe Z15U-YY (e verdh\u00eb) p\u00ebr diferencim t\u00eb leht\u00eb t\u00eb ekipit dhe projektit.<\/li>\n<\/ul>","protected":false},"featured_media":2593,"comment_status":"open","ping_status":"closed","template":"","meta":[],"product_brand":[],"product_cat":[72,103],"product_tag":[],"class_list":{"0":"post-2591","1":"product","2":"type-product","3":"status-publish","4":"has-post-thumbnail","6":"product_cat-reflective-target-prism","7":"product_cat-prism-assembly","9":"first","10":"instock","11":"shipping-taxable","12":"product-type-simple"},"_links":{"self":[{"href":"https:\/\/mountlaser.com\/sq\/wp-json\/wp\/v2\/product\/2591","targetHints":{"allow":["GET"]}}],"collection":[{"href":"https:\/\/mountlaser.com\/sq\/wp-json\/wp\/v2\/product"}],"about":[{"href":"https:\/\/mountlaser.com\/sq\/wp-json\/wp\/v2\/types\/product"}],"replies":[{"embeddable":true,"href":"https:\/\/mountlaser.com\/sq\/wp-json\/wp\/v2\/comments?post=2591"}],"wp:featuredmedia":[{"embeddable":true,"href":"https:\/\/mountlaser.com\/sq\/wp-json\/wp\/v2\/media\/2593"}],"wp:attachment":[{"href":"https:\/\/mountlaser.com\/sq\/wp-json\/wp\/v2\/media?parent=2591"}],"wp:term":[{"taxonomy":"product_brand","embeddable":true,"href":"https:\/\/mountlaser.com\/sq\/wp-json\/wp\/v2\/product_brand?post=2591"},{"taxonomy":"product_cat","embeddable":true,"href":"https:\/\/mountlaser.com\/sq\/wp-json\/wp\/v2\/product_cat?post=2591"},{"taxonomy":"product_tag","embeddable":true,"href":"https:\/\/mountlaser.com\/sq\/wp-json\/wp\/v2\/product_tag?post=2591"}],"curies":[{"name":"wp","href":"https:\/\/api.w.org\/{rel}","templated":true}]}}