{"id":2581,"date":"2025-10-13T06:18:32","date_gmt":"2025-10-13T06:18:32","guid":{"rendered":"https:\/\/mountlaser.com\/?post_type=product&#038;p=2581"},"modified":"2025-11-28T07:02:22","modified_gmt":"2025-11-28T07:02:22","slug":"z15b-prism-assembly","status":"publish","type":"product","link":"https:\/\/mountlaser.com\/sq\/produkt\/z15b-prism-assembly\/","title":{"rendered":"Asambleja e Prizm\u00ebs Z15B"},"content":{"rendered":"<p>I\/E\/T\u00eb\/T\u00eb <a href=\"https:\/\/mountlaser.com\/sq\/\"><strong>Asambleja e Prizm\u00ebs Z15B<\/strong><\/a> mish\u00ebron sakt\u00ebsin\u00eb dhe besueshm\u00ebrin\u00eb e nj\u00eb Stand Prizmi n\u00eb Stilin Japonez, duke ofruar nj\u00eb zgjidhje cil\u00ebsore p\u00ebr Montimin e Prizmit p\u00ebr pun\u00eb t\u00eb k\u00ebrkuara matjeje. Ky montim \u00ebsht\u00eb projektuar p\u00ebr t\u00eb akomoduar nj\u00eb priz\u00ebm 64 mm me sakt\u00ebsi 3-4 ose 5-8 sekonda sipas zgjedhjes suaj, duke siguruar integritetin e t\u00eb dh\u00ebnave p\u00ebr projekte me rrezik t\u00eb lart\u00eb. Ai p\u00ebrmban nj\u00eb p\u00ebrshtat\u00ebs t\u00eb q\u00ebndruesh\u00ebm dhe t\u00eb integruar prej alumini fem\u00ebror 5\/8\u2033-11 p\u00ebr pajtueshm\u00ebri universale me t\u00eb gjitha shtyllat dhe p\u00ebrshtat\u00ebsit standard\u00eb t\u00eb prizm\u00ebs. Me opsione fleksibile konfigurimi duke p\u00ebrfshir\u00eb nj\u00eb zhvendosje 0 mm ose -30 mm dhe nj\u00eb lart\u00ebsi t\u00eb q\u00ebndrueshme t\u00eb boshtit t\u00eb pjerr\u00ebsis\u00eb 100 mm, ai p\u00ebrshtatet me kushte t\u00eb ndryshme t\u00eb vendit.<\/p>\n<p><img fetchpriority=\"high\" decoding=\"async\" class=\"aligncenter wp-image-2586\" src=\"https:\/\/mountlaser.com\/wp-content\/uploads\/2025\/10\/Z15B-RY-4-1-300x300.webp\" alt=\"Quality Prism Assembly\" width=\"500\" height=\"500\" srcset=\"https:\/\/mountlaser.com\/wp-content\/uploads\/2025\/10\/Z15B-RY-4-1-300x300.webp 300w, https:\/\/mountlaser.com\/wp-content\/uploads\/2025\/10\/Z15B-RY-4-1-400x400.webp 400w, https:\/\/mountlaser.com\/wp-content\/uploads\/2025\/10\/Z15B-RY-4-1-800x800.webp 800w, https:\/\/mountlaser.com\/wp-content\/uploads\/2025\/10\/Z15B-RY-4-1-600x600.webp 600w, https:\/\/mountlaser.com\/wp-content\/uploads\/2025\/10\/Z15B-RY-4-1-150x150.webp 150w, https:\/\/mountlaser.com\/wp-content\/uploads\/2025\/10\/Z15B-RY-4-1-768x768.webp 768w, https:\/\/mountlaser.com\/wp-content\/uploads\/2025\/10\/Z15B-RY-4-1-12x12.webp 12w, https:\/\/mountlaser.com\/wp-content\/uploads\/2025\/10\/Z15B-RY-4-1.webp 1000w\" sizes=\"(max-width: 500px) 100vw, 500px\" \/><\/p>\n<p>P\u00ebr t&#039;i sh\u00ebrbyer m\u00eb mir\u00eb nevojave organizative t\u00eb ekipit tuaj, Asambleja Prizmike Z15B \u00ebsht\u00eb e disponueshme n\u00eb kat\u00ebr modele t\u00eb dallueshme me kode ngjyrash p\u00ebr identifikim t\u00eb menj\u00ebhersh\u00ebm vizual: Asambleja Prizmike Z15B-YY (e Verdh\u00eb), Asambleja Prizmike Z15B-YW (e Verdh\u00eb-e Bardh\u00eb), Asambleja Prizmike Z15B-RW (e Kuqe-e Bardh\u00eb) dhe Asambleja Prizmike Z15B-RY (e Kuqe-e Verdh\u00eb). Kjo larmi n\u00eb opsionet e ngjyrave tejkalon serin\u00eb ton\u00eb t\u00eb njohur C15B, duke ofruar fleksibilitet edhe m\u00eb t\u00eb madh. Secila <a href=\"https:\/\/mountlaser.com\/sq\/products\/\"><strong>Montimi i Prizm\u00ebs s\u00eb Cil\u00ebsis\u00eb<\/strong> <\/a>Vjen i kompletuar me nj\u00eb \u00e7ant\u00eb mbrojt\u00ebse, duke siguruar transport dhe ruajtje t\u00eb p\u00ebrshtatshme.<\/p>","protected":false},"excerpt":{"rendered":"<ul>\n<li>Mb\u00ebshtetje me precizion t\u00eb lart\u00eb: P\u00ebrballon nj\u00eb priz\u00ebm 64 mm me sakt\u00ebsi t\u00eb p\u00ebrzgjedhshme 3-4\/5-8 sekonda.<\/li>\n<li>Pajtueshm\u00ebri universale: P\u00ebrshtat\u00ebsi fem\u00ebror i integruar 5\/8\u2033-11 i p\u00ebrshtatet t\u00eb gjitha shtyllave dhe aksesor\u00ebve standard\u00eb t\u00eb matjes.<\/li>\n<li>Fleksibiliteti Operacional: Ofron nj\u00eb zgjedhje midis zhvendosjes 0 mm ose -30 mm dhe nj\u00eb boshti t\u00eb pjerr\u00ebt 100 mm p\u00ebr konfigurim t\u00eb gjithansh\u00ebm.<\/li>\n<\/ul>","protected":false},"featured_media":2582,"comment_status":"open","ping_status":"closed","template":"","meta":[],"product_brand":[],"product_cat":[72,103],"product_tag":[],"class_list":{"0":"post-2581","1":"product","2":"type-product","3":"status-publish","4":"has-post-thumbnail","6":"product_cat-reflective-target-prism","7":"product_cat-prism-assembly","9":"first","10":"instock","11":"shipping-taxable","12":"product-type-simple"},"_links":{"self":[{"href":"https:\/\/mountlaser.com\/sq\/wp-json\/wp\/v2\/product\/2581","targetHints":{"allow":["GET"]}}],"collection":[{"href":"https:\/\/mountlaser.com\/sq\/wp-json\/wp\/v2\/product"}],"about":[{"href":"https:\/\/mountlaser.com\/sq\/wp-json\/wp\/v2\/types\/product"}],"replies":[{"embeddable":true,"href":"https:\/\/mountlaser.com\/sq\/wp-json\/wp\/v2\/comments?post=2581"}],"wp:featuredmedia":[{"embeddable":true,"href":"https:\/\/mountlaser.com\/sq\/wp-json\/wp\/v2\/media\/2582"}],"wp:attachment":[{"href":"https:\/\/mountlaser.com\/sq\/wp-json\/wp\/v2\/media?parent=2581"}],"wp:term":[{"taxonomy":"product_brand","embeddable":true,"href":"https:\/\/mountlaser.com\/sq\/wp-json\/wp\/v2\/product_brand?post=2581"},{"taxonomy":"product_cat","embeddable":true,"href":"https:\/\/mountlaser.com\/sq\/wp-json\/wp\/v2\/product_cat?post=2581"},{"taxonomy":"product_tag","embeddable":true,"href":"https:\/\/mountlaser.com\/sq\/wp-json\/wp\/v2\/product_tag?post=2581"}],"curies":[{"name":"wp","href":"https:\/\/api.w.org\/{rel}","templated":true}]}}