{"id":2573,"date":"2025-10-13T05:57:19","date_gmt":"2025-10-13T05:57:19","guid":{"rendered":"https:\/\/mountlaser.com\/?post_type=product&#038;p=2573"},"modified":"2025-11-28T07:05:04","modified_gmt":"2025-11-28T07:05:04","slug":"c15b-prism-assembly","status":"publish","type":"product","link":"https:\/\/mountlaser.com\/sq\/produkt\/c15b-prism-assembly\/","title":{"rendered":"Montimi i Prizm\u00ebs C15B"},"content":{"rendered":"<p>I\/E\/T\u00eb\/T\u00eb <a href=\"https:\/\/mountlaser.com\/sq\/products\/\"><strong>Montimi i Prizm\u00ebs C15B<\/strong><\/a> \u00ebsht\u00eb nj\u00eb stend\u00eb prizmi me precizion t\u00eb lart\u00eb n\u00eb stilin japonez, e projektuar p\u00ebr topograf\u00ebt q\u00eb k\u00ebrkojn\u00eb besueshm\u00ebri dhe sakt\u00ebsi. I projektuar p\u00ebr t\u00eb akomoduar nj\u00eb priz\u00ebm 64 mm me nj\u00eb opsion p\u00ebr sakt\u00ebsi 3-4 ose 5-8 sekonda, kjo montim siguron q\u00eb matjet tuaja t\u00eb p\u00ebrmbushin standardet m\u00eb rigoroze. Ai vjen i pajisur me nj\u00eb p\u00ebrshtat\u00ebs fem\u00ebror alumini t\u00eb integruar 5\/8\u2033-11, duke siguruar p\u00ebrputhshm\u00ebri universale me \u00e7do shtyll\u00eb ose trek\u00ebmb\u00ebsh standard prizmi.<\/p>\n<p><img fetchpriority=\"high\" decoding=\"async\" class=\"aligncenter wp-image-2575\" src=\"https:\/\/mountlaser.com\/wp-content\/uploads\/2025\/10\/C15B-RR-2.webp\" alt=\"C15B Prism Assembly\" width=\"500\" height=\"500\" srcset=\"https:\/\/mountlaser.com\/wp-content\/uploads\/2025\/10\/C15B-RR-2.webp 1000w, https:\/\/mountlaser.com\/wp-content\/uploads\/2025\/10\/C15B-RR-2-300x300.webp 300w, https:\/\/mountlaser.com\/wp-content\/uploads\/2025\/10\/C15B-RR-2-400x400.webp 400w, https:\/\/mountlaser.com\/wp-content\/uploads\/2025\/10\/C15B-RR-2-800x800.webp 800w, https:\/\/mountlaser.com\/wp-content\/uploads\/2025\/10\/C15B-RR-2-600x600.webp 600w, https:\/\/mountlaser.com\/wp-content\/uploads\/2025\/10\/C15B-RR-2-150x150.webp 150w, https:\/\/mountlaser.com\/wp-content\/uploads\/2025\/10\/C15B-RR-2-768x768.webp 768w, https:\/\/mountlaser.com\/wp-content\/uploads\/2025\/10\/C15B-RR-2-12x12.webp 12w\" sizes=\"(max-width: 500px) 100vw, 500px\" \/><\/p>\n<p>P\u00ebr t&#039;iu p\u00ebrshtatur k\u00ebrkesave tuaja specifike n\u00eb terren, Montimi i Prizm\u00ebs C15B ofron opsione zhvendosjeje 0 mm dhe -30 mm, me nj\u00eb lart\u00ebsi t\u00eb q\u00ebndrueshme t\u00eb boshtit t\u00eb pjerr\u00ebt prej 100 mm p\u00ebr konfigurime t\u00eb q\u00ebndrueshme. Ne e ofrojm\u00eb k\u00ebt\u00eb model t\u00eb gjithansh\u00ebm n\u00eb dy variante t\u00eb dallueshme me kode ngjyrash p\u00ebr identifikim t\u00eb leht\u00eb dhe koordinim t\u00eb ekipit: Montimi i Prizm\u00ebs C15B-RR dhe Montimi i Prizm\u00ebs C15B-YY. Pavar\u00ebsisht n\u00ebse zgjidhni Montimin e Prizm\u00ebs C15B-RR apo... <a href=\"https:\/\/mountlaser.com\/sq\/contact-us\/\"><strong>Montimi i Prizm\u00ebs C15B-YY<\/strong><\/a>, ju merrni t\u00eb nj\u00ebjtin nd\u00ebrtim t\u00eb fort\u00eb, inxhinieri precize dhe paketim t\u00eb p\u00ebrshtatsh\u00ebm q\u00eb p\u00ebrfshin nj\u00eb kuti mbrojt\u00ebse p\u00ebr transport dhe ruajtje.<\/p>\n<p><img decoding=\"async\" class=\"wp-image-2579 aligncenter\" src=\"https:\/\/mountlaser.com\/wp-content\/uploads\/2025\/10\/C15-YY-2.webp\" alt=\"C15B-YY Prism Assembly\" width=\"500\" height=\"500\" srcset=\"https:\/\/mountlaser.com\/wp-content\/uploads\/2025\/10\/C15-YY-2.webp 1000w, https:\/\/mountlaser.com\/wp-content\/uploads\/2025\/10\/C15-YY-2-300x300.webp 300w, https:\/\/mountlaser.com\/wp-content\/uploads\/2025\/10\/C15-YY-2-400x400.webp 400w, https:\/\/mountlaser.com\/wp-content\/uploads\/2025\/10\/C15-YY-2-800x800.webp 800w, https:\/\/mountlaser.com\/wp-content\/uploads\/2025\/10\/C15-YY-2-600x600.webp 600w, https:\/\/mountlaser.com\/wp-content\/uploads\/2025\/10\/C15-YY-2-150x150.webp 150w, https:\/\/mountlaser.com\/wp-content\/uploads\/2025\/10\/C15-YY-2-768x768.webp 768w, https:\/\/mountlaser.com\/wp-content\/uploads\/2025\/10\/C15-YY-2-12x12.webp 12w\" sizes=\"(max-width: 500px) 100vw, 500px\" \/><\/p>","protected":false},"excerpt":{"rendered":"<ul>\n<li>Bosht i q\u00ebndruesh\u00ebm animi: Ka nj\u00eb lart\u00ebsi boshti t\u00eb animit prej 100 mm p\u00ebr stabilitet t\u00eb shtuar gjat\u00eb funksionimit.<\/li>\n<li>Modele me kode ngjyrash: T\u00eb disponueshme si C15B-RR dhe C15B-YY p\u00ebr identifikim t\u00eb leht\u00eb t\u00eb ekipit dhe projektit.<\/li>\n<\/ul>","protected":false},"featured_media":2574,"comment_status":"open","ping_status":"closed","template":"","meta":[],"product_brand":[],"product_cat":[72,103],"product_tag":[],"class_list":{"0":"post-2573","1":"product","2":"type-product","3":"status-publish","4":"has-post-thumbnail","6":"product_cat-reflective-target-prism","7":"product_cat-prism-assembly","9":"first","10":"instock","11":"shipping-taxable","12":"product-type-simple"},"_links":{"self":[{"href":"https:\/\/mountlaser.com\/sq\/wp-json\/wp\/v2\/product\/2573","targetHints":{"allow":["GET"]}}],"collection":[{"href":"https:\/\/mountlaser.com\/sq\/wp-json\/wp\/v2\/product"}],"about":[{"href":"https:\/\/mountlaser.com\/sq\/wp-json\/wp\/v2\/types\/product"}],"replies":[{"embeddable":true,"href":"https:\/\/mountlaser.com\/sq\/wp-json\/wp\/v2\/comments?post=2573"}],"wp:featuredmedia":[{"embeddable":true,"href":"https:\/\/mountlaser.com\/sq\/wp-json\/wp\/v2\/media\/2574"}],"wp:attachment":[{"href":"https:\/\/mountlaser.com\/sq\/wp-json\/wp\/v2\/media?parent=2573"}],"wp:term":[{"taxonomy":"product_brand","embeddable":true,"href":"https:\/\/mountlaser.com\/sq\/wp-json\/wp\/v2\/product_brand?post=2573"},{"taxonomy":"product_cat","embeddable":true,"href":"https:\/\/mountlaser.com\/sq\/wp-json\/wp\/v2\/product_cat?post=2573"},{"taxonomy":"product_tag","embeddable":true,"href":"https:\/\/mountlaser.com\/sq\/wp-json\/wp\/v2\/product_tag?post=2573"}],"curies":[{"name":"wp","href":"https:\/\/api.w.org\/{rel}","templated":true}]}}