{"id":2560,"date":"2025-10-13T02:00:31","date_gmt":"2025-10-13T02:00:31","guid":{"rendered":"https:\/\/mountlaser.com\/?post_type=product&#038;p=2560"},"modified":"2025-11-28T07:08:15","modified_gmt":"2025-11-28T07:08:15","slug":"ad-c50-aluminum-adapter","status":"publish","type":"product","link":"https:\/\/mountlaser.com\/sq\/produkt\/ad-c50-aluminum-adapter\/","title":{"rendered":"P\u00ebrshtat\u00ebs alumini AD-C50"},"content":{"rendered":"<p>I\/E\/T\u00eb\/T\u00eb <a href=\"https:\/\/mountlaser.com\/sq\/\"><strong>P\u00ebrshtat\u00ebs alumini AD-C50<\/strong><\/a> \u00ebsht\u00eb nj\u00eb aksesor i projektuar me precizion t\u00eb lart\u00eb, i projektuar p\u00ebr p\u00ebrputhshm\u00ebri t\u00eb p\u00ebrmir\u00ebsuar n\u00eb sistemet e matjes. Ky aksesor i fuqish\u00ebm <a href=\"https:\/\/mountlaser.com\/sq\/products\/\"><strong>P\u00ebrshtat\u00ebs alumini me lart\u00ebsi 50 mm<\/strong><\/a> \u00ebsht\u00eb i p\u00ebrpunuar nga alumini me cil\u00ebsi t\u00eb lart\u00eb, duke ofruar nj\u00eb ekuilib\u00ebr optimal midis forc\u00ebs dhe pesh\u00ebs s\u00eb leht\u00eb. Ai p\u00ebrmban fileto t\u00eb dyfishta shum\u00ebfunksionale (M8 dhe 5\/8\u2033-11) n\u00eb skajet e kund\u00ebrta, duke e b\u00ebr\u00eb at\u00eb nj\u00eb mjet t\u00eb domosdosh\u00ebm p\u00ebr lidhjen e instrumenteve dhe aksesor\u00ebve t\u00eb ndrysh\u00ebm q\u00eb p\u00ebrndryshe do t\u00eb ishin t\u00eb papajtuesh\u00ebm. Me nj\u00eb diamet\u00ebr t\u00eb jasht\u00ebm prej 32 mm, ai siguron nj\u00eb p\u00ebrshtatje t\u00eb sigurt dhe t\u00eb q\u00ebndrueshme.<\/p>\n<p><img fetchpriority=\"high\" decoding=\"async\" class=\"wp-image-2564 aligncenter\" src=\"https:\/\/mountlaser.com\/wp-content\/uploads\/2025\/10\/AD-C50-5.webp\" alt=\"Height 50mm Aluminum Adapter \" width=\"500\" height=\"500\" srcset=\"https:\/\/mountlaser.com\/wp-content\/uploads\/2025\/10\/AD-C50-5.webp 1000w, https:\/\/mountlaser.com\/wp-content\/uploads\/2025\/10\/AD-C50-5-300x300.webp 300w, https:\/\/mountlaser.com\/wp-content\/uploads\/2025\/10\/AD-C50-5-400x400.webp 400w, https:\/\/mountlaser.com\/wp-content\/uploads\/2025\/10\/AD-C50-5-800x800.webp 800w, https:\/\/mountlaser.com\/wp-content\/uploads\/2025\/10\/AD-C50-5-600x600.webp 600w, https:\/\/mountlaser.com\/wp-content\/uploads\/2025\/10\/AD-C50-5-150x150.webp 150w, https:\/\/mountlaser.com\/wp-content\/uploads\/2025\/10\/AD-C50-5-768x768.webp 768w, https:\/\/mountlaser.com\/wp-content\/uploads\/2025\/10\/AD-C50-5-12x12.webp 12w\" sizes=\"(max-width: 500px) 100vw, 500px\" \/><\/p>\n<p>Funksioni kryesor i k\u00ebsaj specifike <a href=\"https:\/\/mountlaser.com\/sq\/contact-us\/\">P\u00ebrshtat\u00ebs alumini me lart\u00ebsi 50 mm<\/a> \u00ebsht\u00eb t\u00eb veproj\u00eb si nj\u00eb komponent nd\u00ebrmjet\u00ebs i besuesh\u00ebm, duke zgjeruar ose p\u00ebrshtatur n\u00eb m\u00ebnyr\u00eb efektive lidhjet n\u00eb konfigurimin tuaj. Lart\u00ebsia e tij e standardizuar siguron hap\u00ebsir\u00ebn dhe shtrirjen e nevojshme p\u00ebr matje t\u00eb sakta. Zgjidhni AD-C50, Adaptuesin thelb\u00ebsor t\u00eb Aluminit me Lart\u00ebsi 50 mm, p\u00ebr nj\u00eb zgjidhje integrimi t\u00eb p\u00ebrsosur dhe profesionale n\u00eb aplikimet tuaja t\u00eb matjes.<\/p>","protected":false},"excerpt":{"rendered":"<ul>\n<li>P\u00ebrshtatja e Lidhjes: Mbulon hendekun midis pajisjeve me fije M8 dhe 5\/8\u2033-11.<\/li>\n<li>Pajtueshm\u00ebria e Sistemit: Mund\u00ebson p\u00ebrdorimin e instrumenteve dhe aksesor\u00ebve me standarde t\u00eb ndryshme t\u00eb filetove.<\/li>\n<\/ul>","protected":false},"featured_media":2561,"comment_status":"open","ping_status":"closed","template":"","meta":[],"product_brand":[],"product_cat":[79,102],"product_tag":[],"class_list":{"0":"post-2560","1":"product","2":"type-product","3":"status-publish","4":"has-post-thumbnail","6":"product_cat-surveying-accessory","7":"product_cat-monitoring-adapter","9":"first","10":"instock","11":"shipping-taxable","12":"product-type-simple"},"_links":{"self":[{"href":"https:\/\/mountlaser.com\/sq\/wp-json\/wp\/v2\/product\/2560","targetHints":{"allow":["GET"]}}],"collection":[{"href":"https:\/\/mountlaser.com\/sq\/wp-json\/wp\/v2\/product"}],"about":[{"href":"https:\/\/mountlaser.com\/sq\/wp-json\/wp\/v2\/types\/product"}],"replies":[{"embeddable":true,"href":"https:\/\/mountlaser.com\/sq\/wp-json\/wp\/v2\/comments?post=2560"}],"wp:featuredmedia":[{"embeddable":true,"href":"https:\/\/mountlaser.com\/sq\/wp-json\/wp\/v2\/media\/2561"}],"wp:attachment":[{"href":"https:\/\/mountlaser.com\/sq\/wp-json\/wp\/v2\/media?parent=2560"}],"wp:term":[{"taxonomy":"product_brand","embeddable":true,"href":"https:\/\/mountlaser.com\/sq\/wp-json\/wp\/v2\/product_brand?post=2560"},{"taxonomy":"product_cat","embeddable":true,"href":"https:\/\/mountlaser.com\/sq\/wp-json\/wp\/v2\/product_cat?post=2560"},{"taxonomy":"product_tag","embeddable":true,"href":"https:\/\/mountlaser.com\/sq\/wp-json\/wp\/v2\/product_tag?post=2560"}],"curies":[{"name":"wp","href":"https:\/\/api.w.org\/{rel}","templated":true}]}}