{"id":2543,"date":"2025-10-09T09:24:16","date_gmt":"2025-10-09T09:24:16","guid":{"rendered":"https:\/\/mountlaser.com\/?post_type=product&#038;p=2543"},"modified":"2025-11-28T07:11:35","modified_gmt":"2025-11-28T07:11:35","slug":"ad-e04-aluminum-gps-adapter","status":"publish","type":"product","link":"https:\/\/mountlaser.com\/sq\/produkt\/ad-e04-aluminum-gps-adapter\/","title":{"rendered":"P\u00ebrshtat\u00ebs GPS prej alumini AD-E04"},"content":{"rendered":"<p>Montim preciz p\u00ebr GPS Rover-in tuaj me <a href=\"https:\/\/mountlaser.com\/sq\/\"><strong>P\u00ebrshtat\u00ebs GPS AD-E04<\/strong><\/a><\/p>\n<p>Mount Laser AD-E04 \u00ebsht\u00eb nj\u00eb Adaptues GPS i specializuar me lart\u00ebsi 30 mm, i projektuar me ekspertiz\u00eb p\u00ebr t\u00eb krijuar nj\u00eb ur\u00eb lidh\u00ebse midis roverit tuaj GPS dhe shtyllave t\u00eb matjes. I prodhuar nga alumini i cil\u00ebsis\u00eb s\u00eb lart\u00eb, ky Adaptues GPS thelb\u00ebsor ofron nj\u00eb ekuilib\u00ebr t\u00eb p\u00ebrsosur midis manovrimit t\u00eb leht\u00eb dhe q\u00ebndrueshm\u00ebris\u00eb s\u00eb fort\u00eb p\u00ebr p\u00ebrdorim t\u00eb p\u00ebrditsh\u00ebm n\u00eb terren.<\/p>\n<p><img fetchpriority=\"high\" decoding=\"async\" class=\"aligncenter wp-image-2549\" src=\"https:\/\/mountlaser.com\/wp-content\/uploads\/2025\/10\/AD-E04-7.webp\" alt=\"Height 30mm GPS Adapter\" width=\"500\" height=\"500\" srcset=\"https:\/\/mountlaser.com\/wp-content\/uploads\/2025\/10\/AD-E04-7.webp 1000w, https:\/\/mountlaser.com\/wp-content\/uploads\/2025\/10\/AD-E04-7-300x300.webp 300w, https:\/\/mountlaser.com\/wp-content\/uploads\/2025\/10\/AD-E04-7-400x400.webp 400w, https:\/\/mountlaser.com\/wp-content\/uploads\/2025\/10\/AD-E04-7-800x800.webp 800w, https:\/\/mountlaser.com\/wp-content\/uploads\/2025\/10\/AD-E04-7-600x600.webp 600w, https:\/\/mountlaser.com\/wp-content\/uploads\/2025\/10\/AD-E04-7-150x150.webp 150w, https:\/\/mountlaser.com\/wp-content\/uploads\/2025\/10\/AD-E04-7-768x768.webp 768w, https:\/\/mountlaser.com\/wp-content\/uploads\/2025\/10\/AD-E04-7-12x12.webp 12w\" sizes=\"(max-width: 500px) 100vw, 500px\" \/><\/p>\n<p>Ky shum\u00ebfunksional <a href=\"https:\/\/mountlaser.com\/sq\/products\/\"><strong>P\u00ebrshtat\u00ebs GPS me lart\u00ebsi 30 mm<\/strong><\/a> p\u00ebrmban fileto t\u00eb dyfishta 5\/8\u2033-11, duke e b\u00ebr\u00eb at\u00eb nd\u00ebrfaqen ideale p\u00ebr montimin e marr\u00ebsve t\u00eb ndrysh\u00ebm GPS. Lart\u00ebsia e sakt\u00eb prej 30 mm e ofruar nga ky P\u00ebrshtat\u00ebs i fuqish\u00ebm GPS siguron pozicionim optimal dhe pritje t\u00eb p\u00ebrmir\u00ebsuar t\u00eb sinjalit p\u00ebr instrumentet tuaja t\u00eb matjes.<\/p>","protected":false},"excerpt":{"rendered":"<ul>\n<li>Montimi i Roverit GPS: Sh\u00ebrben si nj\u00eb pik\u00eb lidhjeje e dedikuar p\u00ebr t\u00eb montuar n\u00eb m\u00ebnyr\u00eb t\u00eb sigurt rover\u00ebt GPS n\u00eb shtyllat standarde t\u00eb matjes 5\/8\u2033-11.<\/li>\n<li>Rregullimi optimal i lart\u00ebsis\u00eb: Lart\u00ebsia prej 30 mm siguron hap\u00ebsir\u00ebn dhe stabilitetin e nevojsh\u00ebm p\u00ebr pajisjet tuaja GPS.<\/li>\n<\/ul>","protected":false},"featured_media":2545,"comment_status":"open","ping_status":"closed","template":"","meta":[],"product_brand":[],"product_cat":[79,102],"product_tag":[],"class_list":{"0":"post-2543","1":"product","2":"type-product","3":"status-publish","4":"has-post-thumbnail","6":"product_cat-surveying-accessory","7":"product_cat-monitoring-adapter","9":"first","10":"instock","11":"shipping-taxable","12":"product-type-simple"},"_links":{"self":[{"href":"https:\/\/mountlaser.com\/sq\/wp-json\/wp\/v2\/product\/2543","targetHints":{"allow":["GET"]}}],"collection":[{"href":"https:\/\/mountlaser.com\/sq\/wp-json\/wp\/v2\/product"}],"about":[{"href":"https:\/\/mountlaser.com\/sq\/wp-json\/wp\/v2\/types\/product"}],"replies":[{"embeddable":true,"href":"https:\/\/mountlaser.com\/sq\/wp-json\/wp\/v2\/comments?post=2543"}],"wp:featuredmedia":[{"embeddable":true,"href":"https:\/\/mountlaser.com\/sq\/wp-json\/wp\/v2\/media\/2545"}],"wp:attachment":[{"href":"https:\/\/mountlaser.com\/sq\/wp-json\/wp\/v2\/media?parent=2543"}],"wp:term":[{"taxonomy":"product_brand","embeddable":true,"href":"https:\/\/mountlaser.com\/sq\/wp-json\/wp\/v2\/product_brand?post=2543"},{"taxonomy":"product_cat","embeddable":true,"href":"https:\/\/mountlaser.com\/sq\/wp-json\/wp\/v2\/product_cat?post=2543"},{"taxonomy":"product_tag","embeddable":true,"href":"https:\/\/mountlaser.com\/sq\/wp-json\/wp\/v2\/product_tag?post=2543"}],"curies":[{"name":"wp","href":"https:\/\/api.w.org\/{rel}","templated":true}]}}