{"id":2536,"date":"2025-10-09T08:53:53","date_gmt":"2025-10-09T08:53:53","guid":{"rendered":"https:\/\/mountlaser.com\/?post_type=product&#038;p=2536"},"modified":"2025-11-28T07:12:33","modified_gmt":"2025-11-28T07:12:33","slug":"ad-e03-stainless-steel-adapter","status":"publish","type":"product","link":"https:\/\/mountlaser.com\/sq\/produkt\/ad-e03-stainless-steel-adapter\/","title":{"rendered":"P\u00ebrshtat\u00ebs \u00e7eliku inox AD-E03"},"content":{"rendered":"<p>P\u00ebrjetoni Fuqi Superiore me <a href=\"https:\/\/mountlaser.com\/sq\/\"><strong>P\u00ebrshtat\u00ebs \u00e7eliku inox AD-E03<\/strong><\/a><\/p>\n<p>Mount Laser AD-E03 \u00ebsht\u00eb nj\u00eb p\u00ebrshtat\u00ebs \u00e7eliku inox me lart\u00ebsi 22 mm p\u00ebr pun\u00eb t\u00eb r\u00ebnd\u00eb, i projektuar p\u00ebr profesionist\u00eb q\u00eb k\u00ebrkojn\u00eb q\u00ebndrueshm\u00ebri maksimale n\u00eb mjedise pune sfiduese. Ndryshe nga p\u00ebrshtat\u00ebsit standard\u00eb t\u00eb aluminit, ky model \u00ebsht\u00eb i p\u00ebrpunuar me precizion nga \u00e7elik inox i cil\u00ebsis\u00eb s\u00eb lart\u00eb, duke ofruar rezistenc\u00eb t\u00eb jasht\u00ebzakonshme ndaj korrozionit, goditjeve dhe konsumimit.<\/p>\n<p><img fetchpriority=\"high\" decoding=\"async\" class=\"aligncenter wp-image-2541\" src=\"https:\/\/mountlaser.com\/wp-content\/uploads\/2025\/10\/AD-E03-6.webp\" alt=\"Height 22mm Stainless steel adapter \" width=\"500\" height=\"500\" srcset=\"https:\/\/mountlaser.com\/wp-content\/uploads\/2025\/10\/AD-E03-6.webp 1000w, https:\/\/mountlaser.com\/wp-content\/uploads\/2025\/10\/AD-E03-6-300x300.webp 300w, https:\/\/mountlaser.com\/wp-content\/uploads\/2025\/10\/AD-E03-6-400x400.webp 400w, https:\/\/mountlaser.com\/wp-content\/uploads\/2025\/10\/AD-E03-6-800x800.webp 800w, https:\/\/mountlaser.com\/wp-content\/uploads\/2025\/10\/AD-E03-6-600x600.webp 600w, https:\/\/mountlaser.com\/wp-content\/uploads\/2025\/10\/AD-E03-6-150x150.webp 150w, https:\/\/mountlaser.com\/wp-content\/uploads\/2025\/10\/AD-E03-6-768x768.webp 768w, https:\/\/mountlaser.com\/wp-content\/uploads\/2025\/10\/AD-E03-6-12x12.webp 12w\" sizes=\"(max-width: 500px) 100vw, 500px\" \/><\/p>\n<p>Kjo e fuqishme <a href=\"https:\/\/mountlaser.com\/sq\/products\/\"><strong>P\u00ebrshtat\u00ebs \u00e7eliku inox me lart\u00ebsi 22 mm<\/strong><\/a> p\u00ebrmban fileto t\u00eb dyfishta 5\/8\u2033-11 (mashkull dhe fem\u00ebr), q\u00eb sh\u00ebrbejn\u00eb si nj\u00eb komponent zgjatues kritik p\u00ebr shtyllat dhe montimet tuaja t\u00eb matjes. Integriteti i k\u00ebtij P\u00ebrshtat\u00ebsi \u00c7elik Inoks me Lart\u00ebsi 22 mm siguron q\u00eb instrumentet tuaja precize t\u00eb mbeten t\u00eb q\u00ebndrueshme dhe t\u00eb pozicionuara me sakt\u00ebsi, madje edhe me p\u00ebrdorim t\u00eb r\u00ebnd\u00eb t\u00eb p\u00ebrditsh\u00ebm.<\/p>","protected":false},"excerpt":{"rendered":"<ul>\n<li>Pajtueshm\u00ebri universale: P\u00ebrmban fileto t\u00eb dyfishta 5\/8\u2033-11 p\u00ebr lidhjen e nj\u00eb game t\u00eb gjer\u00eb instrumentesh dhe aksesor\u00ebsh t\u00eb p\u00ebrputhsh\u00ebm matjeje.<\/li>\n<li>Lidhje e Sigurt: Siguron nj\u00eb lidhje t\u00eb ngurt\u00eb dhe t\u00eb besueshme q\u00eb minimizon dridhjet dhe l\u00ebvizjen, duke mbrojtur sakt\u00ebsin\u00eb e matjeve tuaja.<\/li>\n<\/ul>","protected":false},"featured_media":2538,"comment_status":"open","ping_status":"closed","template":"","meta":[],"product_brand":[],"product_cat":[79,102],"product_tag":[],"class_list":{"0":"post-2536","1":"product","2":"type-product","3":"status-publish","4":"has-post-thumbnail","6":"product_cat-surveying-accessory","7":"product_cat-monitoring-adapter","9":"first","10":"instock","11":"shipping-taxable","12":"product-type-simple"},"_links":{"self":[{"href":"https:\/\/mountlaser.com\/sq\/wp-json\/wp\/v2\/product\/2536","targetHints":{"allow":["GET"]}}],"collection":[{"href":"https:\/\/mountlaser.com\/sq\/wp-json\/wp\/v2\/product"}],"about":[{"href":"https:\/\/mountlaser.com\/sq\/wp-json\/wp\/v2\/types\/product"}],"replies":[{"embeddable":true,"href":"https:\/\/mountlaser.com\/sq\/wp-json\/wp\/v2\/comments?post=2536"}],"wp:featuredmedia":[{"embeddable":true,"href":"https:\/\/mountlaser.com\/sq\/wp-json\/wp\/v2\/media\/2538"}],"wp:attachment":[{"href":"https:\/\/mountlaser.com\/sq\/wp-json\/wp\/v2\/media?parent=2536"}],"wp:term":[{"taxonomy":"product_brand","embeddable":true,"href":"https:\/\/mountlaser.com\/sq\/wp-json\/wp\/v2\/product_brand?post=2536"},{"taxonomy":"product_cat","embeddable":true,"href":"https:\/\/mountlaser.com\/sq\/wp-json\/wp\/v2\/product_cat?post=2536"},{"taxonomy":"product_tag","embeddable":true,"href":"https:\/\/mountlaser.com\/sq\/wp-json\/wp\/v2\/product_tag?post=2536"}],"curies":[{"name":"wp","href":"https:\/\/api.w.org\/{rel}","templated":true}]}}