{"id":2529,"date":"2025-10-09T08:45:48","date_gmt":"2025-10-09T08:45:48","guid":{"rendered":"https:\/\/mountlaser.com\/?post_type=product&#038;p=2529"},"modified":"2025-11-28T07:13:32","modified_gmt":"2025-11-28T07:13:32","slug":"ad-e02-aluminum-adapter","status":"publish","type":"product","link":"https:\/\/mountlaser.com\/sq\/produkt\/ad-e02-aluminum-adapter\/","title":{"rendered":"P\u00ebrshtat\u00ebs alumini AD-E02"},"content":{"rendered":"<p>Siguroni nj\u00eb lidhje t\u00eb fort\u00eb me <a href=\"https:\/\/mountlaser.com\/sq\/\"><strong>P\u00ebrshtat\u00ebs alumini AD-E02<\/strong><\/a><\/p>\n<p>Mount Laser AD-E02 \u00ebsht\u00eb nj\u00eb pajisje e p\u00ebrpunuar me precizion t\u00eb lart\u00eb.<a href=\"https:\/\/mountlaser.com\/sq\/products\/\"><strong> P\u00ebrshtat\u00ebs alumini me lart\u00ebsi 20 mm<\/strong><\/a> I projektuar p\u00ebr t\u00eb ofruar nj\u00eb lidhje zgjatimi t\u00eb fort\u00eb dhe t\u00eb besueshme p\u00ebr pajisjet tuaja t\u00eb matjes. I prodhuar nga aliazh alumini me rezistenc\u00eb t\u00eb lart\u00eb, ky p\u00ebrshtat\u00ebs \u00ebsht\u00eb nd\u00ebrtuar p\u00ebr t\u00eb ofruar q\u00ebndrueshm\u00ebri duke ruajtur nj\u00eb profil t\u00eb leht\u00eb p\u00ebr p\u00ebrdorim t\u00eb leht\u00eb n\u00eb terren.<\/p>\n<p><img fetchpriority=\"high\" decoding=\"async\" class=\"aligncenter wp-image-2534\" src=\"https:\/\/mountlaser.com\/wp-content\/uploads\/2025\/10\/AD-E02-6.webp\" alt=\"Height 20mm Aluminum adapter\" width=\"500\" height=\"500\" srcset=\"https:\/\/mountlaser.com\/wp-content\/uploads\/2025\/10\/AD-E02-6.webp 1000w, https:\/\/mountlaser.com\/wp-content\/uploads\/2025\/10\/AD-E02-6-300x300.webp 300w, https:\/\/mountlaser.com\/wp-content\/uploads\/2025\/10\/AD-E02-6-400x400.webp 400w, https:\/\/mountlaser.com\/wp-content\/uploads\/2025\/10\/AD-E02-6-800x800.webp 800w, https:\/\/mountlaser.com\/wp-content\/uploads\/2025\/10\/AD-E02-6-600x600.webp 600w, https:\/\/mountlaser.com\/wp-content\/uploads\/2025\/10\/AD-E02-6-150x150.webp 150w, https:\/\/mountlaser.com\/wp-content\/uploads\/2025\/10\/AD-E02-6-768x768.webp 768w, https:\/\/mountlaser.com\/wp-content\/uploads\/2025\/10\/AD-E02-6-12x12.webp 12w\" sizes=\"(max-width: 500px) 100vw, 500px\" \/><\/p>\n<p>Si nj\u00eb i p\u00ebrkushtuar <a href=\"https:\/\/mountlaser.com\/sq\/contact-us\/\">P\u00ebrshtat\u00ebs alumini me lart\u00ebsi 20 mm<\/a>, ai p\u00ebrmban fileto t\u00eb dyfishta 5\/8\u2033-11 (nj\u00eb mashkull, nj\u00eb fem\u00ebr), duke e b\u00ebr\u00eb at\u00eb mjetin perfekt p\u00ebr t\u00eb zgjeruar lart\u00ebsin\u00eb e shtyllave t\u00eb prizm\u00ebs ose p\u00ebr t\u00eb lidhur aksesor\u00eb t\u00eb p\u00ebrputhsh\u00ebm. P\u00ebrshtat\u00ebsi kompakt dhe i fort\u00eb prej alumini me lart\u00ebsi 20 mm siguron q\u00eb konfigurimi juaj t\u00eb mbetet i q\u00ebndruesh\u00ebm dhe i sakt\u00eb.<\/p>","protected":false},"excerpt":{"rendered":"<ul>\n<li>P\u00ebrdoret kryesisht p\u00ebr t\u00eb shtuar nj\u00eb zgjatim preciz prej 20 mm n\u00eb shtyllat e prizm\u00ebs dhe sisteme t\u00eb tjera montimi.<\/li>\n<li>P\u00ebrmban fileto t\u00eb dyfishta 5\/8\u2033-11 p\u00ebr lidhje t\u00eb p\u00ebrsosur midis instrumenteve dhe aksesor\u00ebve t\u00eb pajtuesh\u00ebm.<\/li>\n<\/ul>","protected":false},"featured_media":2531,"comment_status":"open","ping_status":"closed","template":"","meta":[],"product_brand":[],"product_cat":[79,102],"product_tag":[],"class_list":{"0":"post-2529","1":"product","2":"type-product","3":"status-publish","4":"has-post-thumbnail","6":"product_cat-surveying-accessory","7":"product_cat-monitoring-adapter","9":"first","10":"instock","11":"shipping-taxable","12":"product-type-simple"},"_links":{"self":[{"href":"https:\/\/mountlaser.com\/sq\/wp-json\/wp\/v2\/product\/2529","targetHints":{"allow":["GET"]}}],"collection":[{"href":"https:\/\/mountlaser.com\/sq\/wp-json\/wp\/v2\/product"}],"about":[{"href":"https:\/\/mountlaser.com\/sq\/wp-json\/wp\/v2\/types\/product"}],"replies":[{"embeddable":true,"href":"https:\/\/mountlaser.com\/sq\/wp-json\/wp\/v2\/comments?post=2529"}],"wp:featuredmedia":[{"embeddable":true,"href":"https:\/\/mountlaser.com\/sq\/wp-json\/wp\/v2\/media\/2531"}],"wp:attachment":[{"href":"https:\/\/mountlaser.com\/sq\/wp-json\/wp\/v2\/media?parent=2529"}],"wp:term":[{"taxonomy":"product_brand","embeddable":true,"href":"https:\/\/mountlaser.com\/sq\/wp-json\/wp\/v2\/product_brand?post=2529"},{"taxonomy":"product_cat","embeddable":true,"href":"https:\/\/mountlaser.com\/sq\/wp-json\/wp\/v2\/product_cat?post=2529"},{"taxonomy":"product_tag","embeddable":true,"href":"https:\/\/mountlaser.com\/sq\/wp-json\/wp\/v2\/product_tag?post=2529"}],"curies":[{"name":"wp","href":"https:\/\/api.w.org\/{rel}","templated":true}]}}