{"id":2522,"date":"2025-10-09T08:38:59","date_gmt":"2025-10-09T08:38:59","guid":{"rendered":"https:\/\/mountlaser.com\/?post_type=product&#038;p=2522"},"modified":"2025-11-28T07:16:18","modified_gmt":"2025-11-28T07:16:18","slug":"ad-e01-aluminum-adapter","status":"publish","type":"product","link":"https:\/\/mountlaser.com\/sq\/produkt\/ad-e01-aluminum-adapter\/","title":{"rendered":"P\u00ebrshtat\u00ebs alumini AD-E01"},"content":{"rendered":"<p>P\u00ebrmir\u00ebsoni Sistemin Tuaj t\u00eb Montimit me <a href=\"https:\/\/mountlaser.com\/sq\/\"><strong>P\u00ebrshtat\u00ebs alumini AD-E01<\/strong><\/a><\/p>\n<p>I\/E\/T\u00eb\/T\u00eb <a href=\"https:\/\/mountlaser.com\/sq\/products\/\"><strong>Montimi i Lazerit AD-E01<\/strong><\/a> \u00ebsht\u00eb nj\u00eb p\u00ebrshtat\u00ebs Fem\u00ebr-Mashkull i projektuar me precizion, i projektuar p\u00ebr t\u00eb siguruar nj\u00eb lidhje t\u00eb pand\u00ebrprer\u00eb dhe t\u00eb besueshme midis instrumenteve dhe aksesor\u00ebve tuaj t\u00eb matjes. Ky p\u00ebrshtat\u00ebs alumini shum\u00ebfunksional me lart\u00ebsi 18.5 mm \u00ebsht\u00eb krijuar nga alumini me cil\u00ebsi t\u00eb lart\u00eb, duke ofruar nj\u00eb ekuilib\u00ebr optimal midis dizajnit t\u00eb leht\u00eb dhe q\u00ebndrueshm\u00ebris\u00eb s\u00eb jasht\u00ebzakonshme p\u00ebr t&#039;i b\u00ebr\u00eb ball\u00eb p\u00ebrdorimit t\u00eb p\u00ebrditsh\u00ebm n\u00eb terren.<\/p>\n<p><img fetchpriority=\"high\" decoding=\"async\" class=\"aligncenter wp-image-2525\" src=\"https:\/\/mountlaser.com\/wp-content\/uploads\/2025\/10\/AD-E01-4.webp\" alt=\"Female to Male Adapter\" width=\"500\" height=\"500\" srcset=\"https:\/\/mountlaser.com\/wp-content\/uploads\/2025\/10\/AD-E01-4.webp 1000w, https:\/\/mountlaser.com\/wp-content\/uploads\/2025\/10\/AD-E01-4-300x300.webp 300w, https:\/\/mountlaser.com\/wp-content\/uploads\/2025\/10\/AD-E01-4-400x400.webp 400w, https:\/\/mountlaser.com\/wp-content\/uploads\/2025\/10\/AD-E01-4-800x800.webp 800w, https:\/\/mountlaser.com\/wp-content\/uploads\/2025\/10\/AD-E01-4-600x600.webp 600w, https:\/\/mountlaser.com\/wp-content\/uploads\/2025\/10\/AD-E01-4-150x150.webp 150w, https:\/\/mountlaser.com\/wp-content\/uploads\/2025\/10\/AD-E01-4-768x768.webp 768w, https:\/\/mountlaser.com\/wp-content\/uploads\/2025\/10\/AD-E01-4-12x12.webp 12w\" sizes=\"(max-width: 500px) 100vw, 500px\" \/><\/p>\n<p>Si nj\u00eb vendimtar <strong>P\u00ebrshtat\u00ebs fem\u00ebr n\u00eb mashkull<\/strong>, ai lidh n\u00eb m\u00ebnyr\u00eb efektive pajisjet me standarde t\u00eb ndryshme t\u00eb filetove, duke siguruar p\u00ebrputhshm\u00ebri n\u00eb nj\u00eb gam\u00eb t\u00eb gjer\u00eb mjetesh.<\/p>","protected":false},"excerpt":{"rendered":"<ul>\n<li>Konvertim preciz i filetos: Konverton leht\u00ebsisht nga fileto fem\u00ebr 5\/8\u2033-11 n\u00eb fileto mashkull 1\/4\u2033-20.<\/li>\n<li>Nd\u00ebrtim i fort\u00eb prej alumini: I b\u00ebr\u00eb nga alumini i cil\u00ebsis\u00eb s\u00eb lart\u00eb p\u00ebr performanc\u00eb afatgjat\u00eb pa shtuar pesh\u00eb t\u00eb konsiderueshme.<\/li>\n<li>Dimensione t\u00eb Optimizuara: Ka nj\u00eb diamet\u00ebr t\u00eb jasht\u00ebm prej 25 mm dhe nj\u00eb lart\u00ebsi t\u00eb sakt\u00eb prej 18.5 mm<\/li>\n<li>duke e b\u00ebr\u00eb k\u00ebt\u00eb p\u00ebrshtat\u00ebs alumini nj\u00eb zgjidhje kompakte dhe efikase p\u00ebr konfigurimin tuaj.<\/li>\n<\/ul>","protected":false},"featured_media":2523,"comment_status":"open","ping_status":"closed","template":"","meta":[],"product_brand":[],"product_cat":[79,102],"product_tag":[],"class_list":{"0":"post-2522","1":"product","2":"type-product","3":"status-publish","4":"has-post-thumbnail","6":"product_cat-surveying-accessory","7":"product_cat-monitoring-adapter","9":"first","10":"instock","11":"shipping-taxable","12":"product-type-simple"},"_links":{"self":[{"href":"https:\/\/mountlaser.com\/sq\/wp-json\/wp\/v2\/product\/2522","targetHints":{"allow":["GET"]}}],"collection":[{"href":"https:\/\/mountlaser.com\/sq\/wp-json\/wp\/v2\/product"}],"about":[{"href":"https:\/\/mountlaser.com\/sq\/wp-json\/wp\/v2\/types\/product"}],"replies":[{"embeddable":true,"href":"https:\/\/mountlaser.com\/sq\/wp-json\/wp\/v2\/comments?post=2522"}],"wp:featuredmedia":[{"embeddable":true,"href":"https:\/\/mountlaser.com\/sq\/wp-json\/wp\/v2\/media\/2523"}],"wp:attachment":[{"href":"https:\/\/mountlaser.com\/sq\/wp-json\/wp\/v2\/media?parent=2522"}],"wp:term":[{"taxonomy":"product_brand","embeddable":true,"href":"https:\/\/mountlaser.com\/sq\/wp-json\/wp\/v2\/product_brand?post=2522"},{"taxonomy":"product_cat","embeddable":true,"href":"https:\/\/mountlaser.com\/sq\/wp-json\/wp\/v2\/product_cat?post=2522"},{"taxonomy":"product_tag","embeddable":true,"href":"https:\/\/mountlaser.com\/sq\/wp-json\/wp\/v2\/product_tag?post=2522"}],"curies":[{"name":"wp","href":"https:\/\/api.w.org\/{rel}","templated":true}]}}