{"id":2476,"date":"2025-09-30T08:57:38","date_gmt":"2025-09-30T08:57:38","guid":{"rendered":"https:\/\/mountlaser.com\/?post_type=product&#038;p=2476"},"modified":"2025-11-28T07:19:48","modified_gmt":"2025-11-28T07:19:48","slug":"ad-l09-stainless-steel-adapter","status":"publish","type":"product","link":"https:\/\/mountlaser.com\/sq\/produkt\/ad-l09-stainless-steel-adapter\/","title":{"rendered":"P\u00ebrshtat\u00ebs \u00e7eliku inox AD-L09"},"content":{"rendered":"<p>Rritni q\u00ebndrueshm\u00ebrin\u00eb e pajisjeve tuaja me <a href=\"https:\/\/mountlaser.com\/sq\/\"><strong>Adaptues \u00e7eliku inox AD-L09 p\u00ebr Mount Laser<\/strong><\/a>. I projektuar p\u00ebr kushtet m\u00eb t\u00eb v\u00ebshtira t\u00eb vendit t\u00eb pun\u00ebs, ky p\u00ebrshtat\u00ebs \u00e7eliku inox AD-L09 premium \u00ebsht\u00eb i p\u00ebrpunuar nga \u00e7elik inox i cil\u00ebsis\u00eb s\u00eb lart\u00eb, duke ofruar rezistenc\u00eb t\u00eb pakrahasueshme ndaj korrozionit, goditjes dhe konsumimit. Ai p\u00ebrmban nj\u00eb tap\u00eb zvicerane precize 25 mm dhe nj\u00eb fileto fem\u00ebr universale 5\/8\u2033-11, duke garantuar nj\u00eb lidhje perfekte, t\u00eb sigurt dhe afatgjat\u00eb p\u00ebr instrumentet tuaja t\u00eb matjes.<\/p>\n<p><img fetchpriority=\"high\" decoding=\"async\" class=\"aligncenter wp-image-2479\" src=\"https:\/\/mountlaser.com\/wp-content\/uploads\/2025\/09\/AD-L09-7.webp\" alt=\"AD-L09 Stainless steel Adapter\" width=\"500\" height=\"500\" srcset=\"https:\/\/mountlaser.com\/wp-content\/uploads\/2025\/09\/AD-L09-7.webp 1000w, https:\/\/mountlaser.com\/wp-content\/uploads\/2025\/09\/AD-L09-7-300x300.webp 300w, https:\/\/mountlaser.com\/wp-content\/uploads\/2025\/09\/AD-L09-7-400x400.webp 400w, https:\/\/mountlaser.com\/wp-content\/uploads\/2025\/09\/AD-L09-7-800x800.webp 800w, https:\/\/mountlaser.com\/wp-content\/uploads\/2025\/09\/AD-L09-7-600x600.webp 600w, https:\/\/mountlaser.com\/wp-content\/uploads\/2025\/09\/AD-L09-7-150x150.webp 150w, https:\/\/mountlaser.com\/wp-content\/uploads\/2025\/09\/AD-L09-7-768x768.webp 768w, https:\/\/mountlaser.com\/wp-content\/uploads\/2025\/09\/AD-L09-7-12x12.webp 12w\" sizes=\"(max-width: 500px) 100vw, 500px\" \/><\/p>\n<p>I nd\u00ebrtuar p\u00ebr t&#039;i b\u00ebr\u00eb ball\u00eb p\u00ebrdorimit t\u00eb vazhduesh\u00ebm n\u00eb mjedise t\u00eb ashpra, nd\u00ebrtimi i fort\u00eb i <a href=\"https:\/\/mountlaser.com\/sq\/products\/\"><strong>P\u00ebrshtat\u00ebs \u00e7eliku inox AD-L09<\/strong><\/a> siguron q\u00eb konfigurimi juaj t\u00eb mbetet i q\u00ebndruesh\u00ebm dhe i sakt\u00eb, projekt pas projekti. Fort\u00ebsia e tij e jasht\u00ebzakonshme mbron pajisjet tuaja t\u00eb vlefshme nga d\u00ebmtimi dhe zhveshja e filetove. P\u00ebr profesionist\u00ebt q\u00eb refuzojn\u00eb t\u00eb b\u00ebjn\u00eb kompromis p\u00ebr cil\u00ebsin\u00eb dhe jet\u00ebgjat\u00ebsin\u00eb, AD-L09 \u00ebsht\u00eb zgjedhja p\u00ebrfundimtare p\u00ebr nj\u00eb p\u00ebrshtat\u00ebs t\u00eb besuesh\u00ebm dhe pa mir\u00ebmbajtje.<\/p>","protected":false},"excerpt":{"rendered":"<ul>\n<li>Ofron forc\u00eb maksimale, rezistenc\u00eb ndaj korrozionit dhe q\u00ebndrueshm\u00ebri afatgjat\u00eb n\u00eb t\u00eb gjitha mjediset.<\/li>\n<li>P\u00ebrmban nj\u00eb tap\u00eb me sakt\u00ebsi t\u00eb lart\u00eb me diamet\u00ebr 25 mm p\u00ebr nj\u00eb p\u00ebrshtatje t\u00eb sigurt dhe t\u00eb p\u00ebrsosur me instrumentet tuaja.<\/li>\n<li>Siguron p\u00ebrputhshm\u00ebri t\u00eb gjer\u00eb me trek\u00ebmb\u00ebshat, shtyllat dhe aksesor\u00ebt standard\u00eb t\u00eb matjes.<\/li>\n<\/ul>","protected":false},"featured_media":2477,"comment_status":"open","ping_status":"closed","template":"","meta":[],"product_brand":[],"product_cat":[79,102],"product_tag":[],"class_list":{"0":"post-2476","1":"product","2":"type-product","3":"status-publish","4":"has-post-thumbnail","6":"product_cat-surveying-accessory","7":"product_cat-monitoring-adapter","9":"first","10":"instock","11":"shipping-taxable","12":"product-type-simple"},"_links":{"self":[{"href":"https:\/\/mountlaser.com\/sq\/wp-json\/wp\/v2\/product\/2476","targetHints":{"allow":["GET"]}}],"collection":[{"href":"https:\/\/mountlaser.com\/sq\/wp-json\/wp\/v2\/product"}],"about":[{"href":"https:\/\/mountlaser.com\/sq\/wp-json\/wp\/v2\/types\/product"}],"replies":[{"embeddable":true,"href":"https:\/\/mountlaser.com\/sq\/wp-json\/wp\/v2\/comments?post=2476"}],"wp:featuredmedia":[{"embeddable":true,"href":"https:\/\/mountlaser.com\/sq\/wp-json\/wp\/v2\/media\/2477"}],"wp:attachment":[{"href":"https:\/\/mountlaser.com\/sq\/wp-json\/wp\/v2\/media?parent=2476"}],"wp:term":[{"taxonomy":"product_brand","embeddable":true,"href":"https:\/\/mountlaser.com\/sq\/wp-json\/wp\/v2\/product_brand?post=2476"},{"taxonomy":"product_cat","embeddable":true,"href":"https:\/\/mountlaser.com\/sq\/wp-json\/wp\/v2\/product_cat?post=2476"},{"taxonomy":"product_tag","embeddable":true,"href":"https:\/\/mountlaser.com\/sq\/wp-json\/wp\/v2\/product_tag?post=2476"}],"curies":[{"name":"wp","href":"https:\/\/api.w.org\/{rel}","templated":true}]}}