{"id":2471,"date":"2025-09-30T08:54:19","date_gmt":"2025-09-30T08:54:19","guid":{"rendered":"https:\/\/mountlaser.com\/?post_type=product&#038;p=2471"},"modified":"2025-11-28T07:26:59","modified_gmt":"2025-11-28T07:26:59","slug":"ad-l08-aluminum-adapter","status":"publish","type":"product","link":"https:\/\/mountlaser.com\/sq\/produkt\/ad-l08-aluminum-adapter\/","title":{"rendered":"P\u00ebrshtat\u00ebs alumini AD-L08"},"content":{"rendered":"<p>Njihuni me Mount Laser <a href=\"https:\/\/mountlaser.com\/sq\/products\/\"><strong>P\u00ebrshtat\u00ebs alumini AD-L08<\/strong><\/a>, zgjidhja e leht\u00eb dhe e q\u00ebndrueshme p\u00ebr nevojat tuaja t\u00eb lidhjes precize. Ky p\u00ebrshtat\u00ebs me cil\u00ebsi t\u00eb lart\u00eb p\u00ebrmban nj\u00eb priz\u00eb zvicerane t\u00eb fort\u00eb me diamet\u00ebr 25 mm dhe \u00ebsht\u00eb i p\u00ebrpunuar nga alumini i ngurt\u00eb, duke ofruar nj\u00eb ekuilib\u00ebr ideal t\u00eb forc\u00ebs dhe pesh\u00ebs minimale. Karakteristika e tij kryesore \u00ebsht\u00eb p\u00ebrshtat\u00ebsi fem\u00ebror me fileto 5\/8-11 i projektuar me precizion, i projektuar p\u00ebr kompatibilitet universal me nj\u00eb gam\u00eb t\u00eb gjer\u00eb pajisjesh gjeodetike, duke p\u00ebrfshir\u00eb trek\u00ebmb\u00ebsha dhe shtylla.<\/p>\n<p><img fetchpriority=\"high\" decoding=\"async\" class=\"aligncenter wp-image-2474\" src=\"https:\/\/mountlaser.com\/wp-content\/uploads\/2025\/09\/AD-L08-6.webp\" alt=\"Female 5\/8&quot;-11 thread Adapter\" width=\"500\" height=\"500\" srcset=\"https:\/\/mountlaser.com\/wp-content\/uploads\/2025\/09\/AD-L08-6.webp 1000w, https:\/\/mountlaser.com\/wp-content\/uploads\/2025\/09\/AD-L08-6-300x300.webp 300w, https:\/\/mountlaser.com\/wp-content\/uploads\/2025\/09\/AD-L08-6-400x400.webp 400w, https:\/\/mountlaser.com\/wp-content\/uploads\/2025\/09\/AD-L08-6-800x800.webp 800w, https:\/\/mountlaser.com\/wp-content\/uploads\/2025\/09\/AD-L08-6-600x600.webp 600w, https:\/\/mountlaser.com\/wp-content\/uploads\/2025\/09\/AD-L08-6-150x150.webp 150w, https:\/\/mountlaser.com\/wp-content\/uploads\/2025\/09\/AD-L08-6-768x768.webp 768w, https:\/\/mountlaser.com\/wp-content\/uploads\/2025\/09\/AD-L08-6-12x12.webp 12w\" sizes=\"(max-width: 500px) 100vw, 500px\" \/><\/p>\n<p>AD-L08 \u00ebsht\u00eb projektuar posa\u00e7\u00ebrisht si nj\u00eb pajisje e besueshme<a href=\"https:\/\/mountlaser.com\/sq\/about-us\/\"> <strong>Adaptues me fileto fem\u00ebr 5\/8-11<\/strong> <\/a>q\u00eb siguron nj\u00eb lidhje t\u00eb sigurt, t\u00eb sakt\u00eb dhe jo-rr\u00ebshqit\u00ebse \u00e7do her\u00eb. Nd\u00ebrtimi i leht\u00eb prej alumini zvog\u00eblon lodhjen e p\u00ebrgjithshme t\u00eb mjetit pa kompromentuar q\u00ebndrueshm\u00ebrin\u00eb, duke e b\u00ebr\u00eb k\u00ebt\u00eb P\u00ebrshtat\u00ebs me Filet Fem\u00ebr 5\/8-11 perfekt p\u00ebr gjeodet\u00ebt q\u00eb jan\u00eb vazhdimisht n\u00eb l\u00ebvizje. P\u00ebrmir\u00ebsoni kompletin tuaj me AD-L08 p\u00ebr nj\u00eb konfigurim t\u00eb p\u00ebrsosur dhe efikas.<\/p>","protected":false},"excerpt":{"rendered":"<ul>\n<li>Alumini i leht\u00eb: I prodhuar nga alumini i ngurt\u00eb p\u00ebr nj\u00eb raport t\u00eb shk\u00eblqyer t\u00eb forc\u00ebs ndaj pesh\u00ebs, duke zvog\u00ebluar lodhjen e p\u00ebrdoruesit.<\/li>\n<li>Priz\u00eb zvicerane precize: P\u00ebrmban nj\u00eb priz\u00eb zvicerane me cil\u00ebsi t\u00eb lart\u00eb me diamet\u00ebr 25 mm p\u00ebr nj\u00eb p\u00ebrshtatje t\u00eb sigurt dhe t\u00eb sakt\u00eb.<\/li>\n<li>Filetim fem\u00ebror universal 5\/8\u2033-11: Siguron p\u00ebrputhshm\u00ebri t\u00eb gjer\u00eb me trek\u00ebmb\u00ebshat, shtyllat dhe aksesor\u00ebt standard\u00eb t\u00eb matjeve.<\/li>\n<\/ul>","protected":false},"featured_media":2472,"comment_status":"open","ping_status":"closed","template":"","meta":[],"product_brand":[],"product_cat":[79,102],"product_tag":[],"class_list":{"0":"post-2471","1":"product","2":"type-product","3":"status-publish","4":"has-post-thumbnail","6":"product_cat-surveying-accessory","7":"product_cat-monitoring-adapter","9":"first","10":"instock","11":"shipping-taxable","12":"product-type-simple"},"_links":{"self":[{"href":"https:\/\/mountlaser.com\/sq\/wp-json\/wp\/v2\/product\/2471","targetHints":{"allow":["GET"]}}],"collection":[{"href":"https:\/\/mountlaser.com\/sq\/wp-json\/wp\/v2\/product"}],"about":[{"href":"https:\/\/mountlaser.com\/sq\/wp-json\/wp\/v2\/types\/product"}],"replies":[{"embeddable":true,"href":"https:\/\/mountlaser.com\/sq\/wp-json\/wp\/v2\/comments?post=2471"}],"wp:featuredmedia":[{"embeddable":true,"href":"https:\/\/mountlaser.com\/sq\/wp-json\/wp\/v2\/media\/2472"}],"wp:attachment":[{"href":"https:\/\/mountlaser.com\/sq\/wp-json\/wp\/v2\/media?parent=2471"}],"wp:term":[{"taxonomy":"product_brand","embeddable":true,"href":"https:\/\/mountlaser.com\/sq\/wp-json\/wp\/v2\/product_brand?post=2471"},{"taxonomy":"product_cat","embeddable":true,"href":"https:\/\/mountlaser.com\/sq\/wp-json\/wp\/v2\/product_cat?post=2471"},{"taxonomy":"product_tag","embeddable":true,"href":"https:\/\/mountlaser.com\/sq\/wp-json\/wp\/v2\/product_tag?post=2471"}],"curies":[{"name":"wp","href":"https:\/\/api.w.org\/{rel}","templated":true}]}}