{"id":2466,"date":"2025-09-30T08:36:09","date_gmt":"2025-09-30T08:36:09","guid":{"rendered":"https:\/\/mountlaser.com\/?post_type=product&#038;p=2466"},"modified":"2025-11-28T08:02:02","modified_gmt":"2025-11-28T08:02:02","slug":"ad-l07-copper-adapter","status":"publish","type":"product","link":"https:\/\/mountlaser.com\/sq\/produkt\/ad-l07-copper-adapter\/","title":{"rendered":"P\u00ebrshtat\u00ebs bakri AD-L07"},"content":{"rendered":"<p>P\u00ebrjetoni performanc\u00eb dhe q\u00ebndrueshm\u00ebri superiore me Mount Laser <a href=\"https:\/\/mountlaser.com\/sq\/\"><strong>P\u00ebrshtat\u00ebs bakri AD-L07<\/strong><\/a>. I projektuar me precizion p\u00ebr gjeodet\u00ebt q\u00eb k\u00ebrkojn\u00eb m\u00eb t\u00eb mir\u00ebn, ky p\u00ebrshtat\u00ebs kombinon rezistenc\u00ebn e shk\u00eblqyer ndaj konsumimit dhe vetit\u00eb natyrale t\u00eb lubrifikimit t\u00eb bakrit me nj\u00eb fileto universale M8 dhe dizajn n\u00eb stilin zviceran. P\u00ebrshtat\u00ebsi i bakrit AD-L07 siguron nj\u00eb lidhje t\u00eb sigurt, kund\u00ebr bllokimit, q\u00eb i reziston p\u00ebrdorimit t\u00eb p\u00ebrditsh\u00ebm rigoroz, duke mbrojtur instrumentet tuaja t\u00eb vlefshme nga d\u00ebmtimi dhe d\u00ebmtimi i filetove.<\/p>\n<p>Ideale p\u00ebr detyra matjeje me precizion t\u00eb lart\u00eb, nd\u00ebrtimi i fort\u00eb i k\u00ebsaj<a href=\"https:\/\/mountlaser.com\/sq\/about-us\/\"><strong> AD-L07<\/strong> <\/a>Adaptuesi i bakrit garanton besueshm\u00ebri afatgjat\u00eb dhe performanc\u00eb t\u00eb q\u00ebndrueshme n\u00eb terren. Duke zvog\u00ebluar f\u00ebrkimin dhe konsumimin si n\u00eb adaptor ashtu edhe n\u00eb instrument, ai zgjat jet\u00ebgjat\u00ebsin\u00eb e pajisjes suaj dhe minimizon koh\u00ebn e nd\u00ebrprerjes s\u00eb pun\u00ebs. Zgjidhni AD-L07 p\u00ebr nj\u00eb p\u00ebrzierje t\u00eb pakrahasueshme t\u00eb cil\u00ebsis\u00eb, funksionalitetit dhe mbrojtjes.<\/p>\n<p><img fetchpriority=\"high\" decoding=\"async\" class=\"aligncenter wp-image-2469\" src=\"https:\/\/mountlaser.com\/wp-content\/uploads\/2025\/09\/AD-L07-6.webp\" alt=\"AD-L07 Copper Adapter \" width=\"500\" height=\"500\" srcset=\"https:\/\/mountlaser.com\/wp-content\/uploads\/2025\/09\/AD-L07-6.webp 1000w, https:\/\/mountlaser.com\/wp-content\/uploads\/2025\/09\/AD-L07-6-300x300.webp 300w, https:\/\/mountlaser.com\/wp-content\/uploads\/2025\/09\/AD-L07-6-400x400.webp 400w, https:\/\/mountlaser.com\/wp-content\/uploads\/2025\/09\/AD-L07-6-800x800.webp 800w, https:\/\/mountlaser.com\/wp-content\/uploads\/2025\/09\/AD-L07-6-600x600.webp 600w, https:\/\/mountlaser.com\/wp-content\/uploads\/2025\/09\/AD-L07-6-150x150.webp 150w, https:\/\/mountlaser.com\/wp-content\/uploads\/2025\/09\/AD-L07-6-768x768.webp 768w, https:\/\/mountlaser.com\/wp-content\/uploads\/2025\/09\/AD-L07-6-12x12.webp 12w\" sizes=\"(max-width: 500px) 100vw, 500px\" \/><\/p>\n<p><strong>P\u00ebrdoret me Adaptuesin e Bakrit AD-L07<\/strong><\/p>\n<p><img decoding=\"async\" class=\"aligncenter wp-image-2220 size-full\" src=\"https:\/\/mountlaser.com\/wp-content\/uploads\/2025\/09\/1-5.webp\" alt=\"\" width=\"614\" height=\"759\" srcset=\"https:\/\/mountlaser.com\/wp-content\/uploads\/2025\/09\/1-5.webp 614w, https:\/\/mountlaser.com\/wp-content\/uploads\/2025\/09\/1-5-600x742.webp 600w, https:\/\/mountlaser.com\/wp-content\/uploads\/2025\/09\/1-5-243x300.webp 243w, https:\/\/mountlaser.com\/wp-content\/uploads\/2025\/09\/1-5-10x12.webp 10w\" sizes=\"(max-width: 614px) 100vw, 614px\" \/><\/p>","protected":false},"excerpt":{"rendered":"<ul>\n<li>Nd\u00ebrtim premium prej bakri: Ofron rezistenc\u00eb t\u00eb shk\u00eblqyer ndaj konsumimit, lubrifikim natyral dhe veti anti-kap\u00ebse.<\/li>\n<li>Filet Precision M8: Siguron nj\u00eb lidhje universale, t\u00eb sigurt dhe t\u00eb sakt\u00eb me instrumentet tuaja t\u00eb matjes.<\/li>\n<li>Dizajn n\u00eb stilin zviceran: Garanton standarde t\u00eb larta prodhimi p\u00ebr p\u00ebrputhshm\u00ebri t\u00eb p\u00ebrsosur dhe performanc\u00eb t\u00eb besueshme.<\/li>\n<\/ul>","protected":false},"featured_media":2467,"comment_status":"open","ping_status":"closed","template":"","meta":[],"product_brand":[],"product_cat":[79,102],"product_tag":[],"class_list":{"0":"post-2466","1":"product","2":"type-product","3":"status-publish","4":"has-post-thumbnail","6":"product_cat-surveying-accessory","7":"product_cat-monitoring-adapter","9":"first","10":"instock","11":"shipping-taxable","12":"product-type-simple"},"_links":{"self":[{"href":"https:\/\/mountlaser.com\/sq\/wp-json\/wp\/v2\/product\/2466","targetHints":{"allow":["GET"]}}],"collection":[{"href":"https:\/\/mountlaser.com\/sq\/wp-json\/wp\/v2\/product"}],"about":[{"href":"https:\/\/mountlaser.com\/sq\/wp-json\/wp\/v2\/types\/product"}],"replies":[{"embeddable":true,"href":"https:\/\/mountlaser.com\/sq\/wp-json\/wp\/v2\/comments?post=2466"}],"wp:featuredmedia":[{"embeddable":true,"href":"https:\/\/mountlaser.com\/sq\/wp-json\/wp\/v2\/media\/2467"}],"wp:attachment":[{"href":"https:\/\/mountlaser.com\/sq\/wp-json\/wp\/v2\/media?parent=2466"}],"wp:term":[{"taxonomy":"product_brand","embeddable":true,"href":"https:\/\/mountlaser.com\/sq\/wp-json\/wp\/v2\/product_brand?post=2466"},{"taxonomy":"product_cat","embeddable":true,"href":"https:\/\/mountlaser.com\/sq\/wp-json\/wp\/v2\/product_cat?post=2466"},{"taxonomy":"product_tag","embeddable":true,"href":"https:\/\/mountlaser.com\/sq\/wp-json\/wp\/v2\/product_tag?post=2466"}],"curies":[{"name":"wp","href":"https:\/\/api.w.org\/{rel}","templated":true}]}}