{"id":2402,"date":"2025-09-30T08:16:47","date_gmt":"2025-09-30T08:16:47","guid":{"rendered":"https:\/\/mountlaser.com\/?post_type=product&#038;p=2402"},"modified":"2025-11-28T08:03:24","modified_gmt":"2025-11-28T08:03:24","slug":"ad-l06-stainless-steel-adapter","status":"publish","type":"product","link":"https:\/\/mountlaser.com\/sq\/produkt\/ad-l06-stainless-steel-adapter\/","title":{"rendered":"P\u00ebrshtat\u00ebs \u00e7eliku inox AD-L06"},"content":{"rendered":"<p>P\u00ebrmir\u00ebsoni rrjedh\u00ebn e pun\u00ebs s\u00eb matjes me <a href=\"https:\/\/mountlaser.com\/sq\/products\/\"><strong>Adaptues \u00e7eliku inox AD-L06 p\u00ebr Mount Laser<\/strong><\/a>. I projektuar p\u00ebr precizion dhe q\u00ebndrueshm\u00ebri, ky p\u00ebrshtat\u00ebs me cil\u00ebsi t\u00eb lart\u00eb p\u00ebrmban nj\u00eb spin\u00eb zvicerane dhe nj\u00eb fileto universale M8, duke siguruar nj\u00eb lidhje t\u00eb p\u00ebrsosur dhe t\u00eb sigurt me instrumentet tuaja.<\/p>\n<p>I\/E\/T\u00eb\/T\u00eb <a href=\"https:\/\/mountlaser.com\/sq\/contact-us\/\"><strong>AD-L06<\/strong><\/a> \u00ebsht\u00eb projektuar si nj\u00eb P\u00ebrshtat\u00ebs i \u00c7lirimit t\u00eb Shpejt\u00eb shum\u00ebfunksional, duke lejuar nd\u00ebrrime t\u00eb shpejta t\u00eb mjeteve dhe duke zvog\u00ebluar ndjesh\u00ebm koh\u00ebn e instalimit n\u00eb vendin e pun\u00ebs. I nd\u00ebrtuar nga \u00e7elik inox i fort\u00eb, ai i reziston kushteve t\u00eb v\u00ebshtira n\u00eb terren, duke iu rezistuar korrozionit dhe konsumimit. Kjo besueshm\u00ebri e b\u00ebn P\u00ebrshtat\u00ebsin ton\u00eb t\u00eb \u00c7lirimit t\u00eb Shpejt\u00eb nj\u00eb mjet t\u00eb domosdosh\u00ebm p\u00ebr topograf\u00ebt dhe profesionist\u00ebt e nd\u00ebrtimit q\u00eb k\u00ebrkojn\u00eb shpejt\u00ebsi dhe sakt\u00ebsi. Integroni P\u00ebrshtat\u00ebsin e \u00c7lirimit t\u00eb Shpejt\u00eb AD-L06 n\u00eb setin tuaj t\u00eb mjeteve p\u00ebr nj\u00eb p\u00ebrvoj\u00eb matjeje pa probleme dhe efikase.<\/p>\n<p><img fetchpriority=\"high\" decoding=\"async\" class=\"wp-image-2463 aligncenter\" src=\"https:\/\/mountlaser.com\/wp-content\/uploads\/2025\/09\/AD-L06-5.webp\" alt=\"AD-L06 Stainless Steel Adapter\" width=\"500\" height=\"500\" srcset=\"https:\/\/mountlaser.com\/wp-content\/uploads\/2025\/09\/AD-L06-5.webp 1000w, https:\/\/mountlaser.com\/wp-content\/uploads\/2025\/09\/AD-L06-5-300x300.webp 300w, https:\/\/mountlaser.com\/wp-content\/uploads\/2025\/09\/AD-L06-5-400x400.webp 400w, https:\/\/mountlaser.com\/wp-content\/uploads\/2025\/09\/AD-L06-5-800x800.webp 800w, https:\/\/mountlaser.com\/wp-content\/uploads\/2025\/09\/AD-L06-5-600x600.webp 600w, https:\/\/mountlaser.com\/wp-content\/uploads\/2025\/09\/AD-L06-5-150x150.webp 150w, https:\/\/mountlaser.com\/wp-content\/uploads\/2025\/09\/AD-L06-5-768x768.webp 768w, https:\/\/mountlaser.com\/wp-content\/uploads\/2025\/09\/AD-L06-5-12x12.webp 12w\" sizes=\"(max-width: 500px) 100vw, 500px\" \/><\/p>\n<p><strong>P\u00ebrdoret me Adaptuesin prej \u00c7eliku Inoks AD-L06<\/strong><\/p>\n<p><img decoding=\"async\" class=\"aligncenter wp-image-2220 size-full\" src=\"https:\/\/mountlaser.com\/wp-content\/uploads\/2025\/09\/1-5.webp\" alt=\"\" width=\"614\" height=\"759\" srcset=\"https:\/\/mountlaser.com\/wp-content\/uploads\/2025\/09\/1-5.webp 614w, https:\/\/mountlaser.com\/wp-content\/uploads\/2025\/09\/1-5-600x742.webp 600w, https:\/\/mountlaser.com\/wp-content\/uploads\/2025\/09\/1-5-243x300.webp 243w, https:\/\/mountlaser.com\/wp-content\/uploads\/2025\/09\/1-5-10x12.webp 10w\" sizes=\"(max-width: 614px) 100vw, 614px\" \/><\/p>","protected":false},"excerpt":{"rendered":"<ul>\n<li>Material Premium: I nd\u00ebrtuar nga \u00e7elik inox i cil\u00ebsis\u00eb s\u00eb lart\u00eb p\u00ebr q\u00ebndrueshm\u00ebri dhe rezistenc\u00eb t\u00eb jasht\u00ebzakonshme ndaj korrozionit.<\/li>\n<li>Fije precize: P\u00ebrfshin nj\u00eb tap\u00eb zvicerane dhe nj\u00eb fije standarde M8 p\u00ebr nj\u00eb p\u00ebrshtatje universale, t\u00eb sigurt dhe t\u00eb sakt\u00eb.<\/li>\n<\/ul>","protected":false},"featured_media":2462,"comment_status":"open","ping_status":"closed","template":"","meta":[],"product_brand":[],"product_cat":[79,102],"product_tag":[],"class_list":{"0":"post-2402","1":"product","2":"type-product","3":"status-publish","4":"has-post-thumbnail","6":"product_cat-surveying-accessory","7":"product_cat-monitoring-adapter","9":"first","10":"instock","11":"shipping-taxable","12":"product-type-simple"},"_links":{"self":[{"href":"https:\/\/mountlaser.com\/sq\/wp-json\/wp\/v2\/product\/2402","targetHints":{"allow":["GET"]}}],"collection":[{"href":"https:\/\/mountlaser.com\/sq\/wp-json\/wp\/v2\/product"}],"about":[{"href":"https:\/\/mountlaser.com\/sq\/wp-json\/wp\/v2\/types\/product"}],"replies":[{"embeddable":true,"href":"https:\/\/mountlaser.com\/sq\/wp-json\/wp\/v2\/comments?post=2402"}],"wp:featuredmedia":[{"embeddable":true,"href":"https:\/\/mountlaser.com\/sq\/wp-json\/wp\/v2\/media\/2462"}],"wp:attachment":[{"href":"https:\/\/mountlaser.com\/sq\/wp-json\/wp\/v2\/media?parent=2402"}],"wp:term":[{"taxonomy":"product_brand","embeddable":true,"href":"https:\/\/mountlaser.com\/sq\/wp-json\/wp\/v2\/product_brand?post=2402"},{"taxonomy":"product_cat","embeddable":true,"href":"https:\/\/mountlaser.com\/sq\/wp-json\/wp\/v2\/product_cat?post=2402"},{"taxonomy":"product_tag","embeddable":true,"href":"https:\/\/mountlaser.com\/sq\/wp-json\/wp\/v2\/product_tag?post=2402"}],"curies":[{"name":"wp","href":"https:\/\/api.w.org\/{rel}","templated":true}]}}