{"id":2349,"date":"2025-09-29T07:59:48","date_gmt":"2025-09-29T07:59:48","guid":{"rendered":"https:\/\/mountlaser.com\/?post_type=product&#038;p=2349"},"modified":"2025-11-28T08:08:23","modified_gmt":"2025-11-28T08:08:23","slug":"gad31-swiss-screw-to-stub-adapter","status":"publish","type":"product","link":"https:\/\/mountlaser.com\/sq\/produkt\/gad31-swiss-screw-to-stub-adapter\/","title":{"rendered":"Adaptor me vid\u00eb zvicerane GAD31 n\u00eb maj\u00eb"},"content":{"rendered":"<p>I\/E\/T\u00eb\/T\u00eb <a href=\"https:\/\/mountlaser.com\/sq\/\"><strong>P\u00ebrshtat\u00ebs me vid\u00eb n\u00eb maj\u00eb p\u00ebr shitje<\/strong><\/a> nga linja jon\u00eb e sakt\u00eb \u00ebsht\u00eb <a href=\"https:\/\/mountlaser.com\/sq\/products\/\"><strong>Adaptor me vid\u00eb zvicerane GAD31 n\u00eb maj\u00eb<\/strong><\/a>. Ky mjet i punuar me mjesht\u00ebri \u00ebsht\u00eb thelb\u00ebsor p\u00ebr gjeodet\u00ebt q\u00eb duhet t\u00eb lidhin instrumente me nj\u00eb fileto fem\u00ebr standarde 5\/8\u2033-11 me nj\u00eb fileto mashkull t\u00eb shkurt\u00ebr, q\u00eb gjendet zakonisht n\u00eb lazer\u00ebt e nd\u00ebrtimit dhe sistemet specifike t\u00eb montimit. I projektuar me precizion t\u00eb njohur zviceran, ky p\u00ebrshtat\u00ebs GAD31 zviceran me vid\u00eb p\u00ebr shtyll\u00eb garanton nj\u00eb p\u00ebrshtatje t\u00eb p\u00ebrsosur, t\u00eb sigurt dhe t\u00eb besueshme, duke eliminuar loj\u00ebn dhe duke siguruar sakt\u00ebsin\u00eb e matjes.<\/p>\n<p><img fetchpriority=\"high\" decoding=\"async\" class=\"wp-image-2384 aligncenter\" src=\"https:\/\/mountlaser.com\/wp-content\/uploads\/2025\/09\/GAD314.webp\" alt=\"Screw-to-Stub Adapter for sale\" width=\"500\" height=\"500\" srcset=\"https:\/\/mountlaser.com\/wp-content\/uploads\/2025\/09\/GAD314.webp 800w, https:\/\/mountlaser.com\/wp-content\/uploads\/2025\/09\/GAD314-300x300.webp 300w, https:\/\/mountlaser.com\/wp-content\/uploads\/2025\/09\/GAD314-400x400.webp 400w, https:\/\/mountlaser.com\/wp-content\/uploads\/2025\/09\/GAD314-600x600.webp 600w, https:\/\/mountlaser.com\/wp-content\/uploads\/2025\/09\/GAD314-150x150.webp 150w, https:\/\/mountlaser.com\/wp-content\/uploads\/2025\/09\/GAD314-768x768.webp 768w, https:\/\/mountlaser.com\/wp-content\/uploads\/2025\/09\/GAD314-12x12.webp 12w\" sizes=\"(max-width: 500px) 100vw, 500px\" \/><\/p>\n<p>N\u00ebse jeni duke k\u00ebrkuar p\u00ebr nj\u00eb p\u00ebrshtat\u00ebs vid\u00eb-shtyll\u00eb t\u00eb q\u00ebndruesh\u00ebm dhe t\u00eb gjithansh\u00ebm p\u00ebr shitje,<a href=\"https:\/\/mountlaser.com\/sq\/contact-us\/\"> GAD31<\/a> (P\/N: 667217) \u00ebsht\u00eb zgjidhja ideale p\u00ebr integrim t\u00eb p\u00ebrsosur n\u00eb terren. Ky p\u00ebrshtat\u00ebs me vid\u00eb n\u00eb maj\u00eb me cil\u00ebsi t\u00eb lart\u00eb p\u00ebr shitje \u00ebsht\u00eb nj\u00eb domosdoshm\u00ebri p\u00ebr profesionist\u00ebt q\u00eb vler\u00ebsojn\u00eb p\u00ebrputhshm\u00ebrin\u00eb dhe performanc\u00ebn.<\/p>","protected":false},"excerpt":{"rendered":"<ul>\n<li>Prodhim i fuqish\u00ebm zviceran: Nd\u00ebrtuar sipas standardeve t\u00eb rrepta p\u00ebr q\u00ebndrueshm\u00ebri maksimale dhe nj\u00eb p\u00ebrshtatje t\u00eb p\u00ebrsosur.<\/li>\n<li>Filetim standard 5\/8\u2033-11: Ka nj\u00eb madh\u00ebsi t\u00eb p\u00ebrbashk\u00ebt filetoje p\u00ebr p\u00ebrputhshm\u00ebri t\u00eb gjer\u00eb me pajisje t\u00eb ndryshme matjeje.<\/li>\n<li>Dizajni i Adaptorit t\u00eb Stubit: Konverton n\u00eb m\u00ebnyr\u00eb efektive nj\u00eb fileto fem\u00ebr 5\/8\u2033-11 n\u00eb nj\u00eb fileto mashkull p\u00ebr instrumente t\u00eb specializuara.<\/li>\n<\/ul>","protected":false},"featured_media":2381,"comment_status":"open","ping_status":"closed","template":"","meta":[],"product_brand":[],"product_cat":[79,102],"product_tag":[],"class_list":{"0":"post-2349","1":"product","2":"type-product","3":"status-publish","4":"has-post-thumbnail","6":"product_cat-surveying-accessory","7":"product_cat-monitoring-adapter","9":"first","10":"instock","11":"shipping-taxable","12":"product-type-simple"},"_links":{"self":[{"href":"https:\/\/mountlaser.com\/sq\/wp-json\/wp\/v2\/product\/2349","targetHints":{"allow":["GET"]}}],"collection":[{"href":"https:\/\/mountlaser.com\/sq\/wp-json\/wp\/v2\/product"}],"about":[{"href":"https:\/\/mountlaser.com\/sq\/wp-json\/wp\/v2\/types\/product"}],"replies":[{"embeddable":true,"href":"https:\/\/mountlaser.com\/sq\/wp-json\/wp\/v2\/comments?post=2349"}],"wp:featuredmedia":[{"embeddable":true,"href":"https:\/\/mountlaser.com\/sq\/wp-json\/wp\/v2\/media\/2381"}],"wp:attachment":[{"href":"https:\/\/mountlaser.com\/sq\/wp-json\/wp\/v2\/media?parent=2349"}],"wp:term":[{"taxonomy":"product_brand","embeddable":true,"href":"https:\/\/mountlaser.com\/sq\/wp-json\/wp\/v2\/product_brand?post=2349"},{"taxonomy":"product_cat","embeddable":true,"href":"https:\/\/mountlaser.com\/sq\/wp-json\/wp\/v2\/product_cat?post=2349"},{"taxonomy":"product_tag","embeddable":true,"href":"https:\/\/mountlaser.com\/sq\/wp-json\/wp\/v2\/product_tag?post=2349"}],"curies":[{"name":"wp","href":"https:\/\/api.w.org\/{rel}","templated":true}]}}