{"id":2333,"date":"2025-09-29T07:28:36","date_gmt":"2025-09-29T07:28:36","guid":{"rendered":"https:\/\/mountlaser.com\/?post_type=product&#038;p=2333"},"modified":"2025-11-28T08:10:09","modified_gmt":"2025-11-28T08:10:09","slug":"gad105-swiss-style-mini-prism-adapter","status":"publish","type":"product","link":"https:\/\/mountlaser.com\/sq\/produkt\/gad105-swiss-style-mini-prism-adapter\/","title":{"rendered":"P\u00ebrshtat\u00ebs Mini Prizmi n\u00eb Stil Zviceran GAD105"},"content":{"rendered":"<p>I\/E\/T\u00eb\/T\u00eb <a href=\"https:\/\/mountlaser.com\/sq\/\"><strong>Adaptues Mini Prizmi GAD105 i Stilit Zviceran<\/strong><\/a> \u00ebsht\u00eb nj\u00eb aksesor i projektuar me precizion t\u00eb lart\u00eb, i projektuar p\u00ebr gjeodet\u00ebt dhe profesionist\u00ebt e matjes q\u00eb k\u00ebrkojn\u00eb nivelin m\u00eb t\u00eb lart\u00eb t\u00eb sakt\u00ebsis\u00eb. Ky p\u00ebrshtat\u00ebs kompakt dhe i fuqish\u00ebm \u00ebsht\u00eb krijuar posa\u00e7\u00ebrisht p\u00ebr t\u00eb montuar n\u00eb m\u00ebnyr\u00eb t\u00eb sigurt mini prizmat n\u00eb nj\u00eb gam\u00eb t\u00eb gjer\u00eb instrumentesh gjeodezike.<\/p>\n<p>&nbsp;<\/p>\n<p><img fetchpriority=\"high\" decoding=\"async\" class=\"wp-image-2345 aligncenter\" src=\"https:\/\/mountlaser.com\/wp-content\/uploads\/2025\/09\/GAD1058.webp\" alt=\"Swiss Style GAD105 Mini Prism Adapter\" width=\"500\" height=\"500\" srcset=\"https:\/\/mountlaser.com\/wp-content\/uploads\/2025\/09\/GAD1058.webp 1000w, https:\/\/mountlaser.com\/wp-content\/uploads\/2025\/09\/GAD1058-300x300.webp 300w, https:\/\/mountlaser.com\/wp-content\/uploads\/2025\/09\/GAD1058-400x400.webp 400w, https:\/\/mountlaser.com\/wp-content\/uploads\/2025\/09\/GAD1058-800x800.webp 800w, https:\/\/mountlaser.com\/wp-content\/uploads\/2025\/09\/GAD1058-600x600.webp 600w, https:\/\/mountlaser.com\/wp-content\/uploads\/2025\/09\/GAD1058-150x150.webp 150w, https:\/\/mountlaser.com\/wp-content\/uploads\/2025\/09\/GAD1058-768x768.webp 768w, https:\/\/mountlaser.com\/wp-content\/uploads\/2025\/09\/GAD1058-12x12.webp 12w\" sizes=\"(max-width: 500px) 100vw, 500px\" \/><\/p>\n<p>I krijuar me cil\u00ebsin\u00eb e njohur t\u00eb dizajnit zviceran, <a href=\"https:\/\/mountlaser.com\/sq\/products\/\"><strong>P\u00ebrshtat\u00ebs Mini Prizmi Zviceran GAD105<\/strong> <\/a>Siguron nj\u00eb p\u00ebrshtatje perfekte dhe t\u00eb q\u00ebndrueshme \u00e7do her\u00eb. Me nj\u00eb fileto standarde 1\/4\u2033-20 (P\/N: 743503), ky p\u00ebrshtat\u00ebs i gjithansh\u00ebm garanton p\u00ebrputhshm\u00ebri t\u00eb gjer\u00eb me konfigurime t\u00eb ndryshme pajisjesh. Kur keni nevoj\u00eb p\u00ebr performanc\u00eb t\u00eb besueshme n\u00eb terren, P\u00ebrshtat\u00ebsi Mini Prizm Swiss Style GAD105 \u00ebsht\u00eb lidhja thelb\u00ebsore p\u00ebr detyrat tuaja t\u00eb matjes me precizion.<\/p>","protected":false},"excerpt":{"rendered":"<ul>\n<li>Dizajn zviceran preciz: Prodhuar sipas standardeve t\u00eb sakta p\u00ebr nj\u00eb lidhje t\u00eb sigurt dhe pa l\u00ebkundje.<\/li>\n<li>Fileto 1\/4\u2033-20: Nj\u00eb madh\u00ebsi standarde e filetos p\u00ebr pajtueshm\u00ebri universale me shum\u00eb instrumente dhe aksesor\u00eb gjeodezik.<\/li>\n<\/ul>","protected":false},"featured_media":2342,"comment_status":"open","ping_status":"closed","template":"","meta":[],"product_brand":[],"product_cat":[79,102],"product_tag":[],"class_list":{"0":"post-2333","1":"product","2":"type-product","3":"status-publish","4":"has-post-thumbnail","6":"product_cat-surveying-accessory","7":"product_cat-monitoring-adapter","9":"first","10":"instock","11":"shipping-taxable","12":"product-type-simple"},"_links":{"self":[{"href":"https:\/\/mountlaser.com\/sq\/wp-json\/wp\/v2\/product\/2333","targetHints":{"allow":["GET"]}}],"collection":[{"href":"https:\/\/mountlaser.com\/sq\/wp-json\/wp\/v2\/product"}],"about":[{"href":"https:\/\/mountlaser.com\/sq\/wp-json\/wp\/v2\/types\/product"}],"replies":[{"embeddable":true,"href":"https:\/\/mountlaser.com\/sq\/wp-json\/wp\/v2\/comments?post=2333"}],"wp:featuredmedia":[{"embeddable":true,"href":"https:\/\/mountlaser.com\/sq\/wp-json\/wp\/v2\/media\/2342"}],"wp:attachment":[{"href":"https:\/\/mountlaser.com\/sq\/wp-json\/wp\/v2\/media?parent=2333"}],"wp:term":[{"taxonomy":"product_brand","embeddable":true,"href":"https:\/\/mountlaser.com\/sq\/wp-json\/wp\/v2\/product_brand?post=2333"},{"taxonomy":"product_cat","embeddable":true,"href":"https:\/\/mountlaser.com\/sq\/wp-json\/wp\/v2\/product_cat?post=2333"},{"taxonomy":"product_tag","embeddable":true,"href":"https:\/\/mountlaser.com\/sq\/wp-json\/wp\/v2\/product_tag?post=2333"}],"curies":[{"name":"wp","href":"https:\/\/api.w.org\/{rel}","templated":true}]}}