{"id":2301,"date":"2025-09-28T09:30:06","date_gmt":"2025-09-28T09:30:06","guid":{"rendered":"https:\/\/mountlaser.com\/?post_type=product&#038;p=2301"},"modified":"2025-11-28T08:11:42","modified_gmt":"2025-11-28T08:11:42","slug":"gad103-swiss-mini-prism-adapter","status":"publish","type":"product","link":"https:\/\/mountlaser.com\/sq\/produkt\/gad103-swiss-mini-prism-adapter\/","title":{"rendered":"P\u00ebrshtat\u00ebs Mini Prizmi Zviceran GAD103"},"content":{"rendered":"<p>I\/E\/T\u00eb\/T\u00eb <a href=\"https:\/\/mountlaser.com\/sq\/about-us\/\"><strong>P\u00ebrshtat\u00ebs Mini Prizmi Zviceran GAD103<\/strong><\/a> \u00ebsht\u00eb nj\u00eb inxhinieri precize <a href=\"https:\/\/mountlaser.com\/sq\/products\/\"><strong>Adaptor Mini Prizm Zviceran<\/strong><\/a> projektuar posa\u00e7\u00ebrisht p\u00ebr prizmin GRZ101, duke ofruar integrim t\u00eb p\u00ebrsosur dhe performanc\u00eb superiore.<\/p>\n<p>Ky p\u00ebrshtat\u00ebs i dedikuar zviceran p\u00ebr mini-prizma siguron nj\u00eb p\u00ebrshtatje t\u00eb p\u00ebrsosur dhe stabilitet optimal p\u00ebr sistemin tuaj mini-prizma, duke ruajtur sakt\u00ebsin\u00eb e lart\u00eb t\u00eb k\u00ebrkuar p\u00ebr pun\u00eb matjeje t\u00eb sakt\u00eb.<\/p>\n<p><img fetchpriority=\"high\" decoding=\"async\" class=\"wp-image-2306 aligncenter\" src=\"https:\/\/mountlaser.com\/wp-content\/uploads\/2025\/09\/GAD1037.webp\" alt=\"Swiss Mini Prism Adapter\" width=\"500\" height=\"500\" srcset=\"https:\/\/mountlaser.com\/wp-content\/uploads\/2025\/09\/GAD1037.webp 1000w, https:\/\/mountlaser.com\/wp-content\/uploads\/2025\/09\/GAD1037-300x300.webp 300w, https:\/\/mountlaser.com\/wp-content\/uploads\/2025\/09\/GAD1037-400x400.webp 400w, https:\/\/mountlaser.com\/wp-content\/uploads\/2025\/09\/GAD1037-800x800.webp 800w, https:\/\/mountlaser.com\/wp-content\/uploads\/2025\/09\/GAD1037-600x600.webp 600w, https:\/\/mountlaser.com\/wp-content\/uploads\/2025\/09\/GAD1037-150x150.webp 150w, https:\/\/mountlaser.com\/wp-content\/uploads\/2025\/09\/GAD1037-768x768.webp 768w, https:\/\/mountlaser.com\/wp-content\/uploads\/2025\/09\/GAD1037-12x12.webp 12w\" sizes=\"(max-width: 500px) 100vw, 500px\" \/><\/p>\n<p>I nd\u00ebrtuar me nj\u00eb v\u00ebmendje t\u00eb kujdesshme ndaj detajeve, ky i fuqish\u00ebm <a href=\"https:\/\/mountlaser.com\/sq\/contact-us\/\">Adaptor Mini Prizm Zviceran<\/a> ofron nj\u00eb pik\u00eb lidhjeje t\u00eb besueshme, duke rritur shkatht\u00ebsin\u00eb e pajisjeve tuaja t\u00eb matjes. P\u00ebr profesionist\u00ebt q\u00eb k\u00ebrkojn\u00eb nj\u00eb zgjidhje t\u00eb specializuar montimi, ky p\u00ebrshtat\u00ebs \u00ebsht\u00eb zgjedhja ideale p\u00ebr t\u00eb maksimizuar funksionalitetin e mini prizmit tuaj n\u00eb aplikime t\u00eb ndryshme n\u00eb terren.<\/p>","protected":false},"excerpt":{"rendered":"<ul>\n<li>Projektuar posa\u00e7\u00ebrisht p\u00ebr GRZ101 Swiss Mini Prism<\/li>\n<li>P\u00ebrpunim preciz p\u00ebr p\u00ebrshtatje dhe shtrirje perfekte<\/li>\n<li>Nd\u00ebrtim i leht\u00eb por i q\u00ebndruesh\u00ebm<\/li>\n<li>I leht\u00eb p\u00ebr t\u2019u instaluar dhe hequr<\/li>\n<\/ul>","protected":false},"featured_media":2302,"comment_status":"open","ping_status":"closed","template":"","meta":[],"product_brand":[],"product_cat":[79,102],"product_tag":[],"class_list":{"0":"post-2301","1":"product","2":"type-product","3":"status-publish","4":"has-post-thumbnail","6":"product_cat-surveying-accessory","7":"product_cat-monitoring-adapter","9":"first","10":"instock","11":"shipping-taxable","12":"product-type-simple"},"_links":{"self":[{"href":"https:\/\/mountlaser.com\/sq\/wp-json\/wp\/v2\/product\/2301","targetHints":{"allow":["GET"]}}],"collection":[{"href":"https:\/\/mountlaser.com\/sq\/wp-json\/wp\/v2\/product"}],"about":[{"href":"https:\/\/mountlaser.com\/sq\/wp-json\/wp\/v2\/types\/product"}],"replies":[{"embeddable":true,"href":"https:\/\/mountlaser.com\/sq\/wp-json\/wp\/v2\/comments?post=2301"}],"wp:featuredmedia":[{"embeddable":true,"href":"https:\/\/mountlaser.com\/sq\/wp-json\/wp\/v2\/media\/2302"}],"wp:attachment":[{"href":"https:\/\/mountlaser.com\/sq\/wp-json\/wp\/v2\/media?parent=2301"}],"wp:term":[{"taxonomy":"product_brand","embeddable":true,"href":"https:\/\/mountlaser.com\/sq\/wp-json\/wp\/v2\/product_brand?post=2301"},{"taxonomy":"product_cat","embeddable":true,"href":"https:\/\/mountlaser.com\/sq\/wp-json\/wp\/v2\/product_cat?post=2301"},{"taxonomy":"product_tag","embeddable":true,"href":"https:\/\/mountlaser.com\/sq\/wp-json\/wp\/v2\/product_tag?post=2301"}],"curies":[{"name":"wp","href":"https:\/\/api.w.org\/{rel}","templated":true}]}}