{"id":2296,"date":"2025-09-28T09:22:29","date_gmt":"2025-09-28T09:22:29","guid":{"rendered":"https:\/\/mountlaser.com\/?post_type=product&#038;p=2296"},"modified":"2025-11-28T08:13:38","modified_gmt":"2025-11-28T08:13:38","slug":"ad-s07-5-8-11-female-male-adapter","status":"publish","type":"product","link":"https:\/\/mountlaser.com\/sq\/produkt\/ad-s07-5-8-11-female-male-adapter\/","title":{"rendered":"P\u00ebrshtat\u00ebs fem\u00ebr\/mashkull AD-S07 5\/8\u2033-11"},"content":{"rendered":"<p><a href=\"https:\/\/mountlaser.com\/sq\/\"><strong>Montoni Lazerin<\/strong> <\/a>prezanton AD-S07, nj\u00eb p\u00ebrshtat\u00ebs 90 grad\u00ebsh i projektuar me precizion t\u00eb lart\u00eb, i projektuar p\u00ebr t\u00eb kap\u00ebrcyer sfidat hap\u00ebsinore n\u00eb konfigurimet e matjes.<\/p>\n<p>Kjo inovative <a href=\"https:\/\/mountlaser.com\/sq\/products\/\"><strong>P\u00ebrshtat\u00ebs 90 grad\u00ebsh<\/strong><\/a> p\u00ebrmban nj\u00eb konfigurim t\u00eb q\u00ebndruesh\u00ebm 5\/8\u2033-11 me fileto fem\u00ebr n\u00eb mashkull, i krijuar p\u00ebr t\u00eb ofruar nj\u00eb zgjidhje perfekte me k\u00ebnd t\u00eb drejt\u00eb p\u00ebr instalime komplekse.<\/p>\n<p><img fetchpriority=\"high\" decoding=\"async\" class=\"wp-image-2299 aligncenter\" src=\"https:\/\/mountlaser.com\/wp-content\/uploads\/2025\/09\/IMG_5036_\u526f\u672c.webp\" alt=\"90 Degree Adapter\" width=\"500\" height=\"500\" srcset=\"https:\/\/mountlaser.com\/wp-content\/uploads\/2025\/09\/IMG_5036_\u526f\u672c.webp 800w, https:\/\/mountlaser.com\/wp-content\/uploads\/2025\/09\/IMG_5036_\u526f\u672c-300x300.webp 300w, https:\/\/mountlaser.com\/wp-content\/uploads\/2025\/09\/IMG_5036_\u526f\u672c-400x400.webp 400w, https:\/\/mountlaser.com\/wp-content\/uploads\/2025\/09\/IMG_5036_\u526f\u672c-600x600.webp 600w, https:\/\/mountlaser.com\/wp-content\/uploads\/2025\/09\/IMG_5036_\u526f\u672c-150x150.webp 150w, https:\/\/mountlaser.com\/wp-content\/uploads\/2025\/09\/IMG_5036_\u526f\u672c-768x768.webp 768w, https:\/\/mountlaser.com\/wp-content\/uploads\/2025\/09\/IMG_5036_\u526f\u672c-12x12.webp 12w\" sizes=\"(max-width: 500px) 100vw, 500px\" \/><\/p>\n<p>I projektuar posa\u00e7\u00ebrisht si nj\u00eb p\u00ebrshtat\u00ebs ideal p\u00ebr strukturat e \u00e7elikut, ai mund\u00ebson montimin e instrumenteve n\u00eb hap\u00ebsira t\u00eb kufizuara ku p\u00ebrshtat\u00ebsit tradicional\u00eb nuk mund t\u00eb p\u00ebrshtaten. Nd\u00ebrtimi i fort\u00eb siguron performanc\u00eb t\u00eb besueshme, duke e b\u00ebr\u00eb k\u00ebt\u00eb <a href=\"https:\/\/mountlaser.com\/sq\/contact-us\/\">P\u00ebrshtat\u00ebs 90 grad\u00ebsh<\/a> Nj\u00eb mjet thelb\u00ebsor p\u00ebr topograf\u00ebt dhe inxhinier\u00ebt q\u00eb punojn\u00eb me korniza strukturore dhe aplikime me hap\u00ebsira t\u00eb ngushta.<\/p>","protected":false},"excerpt":{"rendered":"<ul>\n<li>Dizajn me k\u00ebnd t\u00eb drejt\u00eb 90 grad\u00eb p\u00ebr hap\u00ebsira t\u00eb kufizuara<\/li>\n<li>Pajtueshm\u00ebria e filetos fem\u00ebrore me at\u00eb mashkullore 5\/8\u2033-11<\/li>\n<li>Nd\u00ebrtim i fort\u00eb p\u00ebr aplikime strukturore<\/li>\n<\/ul>","protected":false},"featured_media":2298,"comment_status":"open","ping_status":"closed","template":"","meta":[],"product_brand":[],"product_cat":[79,102],"product_tag":[],"class_list":{"0":"post-2296","1":"product","2":"type-product","3":"status-publish","4":"has-post-thumbnail","6":"product_cat-surveying-accessory","7":"product_cat-monitoring-adapter","9":"first","10":"instock","11":"shipping-taxable","12":"product-type-simple"},"_links":{"self":[{"href":"https:\/\/mountlaser.com\/sq\/wp-json\/wp\/v2\/product\/2296","targetHints":{"allow":["GET"]}}],"collection":[{"href":"https:\/\/mountlaser.com\/sq\/wp-json\/wp\/v2\/product"}],"about":[{"href":"https:\/\/mountlaser.com\/sq\/wp-json\/wp\/v2\/types\/product"}],"replies":[{"embeddable":true,"href":"https:\/\/mountlaser.com\/sq\/wp-json\/wp\/v2\/comments?post=2296"}],"wp:featuredmedia":[{"embeddable":true,"href":"https:\/\/mountlaser.com\/sq\/wp-json\/wp\/v2\/media\/2298"}],"wp:attachment":[{"href":"https:\/\/mountlaser.com\/sq\/wp-json\/wp\/v2\/media?parent=2296"}],"wp:term":[{"taxonomy":"product_brand","embeddable":true,"href":"https:\/\/mountlaser.com\/sq\/wp-json\/wp\/v2\/product_brand?post=2296"},{"taxonomy":"product_cat","embeddable":true,"href":"https:\/\/mountlaser.com\/sq\/wp-json\/wp\/v2\/product_cat?post=2296"},{"taxonomy":"product_tag","embeddable":true,"href":"https:\/\/mountlaser.com\/sq\/wp-json\/wp\/v2\/product_tag?post=2296"}],"curies":[{"name":"wp","href":"https:\/\/api.w.org\/{rel}","templated":true}]}}