{"id":2289,"date":"2025-09-28T08:45:00","date_gmt":"2025-09-28T08:45:00","guid":{"rendered":"https:\/\/mountlaser.com\/?post_type=product&#038;p=2289"},"modified":"2025-11-28T08:14:35","modified_gmt":"2025-11-28T08:14:35","slug":"ad-s05-copper-adapter","status":"publish","type":"product","link":"https:\/\/mountlaser.com\/sq\/produkt\/ad-s05-copper-adapter\/","title":{"rendered":"P\u00ebrshtat\u00ebs bakri AD-S05"},"content":{"rendered":"<p>Zbuloni avantazhet unike t\u00eb Mount Laser <a href=\"https:\/\/mountlaser.com\/sq\/\"><strong>Adaptor\u00eb bakri n\u00eb shitje<\/strong><\/a>, duke filluar me at\u00eb t\u00eb projektuar me precizion<a href=\"https:\/\/mountlaser.com\/sq\/products\/\"><strong> P\u00ebrshtat\u00ebs bakri AD-S05<\/strong><\/a>.<\/p>\n<p>Ky adaptor i specializuar p\u00ebrmban kompatibilitet me fileto 5\/8\u2033-11 deri n\u00eb M8, i prodhuar nga bak\u00ebr me cil\u00ebsi t\u00eb lart\u00eb p\u00ebr t\u00eb ofruar performanc\u00eb superiore n\u00eb aplikime specifike matjeje. Jemi krenar\u00eb q\u00eb u ofrojm\u00eb k\u00ebta adaptor\u00eb bakri premium p\u00ebr shitje profesionist\u00ebve q\u00eb k\u00ebrkojn\u00eb veti t\u00eb jasht\u00ebzakonshme materialesh.<\/p>\n<p>AD-S05 siguron lidhje t\u00eb besueshme dhe rezistente ndaj g\u00ebrvishtjeve, duke e b\u00ebr\u00eb at\u00eb nj\u00eb zgjedhje t\u00eb shk\u00eblqyer p\u00ebr instrumente delikate. Eksploroni gam\u00ebn ton\u00eb t\u00eb Adaptor\u00ebve t\u00eb Bakrit me Performanc\u00eb t\u00eb Lart\u00eb n\u00eb shitje dhe p\u00ebrjetoni ndryshimin e Lazerit Mount n\u00eb cil\u00ebsi dhe precizion.<\/p>\n<p>&nbsp;<\/p>\n<p><img fetchpriority=\"high\" decoding=\"async\" class=\"aligncenter wp-image-2290\" src=\"https:\/\/mountlaser.com\/wp-content\/uploads\/2025\/09\/AD-S05-1.webp\" alt=\"Copper Adapters for sale\" width=\"500\" height=\"500\" srcset=\"https:\/\/mountlaser.com\/wp-content\/uploads\/2025\/09\/AD-S05-1.webp 1000w, https:\/\/mountlaser.com\/wp-content\/uploads\/2025\/09\/AD-S05-1-300x300.webp 300w, https:\/\/mountlaser.com\/wp-content\/uploads\/2025\/09\/AD-S05-1-400x400.webp 400w, https:\/\/mountlaser.com\/wp-content\/uploads\/2025\/09\/AD-S05-1-800x800.webp 800w, https:\/\/mountlaser.com\/wp-content\/uploads\/2025\/09\/AD-S05-1-600x600.webp 600w, https:\/\/mountlaser.com\/wp-content\/uploads\/2025\/09\/AD-S05-1-150x150.webp 150w, https:\/\/mountlaser.com\/wp-content\/uploads\/2025\/09\/AD-S05-1-768x768.webp 768w, https:\/\/mountlaser.com\/wp-content\/uploads\/2025\/09\/AD-S05-1-12x12.webp 12w\" sizes=\"(max-width: 500px) 100vw, 500px\" \/><\/p>\n<p><strong>P\u00ebrdoret me Adaptuesin e Bakrit AD-S05<\/strong><\/p>\n<p><img decoding=\"async\" class=\"wp-image-2220 size-full aligncenter\" src=\"https:\/\/mountlaser.com\/wp-content\/uploads\/2025\/09\/1-5.webp\" alt=\"\" width=\"614\" height=\"759\" srcset=\"https:\/\/mountlaser.com\/wp-content\/uploads\/2025\/09\/1-5.webp 614w, https:\/\/mountlaser.com\/wp-content\/uploads\/2025\/09\/1-5-600x742.webp 600w, https:\/\/mountlaser.com\/wp-content\/uploads\/2025\/09\/1-5-243x300.webp 243w, https:\/\/mountlaser.com\/wp-content\/uploads\/2025\/09\/1-5-10x12.webp 10w\" sizes=\"(max-width: 614px) 100vw, 614px\" \/><\/p>","protected":false},"excerpt":{"rendered":"<p>Discover the unique advantages of Mount Laser&#8217;s Copper Adapters for sale, starting with the precision-engineered AD-S05 Copper Adapter. This specialized adapter features 5\/8&#8243;-11 to M8 thread compatibility, crafted from high-quality copper to offer superior performance in specific measurement applications. We are proud to provide these premium Copper Adapters for sale to professionals who require exceptional [&hellip;]<\/p>\n","protected":false},"featured_media":2292,"comment_status":"open","ping_status":"closed","template":"","meta":[],"product_brand":[],"product_cat":[79,102],"product_tag":[],"class_list":{"0":"post-2289","1":"product","2":"type-product","3":"status-publish","4":"has-post-thumbnail","6":"product_cat-surveying-accessory","7":"product_cat-monitoring-adapter","9":"first","10":"instock","11":"shipping-taxable","12":"product-type-simple"},"_links":{"self":[{"href":"https:\/\/mountlaser.com\/sq\/wp-json\/wp\/v2\/product\/2289","targetHints":{"allow":["GET"]}}],"collection":[{"href":"https:\/\/mountlaser.com\/sq\/wp-json\/wp\/v2\/product"}],"about":[{"href":"https:\/\/mountlaser.com\/sq\/wp-json\/wp\/v2\/types\/product"}],"replies":[{"embeddable":true,"href":"https:\/\/mountlaser.com\/sq\/wp-json\/wp\/v2\/comments?post=2289"}],"wp:featuredmedia":[{"embeddable":true,"href":"https:\/\/mountlaser.com\/sq\/wp-json\/wp\/v2\/media\/2292"}],"wp:attachment":[{"href":"https:\/\/mountlaser.com\/sq\/wp-json\/wp\/v2\/media?parent=2289"}],"wp:term":[{"taxonomy":"product_brand","embeddable":true,"href":"https:\/\/mountlaser.com\/sq\/wp-json\/wp\/v2\/product_brand?post=2289"},{"taxonomy":"product_cat","embeddable":true,"href":"https:\/\/mountlaser.com\/sq\/wp-json\/wp\/v2\/product_cat?post=2289"},{"taxonomy":"product_tag","embeddable":true,"href":"https:\/\/mountlaser.com\/sq\/wp-json\/wp\/v2\/product_tag?post=2289"}],"curies":[{"name":"wp","href":"https:\/\/api.w.org\/{rel}","templated":true}]}}