{"id":2284,"date":"2025-09-28T08:24:08","date_gmt":"2025-09-28T08:24:08","guid":{"rendered":"https:\/\/mountlaser.com\/?post_type=product&#038;p=2284"},"modified":"2025-11-28T08:15:40","modified_gmt":"2025-11-28T08:15:40","slug":"ad-s04-stainless-steel-adapter","status":"publish","type":"product","link":"https:\/\/mountlaser.com\/sq\/produkt\/ad-s04-stainless-steel-adapter\/","title":{"rendered":"P\u00ebrshtat\u00ebs \u00e7eliku inox AD-S04"},"content":{"rendered":"<p>I\/E\/T\u00eb\/T\u00eb <a href=\"https:\/\/mountlaser.com\/sq\/\"><strong>Montoni Lazerin AD-S04<\/strong><\/a> \u00ebsht\u00eb nj\u00eb klas\u00eb premium <a href=\"https:\/\/mountlaser.com\/sq\/products\/\"><strong>Adaptues me fileto M8<\/strong><\/a> I projektuar p\u00ebr profesionist\u00eb q\u00eb k\u00ebrkojn\u00eb p\u00ebrputhshm\u00ebri t\u00eb fort\u00eb dhe q\u00ebndrueshm\u00ebri t\u00eb pal\u00ebkundur n\u00eb konfigurimet e tyre t\u00eb matjes. Ky p\u00ebrshtat\u00ebs thelb\u00ebsor mbush pa probleme hendekun midis filetos standarde 5\/8\u2033-11 t\u00eb industris\u00eb dhe filetos shum\u00ebfunksionale M8, duke e b\u00ebr\u00eb at\u00eb nj\u00eb p\u00ebrshtat\u00ebs t\u00eb domosdosh\u00ebm t\u00eb filetos M8 p\u00ebr integrimin e nj\u00eb game t\u00eb gjer\u00eb instrumentesh dhe aksesor\u00ebsh.<\/p>\n<p>I p\u00ebrpunuar t\u00ebr\u00ebsisht nga \u00e7elik inox me cil\u00ebsi t\u00eb lart\u00eb, ky i fort\u00eb <a href=\"https:\/\/mountlaser.com\/sq\/contact-us\/\">Adaptues me fileto M8<\/a> \u00ebsht\u00eb nd\u00ebrtuar p\u00ebr t&#039;i rezistuar korrozionit, konsumimit dhe goditjeve, duke siguruar performanc\u00eb t\u00eb besueshme n\u00eb kushtet m\u00eb t\u00eb v\u00ebshtira t\u00eb pun\u00ebs n\u00eb terren. \u00cbsht\u00eb zgjidhja perfekte p\u00ebr arritjen e nj\u00eb lidhjeje t\u00eb sigurt dhe t\u00eb sakt\u00eb n\u00eb konfigurime me standarde t\u00eb p\u00ebrziera.<\/p>\n<p>&nbsp;<\/p>\n<p><img fetchpriority=\"high\" decoding=\"async\" class=\"wp-image-2286 aligncenter\" src=\"https:\/\/mountlaser.com\/wp-content\/uploads\/2025\/09\/IMG_0262_\u526f\u672c.webp\" alt=\"M8 thread Adapter\" width=\"500\" height=\"500\" srcset=\"https:\/\/mountlaser.com\/wp-content\/uploads\/2025\/09\/IMG_0262_\u526f\u672c.webp 800w, https:\/\/mountlaser.com\/wp-content\/uploads\/2025\/09\/IMG_0262_\u526f\u672c-300x300.webp 300w, https:\/\/mountlaser.com\/wp-content\/uploads\/2025\/09\/IMG_0262_\u526f\u672c-400x400.webp 400w, https:\/\/mountlaser.com\/wp-content\/uploads\/2025\/09\/IMG_0262_\u526f\u672c-600x600.webp 600w, https:\/\/mountlaser.com\/wp-content\/uploads\/2025\/09\/IMG_0262_\u526f\u672c-150x150.webp 150w, https:\/\/mountlaser.com\/wp-content\/uploads\/2025\/09\/IMG_0262_\u526f\u672c-768x768.webp 768w, https:\/\/mountlaser.com\/wp-content\/uploads\/2025\/09\/IMG_0262_\u526f\u672c-12x12.webp 12w\" sizes=\"(max-width: 500px) 100vw, 500px\" \/><\/p>\n<p>&nbsp;<\/p>\n<p><strong>P\u00ebrdoret me Adaptuesin prej \u00e7eliku inox AD-S04<\/strong><\/p>\n<p><img decoding=\"async\" class=\"wp-image-2220 size-full aligncenter\" src=\"https:\/\/mountlaser.com\/wp-content\/uploads\/2025\/09\/1-5.webp\" alt=\"\" width=\"614\" height=\"759\" srcset=\"https:\/\/mountlaser.com\/wp-content\/uploads\/2025\/09\/1-5.webp 614w, https:\/\/mountlaser.com\/wp-content\/uploads\/2025\/09\/1-5-600x742.webp 600w, https:\/\/mountlaser.com\/wp-content\/uploads\/2025\/09\/1-5-243x300.webp 243w, https:\/\/mountlaser.com\/wp-content\/uploads\/2025\/09\/1-5-10x12.webp 10w\" sizes=\"(max-width: 614px) 100vw, 614px\" \/><\/p>","protected":false},"excerpt":{"rendered":"<ul>\n<li>Pajtueshm\u00ebria me fileto t\u00eb kryq\u00ebzuara: Paraqet 5\/8\u2033-11 n\u00eb nj\u00ebr\u00ebn an\u00eb dhe M8 n\u00eb an\u00ebn tjet\u00ebr p\u00ebr lidhjen e standardeve t\u00eb ndryshme t\u00eb filetove.<\/li>\n<li>Nd\u00ebrtimi prej \u00e7eliku inox: Ofron forc\u00eb superiore dhe rezistenc\u00eb t\u00eb shk\u00eblqyer ndaj ndryshkut dhe korrozionit.<\/li>\n<\/ul>\n<p>&nbsp;<\/p>","protected":false},"featured_media":2288,"comment_status":"open","ping_status":"closed","template":"","meta":[],"product_brand":[],"product_cat":[79,102],"product_tag":[],"class_list":{"0":"post-2284","1":"product","2":"type-product","3":"status-publish","4":"has-post-thumbnail","6":"product_cat-surveying-accessory","7":"product_cat-monitoring-adapter","9":"first","10":"instock","11":"shipping-taxable","12":"product-type-simple"},"_links":{"self":[{"href":"https:\/\/mountlaser.com\/sq\/wp-json\/wp\/v2\/product\/2284","targetHints":{"allow":["GET"]}}],"collection":[{"href":"https:\/\/mountlaser.com\/sq\/wp-json\/wp\/v2\/product"}],"about":[{"href":"https:\/\/mountlaser.com\/sq\/wp-json\/wp\/v2\/types\/product"}],"replies":[{"embeddable":true,"href":"https:\/\/mountlaser.com\/sq\/wp-json\/wp\/v2\/comments?post=2284"}],"wp:featuredmedia":[{"embeddable":true,"href":"https:\/\/mountlaser.com\/sq\/wp-json\/wp\/v2\/media\/2288"}],"wp:attachment":[{"href":"https:\/\/mountlaser.com\/sq\/wp-json\/wp\/v2\/media?parent=2284"}],"wp:term":[{"taxonomy":"product_brand","embeddable":true,"href":"https:\/\/mountlaser.com\/sq\/wp-json\/wp\/v2\/product_brand?post=2284"},{"taxonomy":"product_cat","embeddable":true,"href":"https:\/\/mountlaser.com\/sq\/wp-json\/wp\/v2\/product_cat?post=2284"},{"taxonomy":"product_tag","embeddable":true,"href":"https:\/\/mountlaser.com\/sq\/wp-json\/wp\/v2\/product_tag?post=2284"}],"curies":[{"name":"wp","href":"https:\/\/api.w.org\/{rel}","templated":true}]}}