{"id":2277,"date":"2025-09-28T07:46:49","date_gmt":"2025-09-28T07:46:49","guid":{"rendered":"https:\/\/mountlaser.com\/?post_type=product&#038;p=2277"},"modified":"2025-11-28T08:17:32","modified_gmt":"2025-11-28T08:17:32","slug":"ad-s02-stainless-steel-adapter","status":"publish","type":"product","link":"https:\/\/mountlaser.com\/sq\/produkt\/ad-s02-stainless-steel-adapter\/","title":{"rendered":"P\u00ebrshtat\u00ebs \u00e7eliku inox AD-S02"},"content":{"rendered":"<p>I\/E\/T\u00eb\/T\u00eb <a href=\"https:\/\/mountlaser.com\/sq\/\"><strong>P\u00ebrshtat\u00ebs \u00e7eliku inox AD-S02<\/strong><\/a> nga Mount Laser \u00ebsht\u00eb nj\u00eb adaptor premium me fileto 5\/8\u2033-11 i nd\u00ebrtuar p\u00ebr q\u00ebndrueshm\u00ebri dhe sakt\u00ebsi n\u00eb mjedise mat\u00ebse t\u00eb k\u00ebrkuara. I nd\u00ebrtuar t\u00ebr\u00ebsisht nga \u00e7elik inox, ky i fuqish\u00ebm <a href=\"https:\/\/mountlaser.com\/sq\/products\/\"><strong>P\u00ebrshtat\u00ebs me fileto 5\/8\u2033-11<\/strong> <\/a>Ofron rezistenc\u00eb superiore ndaj korrozionit, konsumimit dhe goditjes n\u00eb krahasim me modelet standarde t\u00eb aluminit.<\/p>\n<p><img fetchpriority=\"high\" decoding=\"async\" class=\"wp-image-2281 aligncenter\" src=\"https:\/\/mountlaser.com\/wp-content\/uploads\/2025\/09\/AD-S02-5.webp\" alt=\"5\/8&quot;-11 thread Adapter\" width=\"500\" height=\"500\" srcset=\"https:\/\/mountlaser.com\/wp-content\/uploads\/2025\/09\/AD-S02-5.webp 1000w, https:\/\/mountlaser.com\/wp-content\/uploads\/2025\/09\/AD-S02-5-300x300.webp 300w, https:\/\/mountlaser.com\/wp-content\/uploads\/2025\/09\/AD-S02-5-400x400.webp 400w, https:\/\/mountlaser.com\/wp-content\/uploads\/2025\/09\/AD-S02-5-800x800.webp 800w, https:\/\/mountlaser.com\/wp-content\/uploads\/2025\/09\/AD-S02-5-600x600.webp 600w, https:\/\/mountlaser.com\/wp-content\/uploads\/2025\/09\/AD-S02-5-150x150.webp 150w, https:\/\/mountlaser.com\/wp-content\/uploads\/2025\/09\/AD-S02-5-768x768.webp 768w, https:\/\/mountlaser.com\/wp-content\/uploads\/2025\/09\/AD-S02-5-12x12.webp 12w\" sizes=\"(max-width: 500px) 100vw, 500px\" \/><br \/>\n\u00cbsht\u00eb projektuar p\u00ebr t\u00eb siguruar nj\u00eb lidhje t\u00eb sigurt dhe t\u00eb besueshme p\u00ebr pajisjet tuaja t\u00eb matjes dhe matjes, duke siguruar sakt\u00ebsi afatgjat\u00eb. Kur projektet tuaja k\u00ebrkojn\u00eb performanc\u00eb t\u00eb pal\u00ebkundur n\u00eb kushte t\u00eb v\u00ebshtira, ky p\u00ebrshtat\u00ebs prej \u00e7eliku inox 5\/8\u2033-11 dhe fileto M8 \u00ebsht\u00eb zgjedhja p\u00ebrfundimtare p\u00ebr profesionist\u00ebt q\u00eb nuk do t\u00eb b\u00ebjn\u00eb kompromis me cil\u00ebsin\u00eb.<\/p>\n<p>&nbsp;<\/p>\n<p><strong>P\u00ebrdoret me Adaptuesin prej \u00c7eliku Inoks AD-S02<\/strong><\/p>\n<p><img decoding=\"async\" class=\"wp-image-2220 size-full aligncenter\" src=\"https:\/\/mountlaser.com\/wp-content\/uploads\/2025\/09\/1-5.webp\" alt=\"\" width=\"614\" height=\"759\" srcset=\"https:\/\/mountlaser.com\/wp-content\/uploads\/2025\/09\/1-5.webp 614w, https:\/\/mountlaser.com\/wp-content\/uploads\/2025\/09\/1-5-600x742.webp 600w, https:\/\/mountlaser.com\/wp-content\/uploads\/2025\/09\/1-5-243x300.webp 243w, https:\/\/mountlaser.com\/wp-content\/uploads\/2025\/09\/1-5-10x12.webp 10w\" sizes=\"(max-width: 614px) 100vw, 614px\" \/><\/p>\n<p>&nbsp;<\/p>","protected":false},"excerpt":{"rendered":"<ul>\n<li>Materiali Premium: I nd\u00ebrtuar nga \u00e7elik inox i cil\u00ebsis\u00eb s\u00eb lart\u00eb p\u00ebr q\u00ebndrueshm\u00ebri maksimale.<\/li>\n<li>Filetim preciz: P\u00ebrmban nj\u00eb fileto standarde 5\/8\u2033-11 p\u00ebr kompatibilitet universal me trek\u00ebmb\u00ebsha dhe instrumente.<\/li>\n<li>Rezistenca ndaj korrozionit: Ideale p\u00ebr p\u00ebrdorim n\u00eb mjedise t\u00eb ashpra ose t\u00eb jashtme ku lag\u00ebshtia \u00ebsht\u00eb shqet\u00ebsuese.<\/li>\n<\/ul>","protected":false},"featured_media":2280,"comment_status":"open","ping_status":"closed","template":"","meta":[],"product_brand":[],"product_cat":[79,102],"product_tag":[],"class_list":{"0":"post-2277","1":"product","2":"type-product","3":"status-publish","4":"has-post-thumbnail","6":"product_cat-surveying-accessory","7":"product_cat-monitoring-adapter","9":"first","10":"instock","11":"shipping-taxable","12":"product-type-simple"},"_links":{"self":[{"href":"https:\/\/mountlaser.com\/sq\/wp-json\/wp\/v2\/product\/2277","targetHints":{"allow":["GET"]}}],"collection":[{"href":"https:\/\/mountlaser.com\/sq\/wp-json\/wp\/v2\/product"}],"about":[{"href":"https:\/\/mountlaser.com\/sq\/wp-json\/wp\/v2\/types\/product"}],"replies":[{"embeddable":true,"href":"https:\/\/mountlaser.com\/sq\/wp-json\/wp\/v2\/comments?post=2277"}],"wp:featuredmedia":[{"embeddable":true,"href":"https:\/\/mountlaser.com\/sq\/wp-json\/wp\/v2\/media\/2280"}],"wp:attachment":[{"href":"https:\/\/mountlaser.com\/sq\/wp-json\/wp\/v2\/media?parent=2277"}],"wp:term":[{"taxonomy":"product_brand","embeddable":true,"href":"https:\/\/mountlaser.com\/sq\/wp-json\/wp\/v2\/product_brand?post=2277"},{"taxonomy":"product_cat","embeddable":true,"href":"https:\/\/mountlaser.com\/sq\/wp-json\/wp\/v2\/product_cat?post=2277"},{"taxonomy":"product_tag","embeddable":true,"href":"https:\/\/mountlaser.com\/sq\/wp-json\/wp\/v2\/product_tag?post=2277"}],"curies":[{"name":"wp","href":"https:\/\/api.w.org\/{rel}","templated":true}]}}