{"id":2272,"date":"2025-09-28T07:09:01","date_gmt":"2025-09-28T07:09:01","guid":{"rendered":"https:\/\/mountlaser.com\/?post_type=product&#038;p=2272"},"modified":"2025-11-28T08:25:31","modified_gmt":"2025-11-28T08:25:31","slug":"ad-s01-adapter","status":"publish","type":"product","link":"https:\/\/mountlaser.com\/sq\/produkt\/ad-s01-adapter\/","title":{"rendered":"P\u00ebrshtat\u00ebs AD-S01"},"content":{"rendered":"<p>I\/E\/T\u00eb\/T\u00eb <a href=\"https:\/\/mountlaser.com\/sq\/products\/\"><strong>P\u00ebrshtat\u00ebs AD-S01<\/strong><\/a> \u00ebsht\u00eb nj\u00eb aksesor monitorimi i projektuar me precizion t\u00eb lart\u00eb, i projektuar p\u00ebr aplikime profesionale t\u00eb matjeve dhe monitorimit strukturor. I nd\u00ebrtuar me nj\u00eb konfigurim t\u00eb fuqish\u00ebm t\u00eb adaptorit t\u00eb dyfisht\u00eb 5\/8\u2033-11 Mashkull, adaptori AD-S01 siguron montim t\u00eb sigurt, t\u00eb q\u00ebndruesh\u00ebm dhe shum\u00eb t\u00eb p\u00ebrputhsh\u00ebm midis prizmave, kllapave, shtyllave dhe pajisjeve t\u00eb monitorimit. Dizajni i tij me dy fileta rrit shkatht\u00ebsin\u00eb, duke lejuar integrim t\u00eb qet\u00eb me nj\u00eb gam\u00eb t\u00eb gjer\u00eb pajisjesh n\u00eb terren.<\/p>\n<p><img fetchpriority=\"high\" decoding=\"async\" class=\"aligncenter wp-image-2276\" src=\"https:\/\/mountlaser.com\/wp-content\/uploads\/2025\/09\/AD-S01-4-1.webp\" alt=\"Double 5\/8&quot;-11 Male Adapter\" width=\"500\" height=\"500\" srcset=\"https:\/\/mountlaser.com\/wp-content\/uploads\/2025\/09\/AD-S01-4-1.webp 1000w, https:\/\/mountlaser.com\/wp-content\/uploads\/2025\/09\/AD-S01-4-1-300x300.webp 300w, https:\/\/mountlaser.com\/wp-content\/uploads\/2025\/09\/AD-S01-4-1-400x400.webp 400w, https:\/\/mountlaser.com\/wp-content\/uploads\/2025\/09\/AD-S01-4-1-800x800.webp 800w, https:\/\/mountlaser.com\/wp-content\/uploads\/2025\/09\/AD-S01-4-1-600x600.webp 600w, https:\/\/mountlaser.com\/wp-content\/uploads\/2025\/09\/AD-S01-4-1-150x150.webp 150w, https:\/\/mountlaser.com\/wp-content\/uploads\/2025\/09\/AD-S01-4-1-768x768.webp 768w, https:\/\/mountlaser.com\/wp-content\/uploads\/2025\/09\/AD-S01-4-1-12x12.webp 12w\" sizes=\"(max-width: 500px) 100vw, 500px\" \/><\/p>\n<p>Me konstruksionin e tij t\u00eb fort\u00eb metalik dhe p\u00ebrfundimin rezistent ndaj korrozionit, Adaptori i Dyfisht\u00eb Mashkull 5\/8\u2033-11 ofron besueshm\u00ebri afatgjat\u00eb edhe n\u00eb mjedise t\u00eb ashpra t\u00eb jashtme. Qoft\u00eb i p\u00ebrdorur p\u00ebr instalime t\u00eb p\u00ebrhershme apo konfigurime monitorimi mobil, ky <a href=\"https:\/\/mountlaser.com\/sq\/contact-us\/\">P\u00ebrshtat\u00ebs i dyfisht\u00eb 5\/8\u2033-11 Mashkull<\/a> siguron sakt\u00ebsi t\u00eb q\u00ebndrueshme t\u00eb shtrirjes dhe forc\u00eb mekanike t\u00eb besueshme. P\u00ebrshtat\u00ebsi AD-S01 \u00ebsht\u00eb nj\u00eb komponent thelb\u00ebsor p\u00ebr topograf\u00ebt q\u00eb k\u00ebrkojn\u00eb q\u00ebndrueshm\u00ebri, p\u00ebrputhshm\u00ebri dhe integrim t\u00eb sakt\u00eb t\u00eb sistemit n\u00eb aplikimet e monitorimit.<\/p>","protected":false},"excerpt":{"rendered":"<ul>\n<li>Lidhje e dyfisht\u00eb mashkullore: P\u00ebrmban dy fileto mashkullore t\u00eb jashtme 5\/8\u2033-11 p\u00ebr lidhjen e komponent\u00ebve me fileto fem\u00ebrore.<\/li>\n<li>Filetim preciz: I projektuar me toleranca t\u00eb larta p\u00ebr nj\u00eb lidhje t\u00eb sigurt dhe pa fileto t\u00eb kryq\u00ebzuara.<\/li>\n<\/ul>","protected":false},"featured_media":2273,"comment_status":"open","ping_status":"closed","template":"","meta":[],"product_brand":[],"product_cat":[79,102],"product_tag":[],"class_list":{"0":"post-2272","1":"product","2":"type-product","3":"status-publish","4":"has-post-thumbnail","6":"product_cat-surveying-accessory","7":"product_cat-monitoring-adapter","9":"first","10":"instock","11":"shipping-taxable","12":"product-type-simple"},"_links":{"self":[{"href":"https:\/\/mountlaser.com\/sq\/wp-json\/wp\/v2\/product\/2272","targetHints":{"allow":["GET"]}}],"collection":[{"href":"https:\/\/mountlaser.com\/sq\/wp-json\/wp\/v2\/product"}],"about":[{"href":"https:\/\/mountlaser.com\/sq\/wp-json\/wp\/v2\/types\/product"}],"replies":[{"embeddable":true,"href":"https:\/\/mountlaser.com\/sq\/wp-json\/wp\/v2\/comments?post=2272"}],"wp:featuredmedia":[{"embeddable":true,"href":"https:\/\/mountlaser.com\/sq\/wp-json\/wp\/v2\/media\/2273"}],"wp:attachment":[{"href":"https:\/\/mountlaser.com\/sq\/wp-json\/wp\/v2\/media?parent=2272"}],"wp:term":[{"taxonomy":"product_brand","embeddable":true,"href":"https:\/\/mountlaser.com\/sq\/wp-json\/wp\/v2\/product_brand?post=2272"},{"taxonomy":"product_cat","embeddable":true,"href":"https:\/\/mountlaser.com\/sq\/wp-json\/wp\/v2\/product_cat?post=2272"},{"taxonomy":"product_tag","embeddable":true,"href":"https:\/\/mountlaser.com\/sq\/wp-json\/wp\/v2\/product_tag?post=2272"}],"curies":[{"name":"wp","href":"https:\/\/api.w.org\/{rel}","templated":true}]}}