{"id":2267,"date":"2025-09-28T03:31:47","date_gmt":"2025-09-28T03:31:47","guid":{"rendered":"https:\/\/mountlaser.com\/?post_type=product&#038;p=2267"},"modified":"2025-11-28T08:28:58","modified_gmt":"2025-11-28T08:28:58","slug":"ad-f01-double-female-adapter","status":"publish","type":"product","link":"https:\/\/mountlaser.com\/sq\/produkt\/ad-f01-double-female-adapter\/","title":{"rendered":"Adaptor i dyfisht\u00eb fem\u00ebror AD-F01"},"content":{"rendered":"<p>I\/E\/T\u00eb\/T\u00eb <a href=\"https:\/\/mountlaser.com\/sq\/products\/\"><strong>Adaptues fem\u00ebror i dyfisht\u00eb 5\/8\u2033-11 Mountlaser<\/strong><\/a> (P\/N: 5181-00) \u00ebsht\u00eb nj\u00eb zgjidhje thelb\u00ebsore lidhjeje p\u00ebr sistemet e matjes precize. Ky p\u00ebrshtat\u00ebs i gjithansh\u00ebm p\u00ebrmban nj\u00eb fileto fem\u00ebr n\u00eb t\u00eb dyja skajet, i projektuar me ekspertiz\u00eb p\u00ebr t\u00eb bashkuar dy komponent\u00eb me fileto mashkullore, si\u00e7 jan\u00eb trek\u00ebmb\u00ebshat dhe instrumente t\u00eb ndryshme.<\/p>\n<p><img fetchpriority=\"high\" decoding=\"async\" class=\"wp-image-2270 aligncenter\" src=\"https:\/\/mountlaser.com\/wp-content\/uploads\/2025\/09\/IMG_5059_\u526f\u672c.webp\" alt=\"Double Female Adapter\" width=\"500\" height=\"500\" srcset=\"https:\/\/mountlaser.com\/wp-content\/uploads\/2025\/09\/IMG_5059_\u526f\u672c.webp 800w, https:\/\/mountlaser.com\/wp-content\/uploads\/2025\/09\/IMG_5059_\u526f\u672c-300x300.webp 300w, https:\/\/mountlaser.com\/wp-content\/uploads\/2025\/09\/IMG_5059_\u526f\u672c-400x400.webp 400w, https:\/\/mountlaser.com\/wp-content\/uploads\/2025\/09\/IMG_5059_\u526f\u672c-600x600.webp 600w, https:\/\/mountlaser.com\/wp-content\/uploads\/2025\/09\/IMG_5059_\u526f\u672c-150x150.webp 150w, https:\/\/mountlaser.com\/wp-content\/uploads\/2025\/09\/IMG_5059_\u526f\u672c-768x768.webp 768w, https:\/\/mountlaser.com\/wp-content\/uploads\/2025\/09\/IMG_5059_\u526f\u672c-12x12.webp 12w\" sizes=\"(max-width: 500px) 100vw, 500px\" \/><br \/>\nMe nj\u00eb nd\u00ebrtim t\u00eb fort\u00eb dhe nj\u00eb lart\u00ebsi kompakte prej 38 mm, kjo <a href=\"https:\/\/mountlaser.com\/sq\/contact-us\/\"><strong>Adaptues i dyfisht\u00eb fem\u00ebror<\/strong><\/a> siguron nj\u00eb lidhje t\u00eb sigurt dhe t\u00eb q\u00ebndrueshme, duke e zgjeruar n\u00eb m\u00ebnyr\u00eb efektive konfigurimin pa kompromentuar sakt\u00ebsin\u00eb. P\u00ebr profesionist\u00ebt q\u00eb k\u00ebrkojn\u00eb aksesor\u00eb matjeje t\u00eb besuesh\u00ebm dhe me cil\u00ebsi t\u00eb lart\u00eb, Adaptori Fem\u00ebr Mountlaser Double 5\/8\u2033-11 \u00ebsht\u00eb zgjedhja ideale p\u00ebr konfigurime komplekse.<\/p>","protected":false},"excerpt":{"rendered":"<ul>\n<li>Lidhje e dyfisht\u00eb fem\u00ebr: P\u00ebrmban dy fileto fem\u00ebrore 5\/8\u2033-11 p\u00ebr lidhjen e komponent\u00ebve me fileto mashkullore.<\/li>\n<li>Dizajn kompakt: Me nj\u00eb lart\u00ebsi prej 38 mm, siguron nj\u00eb zgjatim me profil t\u00eb ul\u00ebt.<\/li>\n<\/ul>","protected":false},"featured_media":2268,"comment_status":"open","ping_status":"closed","template":"","meta":[],"product_brand":[],"product_cat":[79,102],"product_tag":[],"class_list":{"0":"post-2267","1":"product","2":"type-product","3":"status-publish","4":"has-post-thumbnail","6":"product_cat-surveying-accessory","7":"product_cat-monitoring-adapter","9":"first","10":"instock","11":"shipping-taxable","12":"product-type-simple"},"_links":{"self":[{"href":"https:\/\/mountlaser.com\/sq\/wp-json\/wp\/v2\/product\/2267","targetHints":{"allow":["GET"]}}],"collection":[{"href":"https:\/\/mountlaser.com\/sq\/wp-json\/wp\/v2\/product"}],"about":[{"href":"https:\/\/mountlaser.com\/sq\/wp-json\/wp\/v2\/types\/product"}],"replies":[{"embeddable":true,"href":"https:\/\/mountlaser.com\/sq\/wp-json\/wp\/v2\/comments?post=2267"}],"wp:featuredmedia":[{"embeddable":true,"href":"https:\/\/mountlaser.com\/sq\/wp-json\/wp\/v2\/media\/2268"}],"wp:attachment":[{"href":"https:\/\/mountlaser.com\/sq\/wp-json\/wp\/v2\/media?parent=2267"}],"wp:term":[{"taxonomy":"product_brand","embeddable":true,"href":"https:\/\/mountlaser.com\/sq\/wp-json\/wp\/v2\/product_brand?post=2267"},{"taxonomy":"product_cat","embeddable":true,"href":"https:\/\/mountlaser.com\/sq\/wp-json\/wp\/v2\/product_cat?post=2267"},{"taxonomy":"product_tag","embeddable":true,"href":"https:\/\/mountlaser.com\/sq\/wp-json\/wp\/v2\/product_tag?post=2267"}],"curies":[{"name":"wp","href":"https:\/\/api.w.org\/{rel}","templated":true}]}}