{"id":2260,"date":"2025-09-28T03:03:30","date_gmt":"2025-09-28T03:03:30","guid":{"rendered":"https:\/\/mountlaser.com\/?post_type=product&#038;p=2260"},"modified":"2025-11-28T08:45:23","modified_gmt":"2025-11-28T08:45:23","slug":"ad-a30-adapter","status":"publish","type":"product","link":"https:\/\/mountlaser.com\/sq\/produkt\/ad-a30-adapter\/","title":{"rendered":"P\u00ebrshtat\u00ebs AD-A30"},"content":{"rendered":"<p>I\/E\/T\u00eb\/T\u00eb <strong><a href=\"https:\/\/mountlaser.com\/sq\/products\/\">P\u00ebrshtat\u00ebs alumini AD-A30<\/a><\/strong> \u00ebsht\u00eb nj\u00eb adaptor fem\u00ebr-mashkull me cil\u00ebsi t\u00eb lart\u00eb i projektuar p\u00ebr aplikime matjeje precize. I prodhuar nga alumini i q\u00ebndruesh\u00ebm me nj\u00eb fileto 5\/8\u2033-11, ky adaptor me diamet\u00ebr 22 mm siguron lidhje dhe kompatibilitet t\u00eb besuesh\u00ebm.<\/p>\n<p><img fetchpriority=\"high\" decoding=\"async\" class=\"wp-image-2265 aligncenter\" src=\"https:\/\/mountlaser.com\/wp-content\/uploads\/2025\/09\/AD-A30-6.webp\" alt=\"AD-A30 Aluminium Adapter\" width=\"500\" height=\"500\" srcset=\"https:\/\/mountlaser.com\/wp-content\/uploads\/2025\/09\/AD-A30-6.webp 1000w, https:\/\/mountlaser.com\/wp-content\/uploads\/2025\/09\/AD-A30-6-300x300.webp 300w, https:\/\/mountlaser.com\/wp-content\/uploads\/2025\/09\/AD-A30-6-400x400.webp 400w, https:\/\/mountlaser.com\/wp-content\/uploads\/2025\/09\/AD-A30-6-800x800.webp 800w, https:\/\/mountlaser.com\/wp-content\/uploads\/2025\/09\/AD-A30-6-600x600.webp 600w, https:\/\/mountlaser.com\/wp-content\/uploads\/2025\/09\/AD-A30-6-150x150.webp 150w, https:\/\/mountlaser.com\/wp-content\/uploads\/2025\/09\/AD-A30-6-768x768.webp 768w, https:\/\/mountlaser.com\/wp-content\/uploads\/2025\/09\/AD-A30-6-12x12.webp 12w\" sizes=\"(max-width: 500px) 100vw, 500px\" \/><br \/>\nSi pjes\u00eb e aksesor\u00ebve t\u00eb matjes s\u00eb Mount Laser, Adaptori i Aluminit AD-A30 ofron nj\u00eb lart\u00ebsi prej 30 mm, duke e b\u00ebr\u00eb ideal p\u00ebr konfigurime t\u00eb ndryshme. Seria e Adaptorit me Diamet\u00ebr 22 mm p\u00ebrfshin opsione t\u00eb shumta lart\u00ebsie, t\u00eb tilla si 35 mm dhe 50 mm, por modeli AD-A30 dallohet p\u00ebr dizajnin e tij kompakt. Ky adaptor i gjithansh\u00ebm <a href=\"https:\/\/mountlaser.com\/sq\/contact-us\/\"><strong>Adaptor me diamet\u00ebr 22 mm<\/strong><\/a> \u00ebsht\u00eb projektuar p\u00ebr t\u00eb rritur sakt\u00ebsin\u00eb dhe leht\u00ebsin\u00eb e p\u00ebrdorimit n\u00eb mjediset profesionale.<\/p>","protected":false},"excerpt":{"rendered":"<ul>\n<li>Dizajn adaptori fem\u00ebr-mashkull p\u00ebr lidhje pa probleme.<\/li>\n<li>Nd\u00ebrtuar nga alumini me fileto mashkull\/fem\u00ebr 5\/8\u2033-11.<\/li>\n<li>Diametri prej 22 mm p\u00ebr pajtueshm\u00ebri standarde.<\/li>\n<\/ul>","protected":false},"featured_media":2262,"comment_status":"open","ping_status":"closed","template":"","meta":[],"product_brand":[],"product_cat":[79,102],"product_tag":[],"class_list":{"0":"post-2260","1":"product","2":"type-product","3":"status-publish","4":"has-post-thumbnail","6":"product_cat-surveying-accessory","7":"product_cat-monitoring-adapter","9":"first","10":"instock","11":"shipping-taxable","12":"product-type-simple"},"_links":{"self":[{"href":"https:\/\/mountlaser.com\/sq\/wp-json\/wp\/v2\/product\/2260","targetHints":{"allow":["GET"]}}],"collection":[{"href":"https:\/\/mountlaser.com\/sq\/wp-json\/wp\/v2\/product"}],"about":[{"href":"https:\/\/mountlaser.com\/sq\/wp-json\/wp\/v2\/types\/product"}],"replies":[{"embeddable":true,"href":"https:\/\/mountlaser.com\/sq\/wp-json\/wp\/v2\/comments?post=2260"}],"wp:featuredmedia":[{"embeddable":true,"href":"https:\/\/mountlaser.com\/sq\/wp-json\/wp\/v2\/media\/2262"}],"wp:attachment":[{"href":"https:\/\/mountlaser.com\/sq\/wp-json\/wp\/v2\/media?parent=2260"}],"wp:term":[{"taxonomy":"product_brand","embeddable":true,"href":"https:\/\/mountlaser.com\/sq\/wp-json\/wp\/v2\/product_brand?post=2260"},{"taxonomy":"product_cat","embeddable":true,"href":"https:\/\/mountlaser.com\/sq\/wp-json\/wp\/v2\/product_cat?post=2260"},{"taxonomy":"product_tag","embeddable":true,"href":"https:\/\/mountlaser.com\/sq\/wp-json\/wp\/v2\/product_tag?post=2260"}],"curies":[{"name":"wp","href":"https:\/\/api.w.org\/{rel}","templated":true}]}}