{"id":2250,"date":"2025-09-26T09:25:24","date_gmt":"2025-09-26T09:25:24","guid":{"rendered":"https:\/\/mountlaser.com\/?post_type=product&#038;p=2250"},"modified":"2025-11-28T08:50:32","modified_gmt":"2025-11-28T08:50:32","slug":"bc02-23-galvanised-steel-beam-clamp","status":"publish","type":"product","link":"https:\/\/mountlaser.com\/sq\/produkt\/bc02-23-galvanised-steel-beam-clamp\/","title":{"rendered":"Kap\u00ebse trau \u00e7eliku t\u00eb galvanizuar BC02-23"},"content":{"rendered":"<p>Montim i gjithansh\u00ebm dhe i fort\u00eb me kap\u00ebsen universale t\u00eb trarit BC02-23<\/p>\n<p>I\/E\/T\u00eb\/T\u00eb <a href=\"https:\/\/mountlaser.com\/sq\/\"><strong>Kap\u00ebse trau \u00e7eliku t\u00eb galvanizuar BC02-23<\/strong><\/a> \u00ebsht\u00eb nj\u00eb mjet thelb\u00ebsor p\u00ebr topograf\u00ebt dhe inxhinier\u00ebt q\u00eb kan\u00eb nevoj\u00eb p\u00ebr nj\u00eb zgjidhje t\u00eb sigurt dhe t\u00eb rregullueshme montimi n\u00eb trar\u00ebt e \u00e7elikut strukturor. Ky produkt \u00ebsht\u00eb nj\u00eb shembull kryesor i madh\u00ebsive praktike t\u00eb kap\u00ebses s\u00eb trar\u00ebve t\u00eb \u00e7elikut t\u00eb galvanizuar, t\u00eb projektuara posa\u00e7\u00ebrisht p\u00ebr trar\u00eb me nj\u00eb gjer\u00ebsi flanxhe prej 0-23 mm. Dizajni i tij inovativ e b\u00ebn at\u00eb nj\u00eb kap\u00ebse trare v\u00ebrtet universale, duke ofruar shkatht\u00ebsi t\u00eb jasht\u00ebzakonshme n\u00eb vende t\u00eb ndryshme pune.<\/p>\n<p>Duke funksionuar si nj\u00eb sistem shum\u00eb i adaptuesh\u00ebm <a href=\"https:\/\/mountlaser.com\/sq\/products\/\"><strong>Kap\u00ebse universale p\u00ebr trar\u00eb<\/strong><\/a>, BC02-23 mund t\u00eb instalohet shpejt pa pasur nevoj\u00eb p\u00ebr shpime ose saldim, duke ruajtur integritetin e trarit. Ai p\u00ebrmban nj\u00eb vrim\u00eb standarde me fileto M8, duke lejuar lidhjen e leht\u00eb t\u00eb aksesor\u00ebve t\u00eb ndrysh\u00ebm t\u00eb matjes si prizma, antena ose sensor\u00eb.<\/p>\n<p>&nbsp;<\/p>\n<p><img fetchpriority=\"high\" decoding=\"async\" class=\"wp-image-2252 aligncenter\" src=\"https:\/\/mountlaser.com\/wp-content\/uploads\/2025\/09\/IMG_6836_\u526f\u672c.webp\" alt=\"Universal Beam Clamp\" width=\"500\" height=\"500\" srcset=\"https:\/\/mountlaser.com\/wp-content\/uploads\/2025\/09\/IMG_6836_\u526f\u672c.webp 800w, https:\/\/mountlaser.com\/wp-content\/uploads\/2025\/09\/IMG_6836_\u526f\u672c-300x300.webp 300w, https:\/\/mountlaser.com\/wp-content\/uploads\/2025\/09\/IMG_6836_\u526f\u672c-400x400.webp 400w, https:\/\/mountlaser.com\/wp-content\/uploads\/2025\/09\/IMG_6836_\u526f\u672c-600x600.webp 600w, https:\/\/mountlaser.com\/wp-content\/uploads\/2025\/09\/IMG_6836_\u526f\u672c-150x150.webp 150w, https:\/\/mountlaser.com\/wp-content\/uploads\/2025\/09\/IMG_6836_\u526f\u672c-768x768.webp 768w, https:\/\/mountlaser.com\/wp-content\/uploads\/2025\/09\/IMG_6836_\u526f\u672c-12x12.webp 12w\" sizes=\"(max-width: 500px) 100vw, 500px\" \/><\/p>\n<p>Kap\u00ebsja \u00ebsht\u00eb prodhuar nga \u00e7elik me rezistenc\u00eb t\u00eb lart\u00eb dhe \u00ebsht\u00eb e p\u00ebrfunduar me nj\u00eb shtres\u00eb t\u00eb galvanizuar me zhytje t\u00eb nxeht\u00eb, duke siguruar rezistenc\u00eb superiore ndaj ndryshkut dhe korrozionit, gj\u00eb q\u00eb \u00ebsht\u00eb kritike p\u00ebr aplikimet afatgjata n\u00eb natyr\u00eb ose industriale. Kur zgjidhni nga madh\u00ebsi t\u00eb ndryshme t\u00eb kap\u00ebses s\u00eb trar\u00ebve t\u00eb \u00e7elikut t\u00eb galvanizuar, <a href=\"https:\/\/mountlaser.com\/sq\/contact-us\/\">BC02-23<\/a> \u00ebsht\u00eb zgjedhja ideale p\u00ebr aplikime me ngarkes\u00eb t\u00eb leht\u00eb deri n\u00eb mesatare n\u00eb trar\u00eb me madh\u00ebsi standarde.<\/p>\n<p><strong>P\u00ebrdoret me kap\u00ebsen e trarit t\u00eb \u00e7elikut t\u00eb galvanizuar BC02-23<\/strong><\/p>\n<p><img decoding=\"async\" class=\"wp-image-2220 size-full aligncenter\" src=\"https:\/\/mountlaser.com\/wp-content\/uploads\/2025\/09\/1-5.webp\" alt=\"\" width=\"614\" height=\"759\" srcset=\"https:\/\/mountlaser.com\/wp-content\/uploads\/2025\/09\/1-5.webp 614w, https:\/\/mountlaser.com\/wp-content\/uploads\/2025\/09\/1-5-600x742.webp 600w, https:\/\/mountlaser.com\/wp-content\/uploads\/2025\/09\/1-5-243x300.webp 243w, https:\/\/mountlaser.com\/wp-content\/uploads\/2025\/09\/1-5-10x12.webp 10w\" sizes=\"(max-width: 614px) 100vw, 614px\" \/><\/p>","protected":false},"excerpt":{"rendered":"<ul>\n<li>Montim Universal: Ofron nj\u00eb pik\u00eb montimi t\u00eb sigurt dhe jo-invazive n\u00eb trar\u00ebt e \u00e7elikut me gjer\u00ebsi flanxhash deri n\u00eb 23 mm.<\/li>\n<li>Pajtueshm\u00ebria e filetos M8: Filetoja e integruar M8 ofron nj\u00eb lidhje t\u00eb standardizuar p\u00ebr nj\u00eb gam\u00eb t\u00eb gjer\u00eb instrumentesh dhe aksesor\u00ebsh matjeje.<\/li>\n<\/ul>","protected":false},"featured_media":2251,"comment_status":"open","ping_status":"closed","template":"","meta":[],"product_brand":[],"product_cat":[79,102],"product_tag":[],"class_list":{"0":"post-2250","1":"product","2":"type-product","3":"status-publish","4":"has-post-thumbnail","6":"product_cat-surveying-accessory","7":"product_cat-monitoring-adapter","9":"first","10":"instock","11":"shipping-taxable","12":"product-type-simple"},"_links":{"self":[{"href":"https:\/\/mountlaser.com\/sq\/wp-json\/wp\/v2\/product\/2250","targetHints":{"allow":["GET"]}}],"collection":[{"href":"https:\/\/mountlaser.com\/sq\/wp-json\/wp\/v2\/product"}],"about":[{"href":"https:\/\/mountlaser.com\/sq\/wp-json\/wp\/v2\/types\/product"}],"replies":[{"embeddable":true,"href":"https:\/\/mountlaser.com\/sq\/wp-json\/wp\/v2\/comments?post=2250"}],"wp:featuredmedia":[{"embeddable":true,"href":"https:\/\/mountlaser.com\/sq\/wp-json\/wp\/v2\/media\/2251"}],"wp:attachment":[{"href":"https:\/\/mountlaser.com\/sq\/wp-json\/wp\/v2\/media?parent=2250"}],"wp:term":[{"taxonomy":"product_brand","embeddable":true,"href":"https:\/\/mountlaser.com\/sq\/wp-json\/wp\/v2\/product_brand?post=2250"},{"taxonomy":"product_cat","embeddable":true,"href":"https:\/\/mountlaser.com\/sq\/wp-json\/wp\/v2\/product_cat?post=2250"},{"taxonomy":"product_tag","embeddable":true,"href":"https:\/\/mountlaser.com\/sq\/wp-json\/wp\/v2\/product_tag?post=2250"}],"curies":[{"name":"wp","href":"https:\/\/api.w.org\/{rel}","templated":true}]}}