{"id":2243,"date":"2025-09-26T09:14:59","date_gmt":"2025-09-26T09:14:59","guid":{"rendered":"https:\/\/mountlaser.com\/?post_type=product&#038;p=2243"},"modified":"2025-12-01T01:17:53","modified_gmt":"2025-12-01T01:17:53","slug":"wa30-40-wall-anchor","status":"publish","type":"product","link":"https:\/\/mountlaser.com\/sq\/produkt\/wa30-40-wall-anchor\/","title":{"rendered":"Ankorues Muri WA30\/40"},"content":{"rendered":"<p>I\/E\/T\u00eb\/T\u00eb <a href=\"https:\/\/mountlaser.com\/sq\/kategori-produkti\/surveying-accessory\/\"><strong>Ankorues Muri WA30\/40<\/strong><\/a> ofron nj\u00eb pik\u00eb montimi t\u00eb besueshme dhe t\u00eb p\u00ebrhershme p\u00ebr nj\u00eb s\u00ebr\u00eb aksesor\u00ebsh matjeje n\u00eb beton, tull\u00eb dhe sip\u00ebrfaqe t\u00eb tjera t\u00eb ngurta. Ky element thelb\u00ebsor <a href=\"https:\/\/mountlaser.com\/sq\/\"><strong>komplet ankorimi muri<\/strong><\/a> p\u00ebrfshin dy spiranca t\u00eb forta, fileton spiranc\u00ebn e murit WA-30 M8 dhe fileton spiranc\u00ebn e murit WA-40 M8, duke ofruar fleksibilitet p\u00ebr k\u00ebrkesa t\u00eb ndryshme t\u00eb thell\u00ebsis\u00eb s\u00eb instalimit.<\/p>\n<p>T\u00eb dy spirancat n\u00eb k\u00ebt\u00eb komplet kan\u00eb nj\u00eb fileto t\u00eb brendshme standarde M8, duke siguruar p\u00ebrputhshm\u00ebri me nj\u00eb gam\u00eb t\u00eb gjer\u00eb kllapash, shtyllash dhe adaptor\u00ebsh.<\/p>\n<p>Dallimi kryesor i setit t\u00eb ankorimeve t\u00eb murit q\u00ebndron n\u00eb lart\u00ebsin\u00eb e tyre t\u00eb p\u00ebrgjithshme: <a href=\"https:\/\/mountlaser.com\/sq\/contact-us\/\">Ankorues Muri WA-30<\/a> Fijeta M8 jan\u00eb 30 mm, nd\u00ebrsa filetoja e spiranc\u00ebs s\u00eb murit WA-40 M8 ka nj\u00eb lart\u00ebsi prej 40 mm, duke e b\u00ebr\u00eb t\u00eb p\u00ebrshtatshme p\u00ebr situata q\u00eb k\u00ebrkojn\u00eb nj\u00eb ngulitje m\u00eb t\u00eb thell\u00eb p\u00ebr stabilitet t\u00eb shtuar. T\u00eb nd\u00ebrtuara nga materiale me rezistenc\u00eb t\u00eb lart\u00eb, k\u00ebto spiranca jan\u00eb t\u00eb projektuara p\u00ebr q\u00ebndrueshm\u00ebri dhe performanc\u00eb afatgjat\u00eb n\u00eb mjedise t\u00eb jashtme.<\/p>\n<p><img fetchpriority=\"high\" decoding=\"async\" class=\"aligncenter wp-image-2245\" src=\"https:\/\/mountlaser.com\/wp-content\/uploads\/2025\/09\/WA-40-3.webp\" alt=\"wall anchor kit\" width=\"500\" height=\"500\" srcset=\"https:\/\/mountlaser.com\/wp-content\/uploads\/2025\/09\/WA-40-3.webp 1000w, https:\/\/mountlaser.com\/wp-content\/uploads\/2025\/09\/WA-40-3-300x300.webp 300w, https:\/\/mountlaser.com\/wp-content\/uploads\/2025\/09\/WA-40-3-400x400.webp 400w, https:\/\/mountlaser.com\/wp-content\/uploads\/2025\/09\/WA-40-3-800x800.webp 800w, https:\/\/mountlaser.com\/wp-content\/uploads\/2025\/09\/WA-40-3-600x600.webp 600w, https:\/\/mountlaser.com\/wp-content\/uploads\/2025\/09\/WA-40-3-150x150.webp 150w, https:\/\/mountlaser.com\/wp-content\/uploads\/2025\/09\/WA-40-3-768x768.webp 768w, https:\/\/mountlaser.com\/wp-content\/uploads\/2025\/09\/WA-40-3-12x12.webp 12w\" sizes=\"(max-width: 500px) 100vw, 500px\" \/><\/p>\n<p>&nbsp;<\/p>\n<p><strong>P\u00ebrdoret me spiranc\u00ebn e murit WA30\/40<\/strong><\/p>\n<p><img decoding=\"async\" class=\"wp-image-2220 size-full aligncenter\" src=\"https:\/\/mountlaser.com\/wp-content\/uploads\/2025\/09\/1-5.webp\" alt=\"\" width=\"614\" height=\"759\" srcset=\"https:\/\/mountlaser.com\/wp-content\/uploads\/2025\/09\/1-5.webp 614w, https:\/\/mountlaser.com\/wp-content\/uploads\/2025\/09\/1-5-600x742.webp 600w, https:\/\/mountlaser.com\/wp-content\/uploads\/2025\/09\/1-5-243x300.webp 243w, https:\/\/mountlaser.com\/wp-content\/uploads\/2025\/09\/1-5-10x12.webp 10w\" sizes=\"(max-width: 614px) 100vw, 614px\" \/><\/p>","protected":false},"excerpt":{"rendered":"<ul>\n<li>I projektuar p\u00ebr t\u00eb krijuar nj\u00eb pik\u00eb montimi t\u00eb sigurt dhe t\u00eb pal\u00ebvizshme n\u00eb mure ose struktura t\u00eb forta p\u00ebr pajisjet e matjes.<\/li>\n<li>Seti ofron opsione lart\u00ebsie 30 mm dhe 40 mm (WA-30 dhe WA-40) p\u00ebr t&#039;iu p\u00ebrshtatur kushteve t\u00eb ndryshme t\u00eb sip\u00ebrfaqes dhe nevojave t\u00eb stabilitetit.<\/li>\n<li>Filetoja e standardizuar M8 lejon lidhjen e leht\u00eb t\u00eb aksesor\u00ebve dhe pajisjeve t\u00eb shumta p\u00ebr matje.<\/li>\n<\/ul>","protected":false},"featured_media":2244,"comment_status":"open","ping_status":"closed","template":"","meta":[],"product_brand":[],"product_cat":[79,102],"product_tag":[],"class_list":{"0":"post-2243","1":"product","2":"type-product","3":"status-publish","4":"has-post-thumbnail","6":"product_cat-surveying-accessory","7":"product_cat-monitoring-adapter","9":"first","10":"instock","11":"shipping-taxable","12":"product-type-simple"},"_links":{"self":[{"href":"https:\/\/mountlaser.com\/sq\/wp-json\/wp\/v2\/product\/2243","targetHints":{"allow":["GET"]}}],"collection":[{"href":"https:\/\/mountlaser.com\/sq\/wp-json\/wp\/v2\/product"}],"about":[{"href":"https:\/\/mountlaser.com\/sq\/wp-json\/wp\/v2\/types\/product"}],"replies":[{"embeddable":true,"href":"https:\/\/mountlaser.com\/sq\/wp-json\/wp\/v2\/comments?post=2243"}],"wp:featuredmedia":[{"embeddable":true,"href":"https:\/\/mountlaser.com\/sq\/wp-json\/wp\/v2\/media\/2244"}],"wp:attachment":[{"href":"https:\/\/mountlaser.com\/sq\/wp-json\/wp\/v2\/media?parent=2243"}],"wp:term":[{"taxonomy":"product_brand","embeddable":true,"href":"https:\/\/mountlaser.com\/sq\/wp-json\/wp\/v2\/product_brand?post=2243"},{"taxonomy":"product_cat","embeddable":true,"href":"https:\/\/mountlaser.com\/sq\/wp-json\/wp\/v2\/product_cat?post=2243"},{"taxonomy":"product_tag","embeddable":true,"href":"https:\/\/mountlaser.com\/sq\/wp-json\/wp\/v2\/product_tag?post=2243"}],"curies":[{"name":"wp","href":"https:\/\/api.w.org\/{rel}","templated":true}]}}