{"id":2237,"date":"2025-09-26T08:59:09","date_gmt":"2025-09-26T08:59:09","guid":{"rendered":"https:\/\/mountlaser.com\/?post_type=product&#038;p=2237"},"modified":"2025-12-01T01:19:55","modified_gmt":"2025-12-01T01:19:55","slug":"mpa03-mini-prism-adapter","status":"publish","type":"product","link":"https:\/\/mountlaser.com\/sq\/produkt\/mpa03-mini-prism-adapter\/","title":{"rendered":"Adaptues Mini Prizmi MPA03"},"content":{"rendered":"<p>Fiksim i sigurt me maj\u00eb M8 me MPA03<strong> <a href=\"https:\/\/mountlaser.com\/sq\/kategori-produkti\/surveying-accessory\/\">P\u00ebrshtat\u00ebs najloni me fileto M8<\/a><\/strong><\/p>\n<p>I\/E\/T\u00eb\/T\u00eb <a href=\"https:\/\/mountlaser.com\/sq\/\"><strong>Adaptues Mini Prizmi MPA03<\/strong><\/a> \u00ebsht\u00eb nj\u00eb zgjidhje e specializuar e projektuar p\u00ebr aplikime q\u00eb k\u00ebrkojn\u00eb nj\u00eb lidhje t\u00eb sigurt me fileto M8. Ky p\u00ebrshtat\u00ebs praktik prej najloni me fileto M8 \u00ebsht\u00eb projektuar p\u00ebr t\u00eb lidhur mini prizma me spigota zvicerane me pajisje q\u00eb kan\u00eb nj\u00eb pik\u00eb standarde montimi M8, duke siguruar nj\u00eb konfigurim t\u00eb gjithansh\u00ebm dhe t\u00eb fort\u00eb.<\/p>\n<p><img fetchpriority=\"high\" decoding=\"async\" class=\"wp-image-2240 aligncenter\" src=\"https:\/\/mountlaser.com\/wp-content\/uploads\/2025\/09\/10-6.webp\" alt=\"Nylon Adapter with M8 thread\" width=\"500\" height=\"500\" srcset=\"https:\/\/mountlaser.com\/wp-content\/uploads\/2025\/09\/10-6.webp 1000w, https:\/\/mountlaser.com\/wp-content\/uploads\/2025\/09\/10-6-300x300.webp 300w, https:\/\/mountlaser.com\/wp-content\/uploads\/2025\/09\/10-6-400x400.webp 400w, https:\/\/mountlaser.com\/wp-content\/uploads\/2025\/09\/10-6-800x800.webp 800w, https:\/\/mountlaser.com\/wp-content\/uploads\/2025\/09\/10-6-600x600.webp 600w, https:\/\/mountlaser.com\/wp-content\/uploads\/2025\/09\/10-6-150x150.webp 150w, https:\/\/mountlaser.com\/wp-content\/uploads\/2025\/09\/10-6-768x768.webp 768w, https:\/\/mountlaser.com\/wp-content\/uploads\/2025\/09\/10-6-12x12.webp 12w\" sizes=\"(max-width: 500px) 100vw, 500px\" \/><\/p>\n<p>Nj\u00eb dallues kryesor i k\u00ebtij adaptori \u00ebsht\u00eb mekanizmi i tij i integruar i fiksimit. <a href=\"https:\/\/mountlaser.com\/sq\/contact-us\/\">Adaptues najloni MPA03 me fileto M8<\/a> Vjen i pajisur me nj\u00eb vid\u00eb vet\u00eb-prer\u00ebse me maj\u00eb, e cila lejon nj\u00eb lidhje t\u00eb fort\u00eb dhe t\u00eb q\u00ebndrueshme n\u00eb vrimat e pajtueshme M8, duke parandaluar lirimin me kalimin e koh\u00ebs. I prodhuar nga najloni elastik, ky p\u00ebrshtat\u00ebs i reziston kushteve t\u00eb v\u00ebshtira t\u00eb fush\u00ebs, duke siguruar izolim t\u00eb shk\u00eblqyer elektrik. P\u00ebr identifikim t\u00eb leht\u00eb, \u00ebsht\u00eb i disponuesh\u00ebm n\u00eb dy versione me kode ngjyrash: MPA03YS (e verdh\u00eb) dhe MPA03WS (e bardh\u00eb).<\/p>\n<p><strong>P\u00ebrdoret me Adaptuesin e Najlonit me fileto M8<\/strong><\/p>\n<p><img decoding=\"async\" class=\"wp-image-2220 size-full aligncenter\" src=\"https:\/\/mountlaser.com\/wp-content\/uploads\/2025\/09\/1-5.webp\" alt=\"Nylon Adapter with M8 thread\" width=\"614\" height=\"759\" srcset=\"https:\/\/mountlaser.com\/wp-content\/uploads\/2025\/09\/1-5.webp 614w, https:\/\/mountlaser.com\/wp-content\/uploads\/2025\/09\/1-5-600x742.webp 600w, https:\/\/mountlaser.com\/wp-content\/uploads\/2025\/09\/1-5-243x300.webp 243w, https:\/\/mountlaser.com\/wp-content\/uploads\/2025\/09\/1-5-10x12.webp 10w\" sizes=\"(max-width: 614px) 100vw, 614px\" \/><\/p>","protected":false},"excerpt":{"rendered":"<ul>\n<li>Lidhja me fileto M8: Ofron nj\u00eb nd\u00ebrfaqe t\u00eb sigurt p\u00ebr montimin e nj\u00eb mini prizmi n\u00eb \u00e7do pik\u00eb standarde me fileto M8, duke zgjeruar p\u00ebrputhshm\u00ebrin\u00eb.<\/li>\n<li>Vid\u00eb vet\u00eb-prer\u00ebse e integruar: Vida vet\u00eb-prer\u00ebse M8 me maj\u00eb siguron nj\u00eb kapje t\u00eb fort\u00eb dhe rezistente ndaj dridhjeve, duke rritur stabilitetin gjat\u00eb matjeve.<\/li>\n<li>E q\u00ebndrueshme dhe e leht\u00eb: Nd\u00ebrtimi prej najloni ofron nj\u00eb ekuilib\u00ebr t\u00eb p\u00ebrsosur t\u00eb forc\u00ebs, q\u00ebndrueshm\u00ebris\u00eb dhe pesh\u00ebs s\u00eb leht\u00eb, rezistent ndaj korrozionit dhe goditjeve.<\/li>\n<\/ul>","protected":false},"featured_media":2241,"comment_status":"open","ping_status":"closed","template":"","meta":[],"product_brand":[],"product_cat":[79,102],"product_tag":[],"class_list":{"0":"post-2237","1":"product","2":"type-product","3":"status-publish","4":"has-post-thumbnail","6":"product_cat-surveying-accessory","7":"product_cat-monitoring-adapter","9":"first","10":"instock","11":"shipping-taxable","12":"product-type-simple"},"_links":{"self":[{"href":"https:\/\/mountlaser.com\/sq\/wp-json\/wp\/v2\/product\/2237","targetHints":{"allow":["GET"]}}],"collection":[{"href":"https:\/\/mountlaser.com\/sq\/wp-json\/wp\/v2\/product"}],"about":[{"href":"https:\/\/mountlaser.com\/sq\/wp-json\/wp\/v2\/types\/product"}],"replies":[{"embeddable":true,"href":"https:\/\/mountlaser.com\/sq\/wp-json\/wp\/v2\/comments?post=2237"}],"wp:featuredmedia":[{"embeddable":true,"href":"https:\/\/mountlaser.com\/sq\/wp-json\/wp\/v2\/media\/2241"}],"wp:attachment":[{"href":"https:\/\/mountlaser.com\/sq\/wp-json\/wp\/v2\/media?parent=2237"}],"wp:term":[{"taxonomy":"product_brand","embeddable":true,"href":"https:\/\/mountlaser.com\/sq\/wp-json\/wp\/v2\/product_brand?post=2237"},{"taxonomy":"product_cat","embeddable":true,"href":"https:\/\/mountlaser.com\/sq\/wp-json\/wp\/v2\/product_cat?post=2237"},{"taxonomy":"product_tag","embeddable":true,"href":"https:\/\/mountlaser.com\/sq\/wp-json\/wp\/v2\/product_tag?post=2237"}],"curies":[{"name":"wp","href":"https:\/\/api.w.org\/{rel}","templated":true}]}}