{"id":2229,"date":"2025-09-26T08:52:32","date_gmt":"2025-09-26T08:52:32","guid":{"rendered":"https:\/\/mountlaser.com\/?post_type=product&#038;p=2229"},"modified":"2025-12-01T01:21:15","modified_gmt":"2025-12-01T01:21:15","slug":"mpa02-mini-prism-adapter","status":"publish","type":"product","link":"https:\/\/mountlaser.com\/sq\/produkt\/mpa02-mini-prism-adapter\/","title":{"rendered":"Adaptues Mini Prizmi MPA02"},"content":{"rendered":"<p>I\/E\/T\u00eb\/T\u00eb <a href=\"https:\/\/mountlaser.com\/sq\/products\/\"><strong>Adaptues Mini Prizmi MPA02<\/strong><\/a> \u00ebsht\u00eb nj\u00eb komponent thelb\u00ebsor i projektuar p\u00ebr t\u00eb ofruar nj\u00eb nd\u00ebrfaqe t\u00eb besueshme dhe t\u00eb sigurt p\u00ebr mini-prizmin tuaj. Ky komponent specifik <a href=\"https:\/\/mountlaser.com\/sq\/about-us\/\"><strong>Adaptor najloni me lidhje mini prizme<\/strong><\/a> \u00cbsht\u00eb projektuar p\u00ebr t\u00eb lidhur pajisje me nj\u00eb fileto 3\/8\u2033-19 me nj\u00eb minipriz\u00ebm me nj\u00eb rubinet zviceran, duke siguruar sakt\u00ebsi n\u00eb konfigurime t\u00eb ndryshme matjeje.<\/p>\n<p>I prodhuar nga najloni me rezistenc\u00eb t\u00eb lart\u00eb, ky P\u00ebrshtat\u00ebs Najloni Lidh\u00ebs ofron q\u00ebndrueshm\u00ebri dhe rezistenc\u00eb t\u00eb shk\u00eblqyer ndaj faktor\u00ebve mjedisor\u00eb, duke e b\u00ebr\u00eb at\u00eb t\u00eb p\u00ebrshtatsh\u00ebm p\u00ebr kushte t\u00eb v\u00ebshtira n\u00eb terren. P\u00ebr identifikim dhe menaxhim t\u00eb leht\u00eb t\u00eb inventarit, MPA02 \u00ebsht\u00eb i disponuesh\u00ebm n\u00eb dy versione me ngjyra t\u00eb dallueshme: MPA02Y (e verdh\u00eb) dhe MPA02W (e bardh\u00eb).<\/p>\n<p>&nbsp;<\/p>\n<p><img fetchpriority=\"high\" decoding=\"async\" class=\"wp-image-2232 aligncenter\" src=\"https:\/\/mountlaser.com\/wp-content\/uploads\/2025\/09\/9-7.webp\" alt=\"Mini Prism Connection Nylon Adapter\" width=\"500\" height=\"500\" srcset=\"https:\/\/mountlaser.com\/wp-content\/uploads\/2025\/09\/9-7.webp 1000w, https:\/\/mountlaser.com\/wp-content\/uploads\/2025\/09\/9-7-300x300.webp 300w, https:\/\/mountlaser.com\/wp-content\/uploads\/2025\/09\/9-7-400x400.webp 400w, https:\/\/mountlaser.com\/wp-content\/uploads\/2025\/09\/9-7-800x800.webp 800w, https:\/\/mountlaser.com\/wp-content\/uploads\/2025\/09\/9-7-600x600.webp 600w, https:\/\/mountlaser.com\/wp-content\/uploads\/2025\/09\/9-7-150x150.webp 150w, https:\/\/mountlaser.com\/wp-content\/uploads\/2025\/09\/9-7-768x768.webp 768w, https:\/\/mountlaser.com\/wp-content\/uploads\/2025\/09\/9-7-12x12.webp 12w\" sizes=\"(max-width: 500px) 100vw, 500px\" \/><\/p>\n<p>Kjo e thjesht\u00eb por efektive <a href=\"https:\/\/mountlaser.com\/sq\/contact-us\/\">Adaptor najloni me lidhje mini prizme<\/a> garanton q\u00eb prizma juaj t\u00eb mbetet e montuar n\u00eb m\u00ebnyr\u00eb t\u00eb q\u00ebndrueshme, gj\u00eb q\u00eb \u00ebsht\u00eb thelb\u00ebsore p\u00ebr arritjen e t\u00eb dh\u00ebnave t\u00eb sakta dhe konsistente.<\/p>\n<p><strong>P\u00ebrdoret me adaptorin Mini Prism MPA02<\/strong><\/p>\n<p><img decoding=\"async\" class=\"wp-image-2220 size-full aligncenter\" src=\"https:\/\/mountlaser.com\/wp-content\/uploads\/2025\/09\/1-5.webp\" alt=\"Mini Prism Connection Nylon Adapter\" width=\"614\" height=\"759\" srcset=\"https:\/\/mountlaser.com\/wp-content\/uploads\/2025\/09\/1-5.webp 614w, https:\/\/mountlaser.com\/wp-content\/uploads\/2025\/09\/1-5-600x742.webp 600w, https:\/\/mountlaser.com\/wp-content\/uploads\/2025\/09\/1-5-243x300.webp 243w, https:\/\/mountlaser.com\/wp-content\/uploads\/2025\/09\/1-5-10x12.webp 10w\" sizes=\"(max-width: 614px) 100vw, 614px\" \/><\/p>","protected":false},"excerpt":{"rendered":"<ul>\n<li>Lidhje e Sigurt 3\/8\u2033: P\u00ebrmban nj\u00eb fileto 3\/8\u2033-19, duke siguruar nj\u00eb pik\u00eb lidhjeje t\u00eb standardizuar dhe t\u00eb fort\u00eb.<\/li>\n<li>P\u00ebr nj\u00eb gam\u00eb t\u00eb gjer\u00eb instrumentesh dhe aksesor\u00ebsh p\u00ebr matje.<\/li>\n<li>Trupi prej najloni ofron nj\u00eb nd\u00ebrtim t\u00eb leht\u00eb por t\u00eb fort\u00eb, rezistent ndaj korrozionit, goditjeve dhe motit t\u00eb ashp\u00ebr.<\/li>\n<\/ul>","protected":false},"featured_media":2233,"comment_status":"open","ping_status":"closed","template":"","meta":[],"product_brand":[],"product_cat":[79,102],"product_tag":[],"class_list":{"0":"post-2229","1":"product","2":"type-product","3":"status-publish","4":"has-post-thumbnail","6":"product_cat-surveying-accessory","7":"product_cat-monitoring-adapter","9":"first","10":"instock","11":"shipping-taxable","12":"product-type-simple"},"_links":{"self":[{"href":"https:\/\/mountlaser.com\/sq\/wp-json\/wp\/v2\/product\/2229","targetHints":{"allow":["GET"]}}],"collection":[{"href":"https:\/\/mountlaser.com\/sq\/wp-json\/wp\/v2\/product"}],"about":[{"href":"https:\/\/mountlaser.com\/sq\/wp-json\/wp\/v2\/types\/product"}],"replies":[{"embeddable":true,"href":"https:\/\/mountlaser.com\/sq\/wp-json\/wp\/v2\/comments?post=2229"}],"wp:featuredmedia":[{"embeddable":true,"href":"https:\/\/mountlaser.com\/sq\/wp-json\/wp\/v2\/media\/2233"}],"wp:attachment":[{"href":"https:\/\/mountlaser.com\/sq\/wp-json\/wp\/v2\/media?parent=2229"}],"wp:term":[{"taxonomy":"product_brand","embeddable":true,"href":"https:\/\/mountlaser.com\/sq\/wp-json\/wp\/v2\/product_brand?post=2229"},{"taxonomy":"product_cat","embeddable":true,"href":"https:\/\/mountlaser.com\/sq\/wp-json\/wp\/v2\/product_cat?post=2229"},{"taxonomy":"product_tag","embeddable":true,"href":"https:\/\/mountlaser.com\/sq\/wp-json\/wp\/v2\/product_tag?post=2229"}],"curies":[{"name":"wp","href":"https:\/\/api.w.org\/{rel}","templated":true}]}}