{"id":2222,"date":"2025-09-26T08:27:25","date_gmt":"2025-09-26T08:27:25","guid":{"rendered":"https:\/\/mountlaser.com\/?post_type=product&#038;p=2222"},"modified":"2025-12-01T01:22:55","modified_gmt":"2025-12-01T01:22:55","slug":"mpa01-mini-prism-adapter","status":"publish","type":"product","link":"https:\/\/mountlaser.com\/sq\/produkt\/mpa01-mini-prism-adapter\/","title":{"rendered":"Adaptues Mini Prizmi MPA01"},"content":{"rendered":"<p>I\/E\/T\u00eb\/T\u00eb <a href=\"https:\/\/mountlaser.com\/sq\/kategori-produkti\/surveying-accessory\/\"><strong>Adaptues Mini Prizmi MPA01<\/strong><\/a> \u00ebsht\u00eb nj\u00eb zgjidhje lidhshm\u00ebrie e gjithanshme dhe thelb\u00ebsore e projektuar p\u00ebr t\u00eb kap\u00ebrcyer hendekun midis mini-prizmit tuaj dhe sistemeve t\u00eb ndryshme t\u00eb montimit. Ky p\u00ebrshtat\u00ebs i fuqish\u00ebm najloni Mini-prizmi siguron nj\u00eb lidhje t\u00eb sigurt dhe t\u00eb sakt\u00eb, e cila \u00ebsht\u00eb thelb\u00ebsore p\u00ebr marrjen e t\u00eb dh\u00ebnave t\u00eb sakta t\u00eb matjes n\u00eb aplikime t\u00eb ndryshme t\u00eb matjes.<\/p>\n<p>&nbsp;<\/p>\n<p>Nj\u00eb karakteristik\u00eb kryesore e k\u00ebtij adaptori \u00ebsht\u00eb p\u00ebrputhshm\u00ebria e tij me dy fileta. Adaptori Mini i Prizm\u00ebs MPA01 vjen me nj\u00eb fileto standarde 5\/8\u2033-11, duke lejuar q\u00eb ai t\u00eb montohet n\u00eb nj\u00eb gam\u00eb t\u00eb gjer\u00eb trek\u00ebmb\u00ebsh dhe shufrash, nd\u00ebrsa rubineti i integruar zviceran siguron nj\u00eb p\u00ebrshtatje t\u00eb p\u00ebrsosur p\u00ebr mini prizmat e p\u00ebrputhsh\u00ebm. I nd\u00ebrtuar nga najloni me cil\u00ebsi t\u00eb lart\u00eb, ky <a href=\"https:\/\/mountlaser.com\/sq\/\"><strong>Adaptor Mini Prizm Najloni<\/strong><\/a> ofron q\u00ebndrueshm\u00ebri dhe rezistenc\u00eb t\u00eb shk\u00eblqyer ndaj goditjeve dhe korrozionit.<\/p>\n<p><img fetchpriority=\"high\" decoding=\"async\" class=\"wp-image-2223 aligncenter\" src=\"https:\/\/mountlaser.com\/wp-content\/uploads\/2025\/09\/6-7.webp\" alt=\"Mini Prism Nylon Adapter\" width=\"500\" height=\"500\" srcset=\"https:\/\/mountlaser.com\/wp-content\/uploads\/2025\/09\/6-7.webp 1000w, https:\/\/mountlaser.com\/wp-content\/uploads\/2025\/09\/6-7-300x300.webp 300w, https:\/\/mountlaser.com\/wp-content\/uploads\/2025\/09\/6-7-400x400.webp 400w, https:\/\/mountlaser.com\/wp-content\/uploads\/2025\/09\/6-7-800x800.webp 800w, https:\/\/mountlaser.com\/wp-content\/uploads\/2025\/09\/6-7-600x600.webp 600w, https:\/\/mountlaser.com\/wp-content\/uploads\/2025\/09\/6-7-150x150.webp 150w, https:\/\/mountlaser.com\/wp-content\/uploads\/2025\/09\/6-7-768x768.webp 768w, https:\/\/mountlaser.com\/wp-content\/uploads\/2025\/09\/6-7-12x12.webp 12w\" sizes=\"(max-width: 500px) 100vw, 500px\" \/><\/p>\n<p>P\u00ebr identifikim dhe menaxhim t\u00eb leht\u00eb t\u00eb inventarit n\u00eb vendin e pun\u00ebs, Adaptori Mini Prizm MPA01 \u00ebsht\u00eb i disponuesh\u00ebm n\u00eb dy variante ngjyrash: MPA01Y (e verdh\u00eb) dhe MPA01W (e bardh\u00eb).<\/p>\n<p><strong>P\u00ebrdoret me <a href=\"https:\/\/mountlaser.com\/sq\/products\/\">Adaptues Mini Prizmi MPA01<\/a><\/strong><\/p>\n<p><img decoding=\"async\" class=\"aligncenter wp-image-2220 size-full\" src=\"https:\/\/mountlaser.com\/wp-content\/uploads\/2025\/09\/1-5.webp\" alt=\"MPA01 Mini Prism Adapter\" width=\"614\" height=\"759\" srcset=\"https:\/\/mountlaser.com\/wp-content\/uploads\/2025\/09\/1-5.webp 614w, https:\/\/mountlaser.com\/wp-content\/uploads\/2025\/09\/1-5-600x742.webp 600w, https:\/\/mountlaser.com\/wp-content\/uploads\/2025\/09\/1-5-243x300.webp 243w, https:\/\/mountlaser.com\/wp-content\/uploads\/2025\/09\/1-5-10x12.webp 10w\" sizes=\"(max-width: 614px) 100vw, 614px\" \/><\/p>","protected":false},"excerpt":{"rendered":"<ul>\n<li>P\u00ebrmban nj\u00eb fileto 5\/8\u2033-11 p\u00ebr pajtueshm\u00ebri t\u00eb gjer\u00eb me pajisjet standarde t\u00eb matjes dhe nj\u00eb rubinet zviceran p\u00ebr fiksim t\u00eb sigurt t\u00eb mini-prizmit.<\/li>\n<li>Trupi prej najloni siguron performanc\u00eb afatgjat\u00eb, duke i rezistuar konsumimit n\u00eb kushte t\u00eb v\u00ebshtira pune.<\/li>\n<\/ul>","protected":false},"featured_media":2227,"comment_status":"open","ping_status":"closed","template":"","meta":[],"product_brand":[],"product_cat":[79,102],"product_tag":[],"class_list":{"0":"post-2222","1":"product","2":"type-product","3":"status-publish","4":"has-post-thumbnail","6":"product_cat-surveying-accessory","7":"product_cat-monitoring-adapter","9":"first","10":"instock","11":"shipping-taxable","12":"product-type-simple"},"_links":{"self":[{"href":"https:\/\/mountlaser.com\/sq\/wp-json\/wp\/v2\/product\/2222","targetHints":{"allow":["GET"]}}],"collection":[{"href":"https:\/\/mountlaser.com\/sq\/wp-json\/wp\/v2\/product"}],"about":[{"href":"https:\/\/mountlaser.com\/sq\/wp-json\/wp\/v2\/types\/product"}],"replies":[{"embeddable":true,"href":"https:\/\/mountlaser.com\/sq\/wp-json\/wp\/v2\/comments?post=2222"}],"wp:featuredmedia":[{"embeddable":true,"href":"https:\/\/mountlaser.com\/sq\/wp-json\/wp\/v2\/media\/2227"}],"wp:attachment":[{"href":"https:\/\/mountlaser.com\/sq\/wp-json\/wp\/v2\/media?parent=2222"}],"wp:term":[{"taxonomy":"product_brand","embeddable":true,"href":"https:\/\/mountlaser.com\/sq\/wp-json\/wp\/v2\/product_brand?post=2222"},{"taxonomy":"product_cat","embeddable":true,"href":"https:\/\/mountlaser.com\/sq\/wp-json\/wp\/v2\/product_cat?post=2222"},{"taxonomy":"product_tag","embeddable":true,"href":"https:\/\/mountlaser.com\/sq\/wp-json\/wp\/v2\/product_tag?post=2222"}],"curies":[{"name":"wp","href":"https:\/\/api.w.org\/{rel}","templated":true}]}}