{"id":2213,"date":"2025-09-26T08:09:31","date_gmt":"2025-09-26T08:09:31","guid":{"rendered":"https:\/\/mountlaser.com\/?post_type=product&#038;p=2213"},"modified":"2025-12-01T01:24:14","modified_gmt":"2025-12-01T01:24:14","slug":"mpa04-mini-prism-nylon-base","status":"publish","type":"product","link":"https:\/\/mountlaser.com\/sq\/produkt\/mpa04-mini-prism-nylon-base\/","title":{"rendered":"Baza prej najloni mini-prizmi MPA04"},"content":{"rendered":"<p>P\u00ebrmir\u00ebsoni Sistemin Tuaj t\u00eb Matjes me MPA04 <a href=\"https:\/\/mountlaser.com\/sq\/\"><strong>Baza prej najloni mini-prizmi<\/strong><\/a><\/p>\n<p>Baza prej najloni MPA04 Mini prizmi \u00ebsht\u00eb nj\u00eb komponent thelb\u00ebsor lidhshm\u00ebrie i projektuar p\u00ebr topograf\u00ebt q\u00eb k\u00ebrkojn\u00eb zgjidhje t\u00eb besueshme dhe t\u00eb sakta montimi p\u00ebr pajisjet e tyre t\u00eb monitorimit.<\/p>\n<p>Kjo <a href=\"https:\/\/mountlaser.com\/sq\/kategori-produkti\/surveying-accessory\/\"><strong>Adaptues najloni MPA04<\/strong><\/a> \u00cbsht\u00eb projektuar posa\u00e7\u00ebrisht p\u00ebr t\u00eb integruar pa probleme mini prizmat me pika t\u00eb ndryshme montimi, duke siguruar stabilitet dhe sakt\u00ebsi n\u00eb projektet e monitorimit afatgjat\u00eb.<\/p>\n<p><img fetchpriority=\"high\" decoding=\"async\" class=\"wp-image-2218 aligncenter\" src=\"https:\/\/mountlaser.com\/wp-content\/uploads\/2025\/09\/MPA04-4.webp\" alt=\"MPA04 Nylon Adapter\" width=\"500\" height=\"500\" srcset=\"https:\/\/mountlaser.com\/wp-content\/uploads\/2025\/09\/MPA04-4.webp 1000w, https:\/\/mountlaser.com\/wp-content\/uploads\/2025\/09\/MPA04-4-300x300.webp 300w, https:\/\/mountlaser.com\/wp-content\/uploads\/2025\/09\/MPA04-4-400x400.webp 400w, https:\/\/mountlaser.com\/wp-content\/uploads\/2025\/09\/MPA04-4-800x800.webp 800w, https:\/\/mountlaser.com\/wp-content\/uploads\/2025\/09\/MPA04-4-600x600.webp 600w, https:\/\/mountlaser.com\/wp-content\/uploads\/2025\/09\/MPA04-4-150x150.webp 150w, https:\/\/mountlaser.com\/wp-content\/uploads\/2025\/09\/MPA04-4-768x768.webp 768w, https:\/\/mountlaser.com\/wp-content\/uploads\/2025\/09\/MPA04-4-12x12.webp 12w\" sizes=\"(max-width: 500px) 100vw, 500px\" \/><\/p>\n<p>Nj\u00eb tipar ky\u00e7 i k\u00ebtij produkti \u00ebsht\u00eb nd\u00ebrtimi i tij i fort\u00eb. <a href=\"https:\/\/mountlaser.com\/sq\/about-us\/\">Adaptues najloni MPA04<\/a> P\u00ebrmban nj\u00eb baz\u00eb najloni t\u00eb q\u00ebndrueshme q\u00eb ofron rezistenc\u00eb t\u00eb shk\u00eblqyer ndaj faktor\u00ebve mjedisor\u00eb si lag\u00ebshtia dhe korrozioni, nd\u00ebrsa ngjyra e saj e verdh\u00eb e dallueshme siguron dukshm\u00ebri t\u00eb lart\u00eb n\u00eb vend, duke zvog\u00ebluar rrezikun e vendosjes s\u00eb gabuar. P\u00ebrshtat\u00ebsi \u00ebsht\u00eb i pajisur me nj\u00eb lidh\u00ebs spine me precizion t\u00eb lart\u00eb n\u00eb stilin zviceran, duke garantuar nj\u00eb p\u00ebrshtatje t\u00eb sigurt dhe t\u00eb p\u00ebrsosur p\u00ebr prizmat e pajtueshme.<\/p>\n<p>&nbsp;<\/p>\n<p><strong>P\u00ebrdoret me baz\u00ebn prej najloni Miniprizmi MPA04<\/strong><\/p>\n<p><img decoding=\"async\" class=\"wp-image-2220 aligncenter\" src=\"https:\/\/mountlaser.com\/wp-content\/uploads\/2025\/09\/1-5.webp\" alt=\"MPA04 Nylon Adapter\" width=\"614\" height=\"759\" srcset=\"https:\/\/mountlaser.com\/wp-content\/uploads\/2025\/09\/1-5.webp 614w, https:\/\/mountlaser.com\/wp-content\/uploads\/2025\/09\/1-5-600x742.webp 600w, https:\/\/mountlaser.com\/wp-content\/uploads\/2025\/09\/1-5-243x300.webp 243w, https:\/\/mountlaser.com\/wp-content\/uploads\/2025\/09\/1-5-10x12.webp 10w\" sizes=\"(max-width: 614px) 100vw, 614px\" \/><\/p>","protected":false},"excerpt":{"rendered":"<ul>\n<li>Ofron nj\u00eb nd\u00ebrfaqe t\u00eb besueshme midis nj\u00eb mini prizmi (si\u00e7 \u00ebsht\u00eb MP104) dhe nj\u00eb stacioni ose shtylle monitorimi duke p\u00ebrdorur spin\u00ebn e saj zvicerane me baz\u00eb t\u00eb rrumbullak\u00ebt.<\/li>\n<li>Baza prej najloni ofron q\u00ebndrueshm\u00ebri ndaj kushteve t\u00eb ashpra t\u00eb jashtme, duke siguruar performanc\u00eb afatgjat\u00eb.<\/li>\n<\/ul>","protected":false},"featured_media":2216,"comment_status":"open","ping_status":"closed","template":"","meta":[],"product_brand":[],"product_cat":[79,102],"product_tag":[],"class_list":{"0":"post-2213","1":"product","2":"type-product","3":"status-publish","4":"has-post-thumbnail","6":"product_cat-surveying-accessory","7":"product_cat-monitoring-adapter","9":"first","10":"instock","11":"shipping-taxable","12":"product-type-simple"},"_links":{"self":[{"href":"https:\/\/mountlaser.com\/sq\/wp-json\/wp\/v2\/product\/2213","targetHints":{"allow":["GET"]}}],"collection":[{"href":"https:\/\/mountlaser.com\/sq\/wp-json\/wp\/v2\/product"}],"about":[{"href":"https:\/\/mountlaser.com\/sq\/wp-json\/wp\/v2\/types\/product"}],"replies":[{"embeddable":true,"href":"https:\/\/mountlaser.com\/sq\/wp-json\/wp\/v2\/comments?post=2213"}],"wp:featuredmedia":[{"embeddable":true,"href":"https:\/\/mountlaser.com\/sq\/wp-json\/wp\/v2\/media\/2216"}],"wp:attachment":[{"href":"https:\/\/mountlaser.com\/sq\/wp-json\/wp\/v2\/media?parent=2213"}],"wp:term":[{"taxonomy":"product_brand","embeddable":true,"href":"https:\/\/mountlaser.com\/sq\/wp-json\/wp\/v2\/product_brand?post=2213"},{"taxonomy":"product_cat","embeddable":true,"href":"https:\/\/mountlaser.com\/sq\/wp-json\/wp\/v2\/product_cat?post=2213"},{"taxonomy":"product_tag","embeddable":true,"href":"https:\/\/mountlaser.com\/sq\/wp-json\/wp\/v2\/product_tag?post=2213"}],"curies":[{"name":"wp","href":"https:\/\/api.w.org\/{rel}","templated":true}]}}