{"id":2201,"date":"2025-09-24T09:17:08","date_gmt":"2025-09-24T09:17:08","guid":{"rendered":"https:\/\/mountlaser.com\/?post_type=product&#038;p=2201"},"modified":"2025-12-01T01:25:54","modified_gmt":"2025-12-01T01:25:54","slug":"gdf22-tribrach-with-optical-plummet","status":"publish","type":"product","link":"https:\/\/mountlaser.com\/sq\/produkt\/gdf22-tribrach-with-optical-plummet\/","title":{"rendered":"Tribrah GDF22 me Plummet Optik"},"content":{"rendered":"<p>I\/E\/T\u00eb\/T\u00eb <a href=\"https:\/\/mountlaser.com\/sq\/\"><strong>Tribrah gjeodezik GDF22<\/strong><\/a> \u00ebsht\u00eb projektuar p\u00ebr t\u00eb ofruar performanc\u00eb t\u00eb besueshme dhe konfigurim efikas p\u00ebr detyra t\u00eb p\u00ebrditshme precize. Ky tribrak alumini i fuqish\u00ebm p\u00ebrmban nj\u00eb fileto fem\u00ebr standarde 5\/8\u2033-11, duke siguruar p\u00ebrputhshm\u00ebri universale me nj\u00eb gam\u00eb t\u00eb gjer\u00eb instrumentesh matjeje.<\/p>\n<p>Karakteristika kryesore e k\u00ebtij modeli \u00ebsht\u00eb plumbi optik i integruar, i cili rrit ndjesh\u00ebm shpejt\u00ebsin\u00eb dhe sakt\u00ebsin\u00eb e p\u00ebrqendrimit mbi nj\u00eb pik\u00eb matjeje.<\/p>\n<p><img fetchpriority=\"high\" decoding=\"async\" class=\"aligncenter wp-image-2204\" src=\"https:\/\/mountlaser.com\/wp-content\/uploads\/2025\/09\/4-6.webp\" alt=\"GDF22 surveying tribrach\" width=\"500\" height=\"500\" srcset=\"https:\/\/mountlaser.com\/wp-content\/uploads\/2025\/09\/4-6.webp 1000w, https:\/\/mountlaser.com\/wp-content\/uploads\/2025\/09\/4-6-300x300.webp 300w, https:\/\/mountlaser.com\/wp-content\/uploads\/2025\/09\/4-6-400x400.webp 400w, https:\/\/mountlaser.com\/wp-content\/uploads\/2025\/09\/4-6-800x800.webp 800w, https:\/\/mountlaser.com\/wp-content\/uploads\/2025\/09\/4-6-600x600.webp 600w, https:\/\/mountlaser.com\/wp-content\/uploads\/2025\/09\/4-6-150x150.webp 150w, https:\/\/mountlaser.com\/wp-content\/uploads\/2025\/09\/4-6-768x768.webp 768w, https:\/\/mountlaser.com\/wp-content\/uploads\/2025\/09\/4-6-12x12.webp 12w\" sizes=\"(max-width: 500px) 100vw, 500px\" \/><\/p>\n<p>Si nj\u00eb tribrah i gjithansh\u00ebm p\u00ebr matje GDF22, \u00ebsht\u00eb nd\u00ebrtuar p\u00ebr q\u00ebndrueshm\u00ebri dhe performanc\u00eb t\u00eb q\u00ebndrueshme n\u00eb terren. P\u00ebr menaxhim dhe identifikim t\u00eb leht\u00eb t\u00eb mjeteve n\u00eb vendet e pun\u00ebs me shum\u00eb njer\u00ebz, \u00ebsht\u00eb i disponuesh\u00ebm n\u00eb t\u00eb dyja opsionet e ngjyr\u00ebs: Jeshile dhe t\u00eb Zez\u00eb. Kur ju nevojitet funksionaliteti praktik i nj\u00eb... <a href=\"https:\/\/mountlaser.com\/sq\/kategori-produkti\/surveying-accessory\/\"><strong>Tribrach gdf22 me plumb optik<\/strong><\/a> P\u00ebr vendosjen e stampave n\u00eb nd\u00ebrtim ose studimet topografike, ky model ofron vler\u00eb t\u00eb jasht\u00ebzakonshme. Zgjidhni besueshm\u00ebrin\u00eb e k\u00ebtij Tribrach gdf22 me dizajn optik p\u00ebr t\u00eb p\u00ebrmir\u00ebsuar rrjedh\u00ebn tuaj t\u00eb pun\u00ebs.<\/p>","protected":false},"excerpt":{"rendered":"<ul>\n<li>Konstruksion alumini i q\u00ebndruesh\u00ebm me nj\u00eb fileto fem\u00ebr 5\/8\u2033-11.<\/li>\n<li>Plummeta optike e integruar p\u00ebr qend\u00ebrzim me precizion t\u00eb rregullt.<\/li>\n<li>N\u00eb dispozicion n\u00eb opsione ngjyrash jeshile dhe t\u00eb zeza p\u00ebr identifikim.<\/li>\n<\/ul>","protected":false},"featured_media":2202,"comment_status":"open","ping_status":"closed","template":"","meta":[],"product_brand":[],"product_cat":[79,101],"product_tag":[],"class_list":{"0":"post-2201","1":"product","2":"type-product","3":"status-publish","4":"has-post-thumbnail","6":"product_cat-surveying-accessory","7":"product_cat-standard-precision-tribrach","9":"first","10":"instock","11":"shipping-taxable","12":"product-type-simple"},"_links":{"self":[{"href":"https:\/\/mountlaser.com\/sq\/wp-json\/wp\/v2\/product\/2201","targetHints":{"allow":["GET"]}}],"collection":[{"href":"https:\/\/mountlaser.com\/sq\/wp-json\/wp\/v2\/product"}],"about":[{"href":"https:\/\/mountlaser.com\/sq\/wp-json\/wp\/v2\/types\/product"}],"replies":[{"embeddable":true,"href":"https:\/\/mountlaser.com\/sq\/wp-json\/wp\/v2\/comments?post=2201"}],"wp:featuredmedia":[{"embeddable":true,"href":"https:\/\/mountlaser.com\/sq\/wp-json\/wp\/v2\/media\/2202"}],"wp:attachment":[{"href":"https:\/\/mountlaser.com\/sq\/wp-json\/wp\/v2\/media?parent=2201"}],"wp:term":[{"taxonomy":"product_brand","embeddable":true,"href":"https:\/\/mountlaser.com\/sq\/wp-json\/wp\/v2\/product_brand?post=2201"},{"taxonomy":"product_cat","embeddable":true,"href":"https:\/\/mountlaser.com\/sq\/wp-json\/wp\/v2\/product_cat?post=2201"},{"taxonomy":"product_tag","embeddable":true,"href":"https:\/\/mountlaser.com\/sq\/wp-json\/wp\/v2\/product_tag?post=2201"}],"curies":[{"name":"wp","href":"https:\/\/api.w.org\/{rel}","templated":true}]}}