{"id":2200,"date":"2025-09-24T09:11:13","date_gmt":"2025-09-24T09:11:13","guid":{"rendered":"https:\/\/mountlaser.com\/?post_type=product&#038;p=2200"},"modified":"2025-12-01T01:28:32","modified_gmt":"2025-12-01T01:28:32","slug":"gdf21-tribrach-without-optical-plummet","status":"publish","type":"product","link":"https:\/\/mountlaser.com\/sq\/produkt\/gdf21-tribrach-without-optical-plummet\/","title":{"rendered":"Tribrah GDF21 pa r\u00ebnie optike"},"content":{"rendered":"<p>I\/E\/T\u00eb\/T\u00eb <a href=\"https:\/\/mountlaser.com\/sq\/\"><strong>Tribrah GDF21 pa r\u00ebnie optike<\/strong><\/a> \u00ebsht\u00eb nj\u00eb themel i fort\u00eb dhe i besuesh\u00ebm p\u00ebr nj\u00eb gam\u00eb t\u00eb gjer\u00eb detyrash gjeodetike. I nd\u00ebrtuar nga alumini me cil\u00ebsi t\u00eb lart\u00eb dhe me nj\u00eb fileto fem\u00ebr 5\/8\u2033-11, ai siguron montim t\u00eb sigurt p\u00ebr pajisjet tuaja.<\/p>\n<p>Ky model \u00ebsht\u00eb nd\u00ebrtuar sipas standardeve t\u00eb sakta t\u00eb nj\u00eb Tribrach-u t\u00eb stilit zviceran, duke theksuar q\u00ebndrueshm\u00ebrin\u00eb dhe performanc\u00ebn e q\u00ebndrueshme p\u00ebr aplikime t\u00eb rregullta precize. I disponuesh\u00ebm n\u00eb ngjyr\u00eb jeshile ose t\u00eb zez\u00eb p\u00ebr identifikim t\u00eb leht\u00eb n\u00eb vendin e pun\u00ebs, <a href=\"https:\/\/mountlaser.com\/sq\/about-us\/\">GDF21<\/a> ofron vler\u00eb t\u00eb shk\u00eblqyer.<\/p>\n<p>&nbsp;<\/p>\n<p><img fetchpriority=\"high\" decoding=\"async\" class=\"aligncenter wp-image-2196\" src=\"https:\/\/mountlaser.com\/wp-content\/uploads\/2025\/09\/4-5.webp\" alt=\"Swiss-Style Tribrach\" width=\"500\" height=\"500\" srcset=\"https:\/\/mountlaser.com\/wp-content\/uploads\/2025\/09\/4-5.webp 1000w, https:\/\/mountlaser.com\/wp-content\/uploads\/2025\/09\/4-5-300x300.webp 300w, https:\/\/mountlaser.com\/wp-content\/uploads\/2025\/09\/4-5-400x400.webp 400w, https:\/\/mountlaser.com\/wp-content\/uploads\/2025\/09\/4-5-800x800.webp 800w, https:\/\/mountlaser.com\/wp-content\/uploads\/2025\/09\/4-5-600x600.webp 600w, https:\/\/mountlaser.com\/wp-content\/uploads\/2025\/09\/4-5-150x150.webp 150w, https:\/\/mountlaser.com\/wp-content\/uploads\/2025\/09\/4-5-768x768.webp 768w, https:\/\/mountlaser.com\/wp-content\/uploads\/2025\/09\/4-5-12x12.webp 12w\" sizes=\"(max-width: 500px) 100vw, 500px\" \/><\/p>\n<p>Edhe pse nuk ka nj\u00eb plumb optik, dizajni i tij i besuesh\u00ebm e b\u00ebn at\u00eb nj\u00eb zgjedhje praktike p\u00ebr vendet e nd\u00ebrtimit dhe mjedise t\u00eb tjera ku stabiliteti themelor \u00ebsht\u00eb thelb\u00ebsor. Zgjidhni besueshm\u00ebrin\u00eb e provuar t\u00eb nj\u00eb <a href=\"https:\/\/mountlaser.com\/sq\/kategori-produkti\/surveying-accessory\/\"><strong>Tribrach n\u00eb stilin zviceran<\/strong><\/a> p\u00ebr konfigurimet tuaja thelb\u00ebsore. GDF21 mish\u00ebron k\u00ebt\u00eb trash\u00ebgimi n\u00eb nj\u00eb paket\u00eb me kosto efektive, duke ofruar forc\u00ebn thelb\u00ebsore q\u00eb prisni nga nj\u00eb Tribrach i stilit zviceran.<\/p>","protected":false},"excerpt":{"rendered":"<ul>\n<li>Nd\u00ebrtuar nga alumin i q\u00ebndruesh\u00ebm me nj\u00eb fileto fem\u00ebr standarde 5\/8\u2033-11 p\u00ebr pajtueshm\u00ebri universale.<\/li>\n<li>I projektuar p\u00ebr aplikime t\u00eb rregullta precize pa nj\u00eb plumb optik t\u00eb integruar.<\/li>\n<\/ul>","protected":false},"featured_media":2195,"comment_status":"open","ping_status":"closed","template":"","meta":[],"product_brand":[],"product_cat":[79,101],"product_tag":[],"class_list":{"0":"post-2200","1":"product","2":"type-product","3":"status-publish","4":"has-post-thumbnail","6":"product_cat-surveying-accessory","7":"product_cat-standard-precision-tribrach","9":"first","10":"instock","11":"shipping-taxable","12":"product-type-simple"},"_links":{"self":[{"href":"https:\/\/mountlaser.com\/sq\/wp-json\/wp\/v2\/product\/2200","targetHints":{"allow":["GET"]}}],"collection":[{"href":"https:\/\/mountlaser.com\/sq\/wp-json\/wp\/v2\/product"}],"about":[{"href":"https:\/\/mountlaser.com\/sq\/wp-json\/wp\/v2\/types\/product"}],"replies":[{"embeddable":true,"href":"https:\/\/mountlaser.com\/sq\/wp-json\/wp\/v2\/comments?post=2200"}],"wp:featuredmedia":[{"embeddable":true,"href":"https:\/\/mountlaser.com\/sq\/wp-json\/wp\/v2\/media\/2195"}],"wp:attachment":[{"href":"https:\/\/mountlaser.com\/sq\/wp-json\/wp\/v2\/media?parent=2200"}],"wp:term":[{"taxonomy":"product_brand","embeddable":true,"href":"https:\/\/mountlaser.com\/sq\/wp-json\/wp\/v2\/product_brand?post=2200"},{"taxonomy":"product_cat","embeddable":true,"href":"https:\/\/mountlaser.com\/sq\/wp-json\/wp\/v2\/product_cat?post=2200"},{"taxonomy":"product_tag","embeddable":true,"href":"https:\/\/mountlaser.com\/sq\/wp-json\/wp\/v2\/product_tag?post=2200"}],"curies":[{"name":"wp","href":"https:\/\/api.w.org\/{rel}","templated":true}]}}