{"id":2186,"date":"2025-09-24T08:30:19","date_gmt":"2025-09-24T08:30:19","guid":{"rendered":"https:\/\/mountlaser.com\/?post_type=product&#038;p=2186"},"modified":"2025-12-01T01:30:22","modified_gmt":"2025-12-01T01:30:22","slug":"fdc01m-standard-precision-carrier","status":"publish","type":"product","link":"https:\/\/mountlaser.com\/sq\/produkt\/fdc01m-standard-precision-carrier\/","title":{"rendered":"FDC01M Bart\u00ebs Standard Preciz"},"content":{"rendered":"<p>I\/E\/T\u00eb\/T\u00eb <a href=\"https:\/\/mountlaser.com\/sq\/\"><strong>Transportuesi preciz FDC01M<\/strong><\/a> \u00ebsht\u00eb nj\u00eb transportues thelb\u00ebsor i tribrakut prej alumini i projektuar p\u00ebr gjeodet\u00ebt q\u00eb k\u00ebrkojn\u00eb besueshm\u00ebri dhe sakt\u00ebsi n\u00eb pun\u00ebn e tyre n\u00eb terren. Ky transportues i fuqish\u00ebm \u00ebsht\u00eb projektuar p\u00ebr p\u00ebrdorim t\u00eb pand\u00ebrprer\u00eb n\u00eb tribrak\u00ebt standard\u00eb, duke siguruar nj\u00eb platform\u00eb t\u00eb sigurt dhe t\u00eb q\u00ebndrueshme p\u00ebr instrumentet tuaja mat\u00ebse.<\/p>\n<p>P\u00ebr identifikim dhe personalizim t\u00eb leht\u00eb, \u00ebsht\u00eb i disponuesh\u00ebm n\u00eb nj\u00eb form\u00eb dalluese. <a href=\"https:\/\/mountlaser.com\/sq\/products\/\">Opsion me ngjyr\u00eb jeshile\/e zez\u00eb<\/a>.<\/p>\n<p>&nbsp;<\/p>\n<p><img fetchpriority=\"high\" decoding=\"async\" class=\"aligncenter wp-image-2190\" src=\"https:\/\/mountlaser.com\/wp-content\/uploads\/2025\/09\/10-4.webp\" alt=\"Precision FDC01M Carrier\" width=\"500\" height=\"500\" srcset=\"https:\/\/mountlaser.com\/wp-content\/uploads\/2025\/09\/10-4.webp 1000w, https:\/\/mountlaser.com\/wp-content\/uploads\/2025\/09\/10-4-300x300.webp 300w, https:\/\/mountlaser.com\/wp-content\/uploads\/2025\/09\/10-4-400x400.webp 400w, https:\/\/mountlaser.com\/wp-content\/uploads\/2025\/09\/10-4-800x800.webp 800w, https:\/\/mountlaser.com\/wp-content\/uploads\/2025\/09\/10-4-600x600.webp 600w, https:\/\/mountlaser.com\/wp-content\/uploads\/2025\/09\/10-4-150x150.webp 150w, https:\/\/mountlaser.com\/wp-content\/uploads\/2025\/09\/10-4-768x768.webp 768w, https:\/\/mountlaser.com\/wp-content\/uploads\/2025\/09\/10-4-12x12.webp 12w\" sizes=\"(max-width: 500px) 100vw, 500px\" \/><\/p>\n<p>Preciziteti <a href=\"https:\/\/mountlaser.com\/sq\/kategori-produkti\/surveying-accessory\/\"><strong>Transportuesi FDC01M<\/strong><\/a> \u00ebsht\u00eb i pajisur me nj\u00eb ve\u00e7ori optike, duke rritur sakt\u00ebsin\u00eb e synimit dhe t\u00eb drejtimit. Kur projektet tuaja k\u00ebrkojn\u00eb stabilitet t\u00eb pal\u00ebkundur, mb\u00ebshtetuni te Transportuesi Precision FDC01M p\u00ebr t\u00eb ofruar rezultate t\u00eb q\u00ebndrueshme dhe me performanc\u00eb t\u00eb lart\u00eb.<\/p>","protected":false},"excerpt":{"rendered":"<ul>\n<li>Prodhuar nga alumini i q\u00ebndruesh\u00ebm p\u00ebr p\u00ebrdorim afatgjat\u00eb.<\/li>\n<li>I projektuar posa\u00e7\u00ebrisht p\u00ebr pajtueshm\u00ebri me tribrak\u00ebt standard\u00eb.<\/li>\n<li>I disponuesh\u00ebm n\u00eb nj\u00eb skem\u00eb ngjyrash jeshile\/e zez\u00eb p\u00ebr identifikim t\u00eb shpejt\u00eb vizual.<\/li>\n<\/ul>","protected":false},"featured_media":2187,"comment_status":"open","ping_status":"closed","template":"","meta":[],"product_brand":[],"product_cat":[79,100],"product_tag":[],"class_list":{"0":"post-2186","1":"product","2":"type-product","3":"status-publish","4":"has-post-thumbnail","6":"product_cat-surveying-accessory","7":"product_cat-standard-precision-carrier","9":"first","10":"instock","11":"shipping-taxable","12":"product-type-simple"},"_links":{"self":[{"href":"https:\/\/mountlaser.com\/sq\/wp-json\/wp\/v2\/product\/2186","targetHints":{"allow":["GET"]}}],"collection":[{"href":"https:\/\/mountlaser.com\/sq\/wp-json\/wp\/v2\/product"}],"about":[{"href":"https:\/\/mountlaser.com\/sq\/wp-json\/wp\/v2\/types\/product"}],"replies":[{"embeddable":true,"href":"https:\/\/mountlaser.com\/sq\/wp-json\/wp\/v2\/comments?post=2186"}],"wp:featuredmedia":[{"embeddable":true,"href":"https:\/\/mountlaser.com\/sq\/wp-json\/wp\/v2\/media\/2187"}],"wp:attachment":[{"href":"https:\/\/mountlaser.com\/sq\/wp-json\/wp\/v2\/media?parent=2186"}],"wp:term":[{"taxonomy":"product_brand","embeddable":true,"href":"https:\/\/mountlaser.com\/sq\/wp-json\/wp\/v2\/product_brand?post=2186"},{"taxonomy":"product_cat","embeddable":true,"href":"https:\/\/mountlaser.com\/sq\/wp-json\/wp\/v2\/product_cat?post=2186"},{"taxonomy":"product_tag","embeddable":true,"href":"https:\/\/mountlaser.com\/sq\/wp-json\/wp\/v2\/product_tag?post=2186"}],"curies":[{"name":"wp","href":"https:\/\/api.w.org\/{rel}","templated":true}]}}