{"id":2181,"date":"2025-09-24T08:21:21","date_gmt":"2025-09-24T08:21:21","guid":{"rendered":"https:\/\/mountlaser.com\/?post_type=product&#038;p=2181"},"modified":"2025-12-01T01:34:36","modified_gmt":"2025-12-01T01:34:36","slug":"grt144-carrier-with-stub","status":"publish","type":"product","link":"https:\/\/mountlaser.com\/sq\/produkt\/grt144-carrier-with-stub\/","title":{"rendered":"Transportuesi GRT144 me kunj"},"content":{"rendered":"<p>I\/E\/T\u00eb\/T\u00eb <a href=\"https:\/\/mountlaser.com\/sq\/\">Mount Laser GRT144<\/a> \u00ebsht\u00eb nj\u00eb transportues i specializuar GRT144 p\u00ebr antena GPS, i projektuar p\u00ebr t\u00eb ofruar nj\u00eb zgjidhje t\u00eb sigurt dhe t\u00eb q\u00ebndrueshme montimi p\u00ebr pajisjet tuaja t\u00eb matjes. Ky transportues i fuqish\u00ebm alumini p\u00ebrmban nj\u00eb maj\u00eb t\u00eb integruar, duke siguruar pozicionim t\u00eb sakt\u00eb dhe t\u00eb besuesh\u00ebm p\u00ebr antenat GPS n\u00eb kushte t\u00eb ndryshme n\u00eb terren.<\/p>\n<p><img fetchpriority=\"high\" decoding=\"async\" class=\"aligncenter wp-image-2183\" src=\"https:\/\/mountlaser.com\/wp-content\/uploads\/2025\/09\/5-4.webp\" alt=\"Carrier GRT144 for GPS Antenna\" width=\"500\" height=\"500\" srcset=\"https:\/\/mountlaser.com\/wp-content\/uploads\/2025\/09\/5-4.webp 1000w, https:\/\/mountlaser.com\/wp-content\/uploads\/2025\/09\/5-4-300x300.webp 300w, https:\/\/mountlaser.com\/wp-content\/uploads\/2025\/09\/5-4-400x400.webp 400w, https:\/\/mountlaser.com\/wp-content\/uploads\/2025\/09\/5-4-800x800.webp 800w, https:\/\/mountlaser.com\/wp-content\/uploads\/2025\/09\/5-4-600x600.webp 600w, https:\/\/mountlaser.com\/wp-content\/uploads\/2025\/09\/5-4-150x150.webp 150w, https:\/\/mountlaser.com\/wp-content\/uploads\/2025\/09\/5-4-768x768.webp 768w, https:\/\/mountlaser.com\/wp-content\/uploads\/2025\/09\/5-4-12x12.webp 12w\" sizes=\"(max-width: 500px) 100vw, 500px\" \/><\/p>\n<p>Si nj\u00eb i p\u00ebrkushtuar <a href=\"https:\/\/mountlaser.com\/sq\/kategori-produkti\/surveying-accessory\/\"><strong>Transportuesi GRT144 p\u00ebr Anten\u00ebn GPS<\/strong><\/a>, ofron kompatibilitet t\u00eb p\u00ebrsosur me tribrak\u00ebt standard\u00eb, duke e b\u00ebr\u00eb at\u00eb nj\u00eb mjet thelb\u00ebsor p\u00ebr mbledhjen e sakt\u00eb t\u00eb t\u00eb dh\u00ebnave gjeohap\u00ebsinore. I disponuesh\u00ebm n\u00eb ngjyr\u00eb jeshile ose t\u00eb zez\u00eb p\u00ebr identifikim t\u00eb leht\u00eb t\u00eb pajisjeve (SKU: 667313), ky transportues ofron q\u00ebndrueshm\u00ebrin\u00eb dhe performanc\u00ebn e k\u00ebrkuar p\u00ebr aplikimet profesionale t\u00eb matjeve. Besojini <a href=\"https:\/\/mountlaser.com\/sq\/about-us\/\">Transportuesi GRT144 p\u00ebr Anten\u00ebn GPS<\/a> p\u00ebr t\u00eb ruajtur integritetin e sinjalit dhe p\u00ebr t\u00eb rritur sakt\u00ebsin\u00eb e matjes suaj.<\/p>","protected":false},"excerpt":{"rendered":"<ul>\n<li>Montim i Sigurt GPS: I projektuar posa\u00e7\u00ebrisht p\u00ebr vendosje t\u00eb q\u00ebndrueshme t\u00eb anten\u00ebs GPS, duke siguruar besueshm\u00ebrin\u00eb e sinjalit<\/li>\n<li>Nd\u00ebrtimi i aluminit: Material i q\u00ebndruesh\u00ebm por i leht\u00eb, i p\u00ebrshtatsh\u00ebm p\u00ebr p\u00ebrdorim n\u00eb terren<\/li>\n<li>Integrimi i Stub: Ofron pozicionim t\u00eb sakt\u00eb dhe aft\u00ebsi konfigurimi t\u00eb shpejt\u00eb<\/li>\n<\/ul>","protected":false},"featured_media":2182,"comment_status":"open","ping_status":"closed","template":"","meta":[],"product_brand":[],"product_cat":[79,100],"product_tag":[],"class_list":{"0":"post-2181","1":"product","2":"type-product","3":"status-publish","4":"has-post-thumbnail","6":"product_cat-surveying-accessory","7":"product_cat-standard-precision-carrier","9":"first","10":"instock","11":"shipping-taxable","12":"product-type-simple"},"_links":{"self":[{"href":"https:\/\/mountlaser.com\/sq\/wp-json\/wp\/v2\/product\/2181","targetHints":{"allow":["GET"]}}],"collection":[{"href":"https:\/\/mountlaser.com\/sq\/wp-json\/wp\/v2\/product"}],"about":[{"href":"https:\/\/mountlaser.com\/sq\/wp-json\/wp\/v2\/types\/product"}],"replies":[{"embeddable":true,"href":"https:\/\/mountlaser.com\/sq\/wp-json\/wp\/v2\/comments?post=2181"}],"wp:featuredmedia":[{"embeddable":true,"href":"https:\/\/mountlaser.com\/sq\/wp-json\/wp\/v2\/media\/2182"}],"wp:attachment":[{"href":"https:\/\/mountlaser.com\/sq\/wp-json\/wp\/v2\/media?parent=2181"}],"wp:term":[{"taxonomy":"product_brand","embeddable":true,"href":"https:\/\/mountlaser.com\/sq\/wp-json\/wp\/v2\/product_brand?post=2181"},{"taxonomy":"product_cat","embeddable":true,"href":"https:\/\/mountlaser.com\/sq\/wp-json\/wp\/v2\/product_cat?post=2181"},{"taxonomy":"product_tag","embeddable":true,"href":"https:\/\/mountlaser.com\/sq\/wp-json\/wp\/v2\/product_tag?post=2181"}],"curies":[{"name":"wp","href":"https:\/\/api.w.org\/{rel}","templated":true}]}}