{"id":2174,"date":"2025-09-24T08:07:56","date_gmt":"2025-09-24T08:07:56","guid":{"rendered":"https:\/\/mountlaser.com\/?post_type=product&#038;p=2174"},"modified":"2025-12-01T01:39:14","modified_gmt":"2025-12-01T01:39:14","slug":"grt10-swiss-style-adapter-with-stub","status":"publish","type":"product","link":"https:\/\/mountlaser.com\/sq\/produkt\/grt10-swiss-style-adapter-with-stub\/","title":{"rendered":"P\u00ebrshtat\u00ebs i stilit zviceran GRT10 me tub"},"content":{"rendered":"<p>I\/E\/T\u00eb\/T\u00eb <a href=\"https:\/\/mountlaser.com\/sq\/kategori-produkti\/surveying-accessory\/\"><strong>Mount Laser GRT10<\/strong><\/a> \u00ebsht\u00eb nj\u00eb inxhinieri precize <a href=\"https:\/\/mountlaser.com\/sq\/about-us\/\"><strong>Transportuesi i Prizm\u00ebs GRT10<\/strong><\/a> I projektuar p\u00ebr gjeodet\u00ebt q\u00eb k\u00ebrkojn\u00eb performanc\u00eb t\u00eb besueshme. I nd\u00ebrtuar me nj\u00eb nd\u00ebrfaqe t\u00eb fuqishme zvicerane, ky bart\u00ebs alumini siguron montim t\u00eb sigurt p\u00ebr prizmat n\u00eb aplikime t\u00eb ndryshme gjeodete.<\/p>\n<p><img fetchpriority=\"high\" decoding=\"async\" class=\"aligncenter wp-image-2177\" src=\"https:\/\/mountlaser.com\/wp-content\/uploads\/2025\/09\/5-3.webp\" alt=\"GRT10 Prism Carrier\" width=\"500\" height=\"500\" srcset=\"https:\/\/mountlaser.com\/wp-content\/uploads\/2025\/09\/5-3.webp 1000w, https:\/\/mountlaser.com\/wp-content\/uploads\/2025\/09\/5-3-300x300.webp 300w, https:\/\/mountlaser.com\/wp-content\/uploads\/2025\/09\/5-3-400x400.webp 400w, https:\/\/mountlaser.com\/wp-content\/uploads\/2025\/09\/5-3-800x800.webp 800w, https:\/\/mountlaser.com\/wp-content\/uploads\/2025\/09\/5-3-600x600.webp 600w, https:\/\/mountlaser.com\/wp-content\/uploads\/2025\/09\/5-3-150x150.webp 150w, https:\/\/mountlaser.com\/wp-content\/uploads\/2025\/09\/5-3-768x768.webp 768w, https:\/\/mountlaser.com\/wp-content\/uploads\/2025\/09\/5-3-12x12.webp 12w\" sizes=\"(max-width: 500px) 100vw, 500px\" \/><br \/>\nI\/E\/T\u00eb\/T\u00eb <a href=\"https:\/\/mountlaser.com\/sq\/contact-us\/\">Transportuesi i Prizm\u00ebs GRT10<\/a> Ka nj\u00eb nd\u00ebrtim t\u00eb q\u00ebndruesh\u00ebm por t\u00eb leht\u00eb, duke e b\u00ebr\u00eb ideal p\u00ebr p\u00ebrdorim t\u00eb zgjatur n\u00eb terren, duke ruajtur pozicionimin e sakt\u00eb. I disponuesh\u00ebm n\u00eb ngjyr\u00eb jeshile ose t\u00eb zez\u00eb p\u00ebr identifikim t\u00eb leht\u00eb t\u00eb pajisjeve, ky model ofron p\u00ebrputhshm\u00ebri t\u00eb jasht\u00ebzakonshme me tribrak\u00ebt standard\u00eb. P\u00ebr sakt\u00ebsi t\u00eb q\u00ebndrueshme dhe performanc\u00eb t\u00eb besueshme, transportuesi i prizm\u00ebs GRT10 ofron nj\u00eb zgjidhje praktike p\u00ebr detyrat e p\u00ebrditshme t\u00eb matjes.<\/p>","protected":false},"excerpt":{"rendered":"<ul>\n<li>Dizajni me spigot zviceran: Ofron nj\u00eb lidhje t\u00eb sigurt dhe t\u00eb q\u00ebndrueshme p\u00ebr prizmat, duke rritur sakt\u00ebsin\u00eb e matjes.<\/li>\n<li>Nd\u00ebrtimi i aluminit: Kombinon forc\u00ebn me vetit\u00eb e pesh\u00ebs s\u00eb leht\u00eb p\u00ebr q\u00ebndrueshm\u00ebri dhe transportueshm\u00ebri t\u00eb leht\u00eb.<\/li>\n<\/ul>","protected":false},"featured_media":2175,"comment_status":"open","ping_status":"closed","template":"","meta":[],"product_brand":[],"product_cat":[79,100],"product_tag":[],"class_list":{"0":"post-2174","1":"product","2":"type-product","3":"status-publish","4":"has-post-thumbnail","6":"product_cat-surveying-accessory","7":"product_cat-standard-precision-carrier","9":"first","10":"instock","11":"shipping-taxable","12":"product-type-simple"},"_links":{"self":[{"href":"https:\/\/mountlaser.com\/sq\/wp-json\/wp\/v2\/product\/2174","targetHints":{"allow":["GET"]}}],"collection":[{"href":"https:\/\/mountlaser.com\/sq\/wp-json\/wp\/v2\/product"}],"about":[{"href":"https:\/\/mountlaser.com\/sq\/wp-json\/wp\/v2\/types\/product"}],"replies":[{"embeddable":true,"href":"https:\/\/mountlaser.com\/sq\/wp-json\/wp\/v2\/comments?post=2174"}],"wp:featuredmedia":[{"embeddable":true,"href":"https:\/\/mountlaser.com\/sq\/wp-json\/wp\/v2\/media\/2175"}],"wp:attachment":[{"href":"https:\/\/mountlaser.com\/sq\/wp-json\/wp\/v2\/media?parent=2174"}],"wp:term":[{"taxonomy":"product_brand","embeddable":true,"href":"https:\/\/mountlaser.com\/sq\/wp-json\/wp\/v2\/product_brand?post=2174"},{"taxonomy":"product_cat","embeddable":true,"href":"https:\/\/mountlaser.com\/sq\/wp-json\/wp\/v2\/product_cat?post=2174"},{"taxonomy":"product_tag","embeddable":true,"href":"https:\/\/mountlaser.com\/sq\/wp-json\/wp\/v2\/product_tag?post=2174"}],"curies":[{"name":"wp","href":"https:\/\/api.w.org\/{rel}","templated":true}]}}