{"id":2167,"date":"2025-09-24T07:54:46","date_gmt":"2025-09-24T07:54:46","guid":{"rendered":"https:\/\/mountlaser.com\/?post_type=product&#038;p=2167"},"modified":"2025-12-01T01:41:13","modified_gmt":"2025-12-01T01:41:13","slug":"fdc01mg-carrier-with-optical-plummet","status":"publish","type":"product","link":"https:\/\/mountlaser.com\/sq\/produkt\/fdc01mg-carrier-with-optical-plummet\/","title":{"rendered":"Transportuesi FDC01MG me r\u00ebnie optike"},"content":{"rendered":"<p>Prezantojm\u00eb Mount Laser FDC01MG, nj\u00eb pajisje shum\u00eb e p\u00ebrparuar <a href=\"https:\/\/mountlaser.com\/sq\/\"><strong>Adaptuesi i anket\u00ebs Fdc01mg Transportuesi<\/strong><\/a> q\u00eb integron nj\u00eb plumb optik t\u00eb sakt\u00eb direkt n\u00eb vet\u00eb bart\u00ebsin.<\/p>\n<p>Ky P\u00ebrshtat\u00ebs inovativ i Matjes Fdc01mg Transportues \u00ebsht\u00eb krijuar nga alumini me rezistenc\u00eb t\u00eb lart\u00eb, duke ofruar nj\u00eb zgjidhje t\u00eb fort\u00eb dhe t\u00eb leht\u00eb p\u00ebr mat\u00ebsit q\u00eb k\u00ebrkojn\u00eb nivelin m\u00eb t\u00eb lart\u00eb t\u00eb sakt\u00ebsis\u00eb n\u00eb konfigurimin e instrumenteve. I projektuar p\u00ebr p\u00ebrdorim pa probleme n\u00eb tribrak\u00eb standard\u00eb, ai lejon qend\u00ebrzim t\u00eb shpejt\u00eb dhe t\u00eb sakt\u00eb mbi nj\u00eb pik\u00eb.<\/p>\n<p><img fetchpriority=\"high\" decoding=\"async\" class=\"aligncenter wp-image-2170\" src=\"https:\/\/mountlaser.com\/wp-content\/uploads\/2025\/09\/4-4.webp\" alt=\"Survey Adapter Fdc01mg Carrier\" width=\"500\" height=\"500\" srcset=\"https:\/\/mountlaser.com\/wp-content\/uploads\/2025\/09\/4-4.webp 1000w, https:\/\/mountlaser.com\/wp-content\/uploads\/2025\/09\/4-4-300x300.webp 300w, https:\/\/mountlaser.com\/wp-content\/uploads\/2025\/09\/4-4-400x400.webp 400w, https:\/\/mountlaser.com\/wp-content\/uploads\/2025\/09\/4-4-800x800.webp 800w, https:\/\/mountlaser.com\/wp-content\/uploads\/2025\/09\/4-4-600x600.webp 600w, https:\/\/mountlaser.com\/wp-content\/uploads\/2025\/09\/4-4-150x150.webp 150w, https:\/\/mountlaser.com\/wp-content\/uploads\/2025\/09\/4-4-768x768.webp 768w, https:\/\/mountlaser.com\/wp-content\/uploads\/2025\/09\/4-4-12x12.webp 12w\" sizes=\"(max-width: 500px) 100vw, 500px\" \/><\/p>\n<p>I disponuesh\u00ebm n\u00eb ngjyr\u00eb jeshile ose t\u00eb zez\u00eb p\u00ebr identifikim t\u00eb leht\u00eb, Adaptori i Sondazhit<a href=\"https:\/\/mountlaser.com\/sq\/kategori-produkti\/surveying-accessory\/\"> <strong>Transportuesi Fdc01mg me plumb optik<\/strong><\/a> \u00ebsht\u00eb mjeti p\u00ebrfundimtar p\u00ebr rritjen e efikasitetit dhe sigurimin e integritetit t\u00eb matjeve n\u00eb \u00e7do projekt matjeje.<\/p>","protected":false},"excerpt":{"rendered":"<ul>\n<li>Plummet Optik i Integruar: Mund\u00ebson qend\u00ebrzim t\u00eb shpejt\u00eb dhe t\u00eb sakt\u00eb, duke zvog\u00ebluar ndjesh\u00ebm koh\u00ebn e konfigurimit dhe gabimet e mundshme.<\/li>\n<li>Nd\u00ebrtim i q\u00ebndruesh\u00ebm prej alumini: Ofron nj\u00eb raport t\u00eb shk\u00eblqyer t\u00eb forc\u00ebs ndaj pesh\u00ebs, duke siguruar jet\u00ebgjat\u00ebsi n\u00eb kushte t\u00eb v\u00ebshtira fushore.<\/li>\n<\/ul>","protected":false},"featured_media":2168,"comment_status":"open","ping_status":"closed","template":"","meta":[],"product_brand":[],"product_cat":[79,100],"product_tag":[],"class_list":{"0":"post-2167","1":"product","2":"type-product","3":"status-publish","4":"has-post-thumbnail","6":"product_cat-surveying-accessory","7":"product_cat-standard-precision-carrier","9":"first","10":"instock","11":"shipping-taxable","12":"product-type-simple"},"_links":{"self":[{"href":"https:\/\/mountlaser.com\/sq\/wp-json\/wp\/v2\/product\/2167","targetHints":{"allow":["GET"]}}],"collection":[{"href":"https:\/\/mountlaser.com\/sq\/wp-json\/wp\/v2\/product"}],"about":[{"href":"https:\/\/mountlaser.com\/sq\/wp-json\/wp\/v2\/types\/product"}],"replies":[{"embeddable":true,"href":"https:\/\/mountlaser.com\/sq\/wp-json\/wp\/v2\/comments?post=2167"}],"wp:featuredmedia":[{"embeddable":true,"href":"https:\/\/mountlaser.com\/sq\/wp-json\/wp\/v2\/media\/2168"}],"wp:attachment":[{"href":"https:\/\/mountlaser.com\/sq\/wp-json\/wp\/v2\/media?parent=2167"}],"wp:term":[{"taxonomy":"product_brand","embeddable":true,"href":"https:\/\/mountlaser.com\/sq\/wp-json\/wp\/v2\/product_brand?post=2167"},{"taxonomy":"product_cat","embeddable":true,"href":"https:\/\/mountlaser.com\/sq\/wp-json\/wp\/v2\/product_cat?post=2167"},{"taxonomy":"product_tag","embeddable":true,"href":"https:\/\/mountlaser.com\/sq\/wp-json\/wp\/v2\/product_tag?post=2167"}],"curies":[{"name":"wp","href":"https:\/\/api.w.org\/{rel}","templated":true}]}}