{"id":2159,"date":"2025-09-24T07:44:59","date_gmt":"2025-09-24T07:44:59","guid":{"rendered":"https:\/\/mountlaser.com\/?post_type=product&#038;p=2159"},"modified":"2025-12-01T01:43:36","modified_gmt":"2025-12-01T01:43:36","slug":"grt146-standard-precision-carrier","status":"publish","type":"product","link":"https:\/\/mountlaser.com\/sq\/produkt\/grt146-standard-precision-carrier\/","title":{"rendered":"Transportuesi Standard i Precizionit GRT146"},"content":{"rendered":"<p>I\/E\/T\u00eb\/T\u00eb <a href=\"https:\/\/mountlaser.com\/sq\/\"><strong>Mount Laser GRT146<\/strong><\/a> \u00ebsht\u00eb nj\u00eb bart\u00ebs i fuqish\u00ebm dhe i besuesh\u00ebm GRT146 i projektuar p\u00ebr integrim t\u00eb p\u00ebrsosur me tribrak\u00ebt tuaj t\u00eb matjes. I prodhuar nga alumini me cil\u00ebsi t\u00eb lart\u00eb, ky bart\u00ebs ofron nj\u00eb zgjidhje t\u00eb q\u00ebndrueshme por t\u00eb leht\u00eb p\u00ebr montimin e prizmave dhe aksesor\u00ebve t\u00eb tjer\u00eb.<\/p>\n<p>I\/E\/T\u00eb\/T\u00eb <a href=\"https:\/\/mountlaser.com\/sq\/kategori-produkti\/surveying-accessory\/\"><strong>Transportuesi GRT146<\/strong><\/a> \u00cbsht\u00eb projektuar p\u00ebr precizion dhe jet\u00ebgjat\u00ebsi, duke siguruar performanc\u00eb t\u00eb q\u00ebndrueshme n\u00eb kushte t\u00eb ndryshme n\u00eb terren.<\/p>\n<p>&nbsp;<\/p>\n<p><img fetchpriority=\"high\" decoding=\"async\" class=\"wp-image-2162 aligncenter\" src=\"https:\/\/mountlaser.com\/wp-content\/uploads\/2025\/09\/5-2.webp\" alt=\"GRT146 Carrier\" width=\"500\" height=\"500\" srcset=\"https:\/\/mountlaser.com\/wp-content\/uploads\/2025\/09\/5-2.webp 1000w, https:\/\/mountlaser.com\/wp-content\/uploads\/2025\/09\/5-2-300x300.webp 300w, https:\/\/mountlaser.com\/wp-content\/uploads\/2025\/09\/5-2-400x400.webp 400w, https:\/\/mountlaser.com\/wp-content\/uploads\/2025\/09\/5-2-800x800.webp 800w, https:\/\/mountlaser.com\/wp-content\/uploads\/2025\/09\/5-2-600x600.webp 600w, https:\/\/mountlaser.com\/wp-content\/uploads\/2025\/09\/5-2-150x150.webp 150w, https:\/\/mountlaser.com\/wp-content\/uploads\/2025\/09\/5-2-768x768.webp 768w, https:\/\/mountlaser.com\/wp-content\/uploads\/2025\/09\/5-2-12x12.webp 12w\" sizes=\"(max-width: 500px) 100vw, 500px\" \/><\/p>\n<p>I disponuesh\u00ebm n\u00eb ngjyr\u00eb t\u00eb gjelb\u00ebr ose t\u00eb zez\u00eb p\u00ebr identifikim t\u00eb leht\u00eb t\u00eb pajisjeve, ky model (SKU: 667216) ofron p\u00ebrputhshm\u00ebri dhe vler\u00eb t\u00eb shk\u00eblqyer. P\u00ebr nj\u00eb komponent themelor q\u00eb mund t&#039;i besoni, <a href=\"https:\/\/mountlaser.com\/sq\/contact-us\/\">Transportuesi GRT146<\/a> Ofron performanc\u00eb thelb\u00ebsore p\u00ebr detyrat e p\u00ebrditshme t\u00eb matjeve.<\/p>","protected":false},"excerpt":{"rendered":"<ul>\n<li>Inxhinieri precize: Siguron montim t\u00eb sakt\u00eb dhe t\u00eb sigurt n\u00eb tribrak\u00eb standard\u00eb p\u00ebr sakt\u00ebsi t\u00eb q\u00ebndrueshme matjeje.<\/li>\n<li>Opsionet e Ngjyrave: N\u00eb dispozicion n\u00eb ngjyr\u00eb jeshile dhe t\u00eb zez\u00eb p\u00ebr t\u00eb thjeshtuar menaxhimin dhe organizimin e pajisjeve.<\/li>\n<\/ul>","protected":false},"featured_media":2160,"comment_status":"open","ping_status":"closed","template":"","meta":[],"product_brand":[],"product_cat":[79,100],"product_tag":[],"class_list":{"0":"post-2159","1":"product","2":"type-product","3":"status-publish","4":"has-post-thumbnail","6":"product_cat-surveying-accessory","7":"product_cat-standard-precision-carrier","9":"first","10":"instock","11":"shipping-taxable","12":"product-type-simple"},"_links":{"self":[{"href":"https:\/\/mountlaser.com\/sq\/wp-json\/wp\/v2\/product\/2159","targetHints":{"allow":["GET"]}}],"collection":[{"href":"https:\/\/mountlaser.com\/sq\/wp-json\/wp\/v2\/product"}],"about":[{"href":"https:\/\/mountlaser.com\/sq\/wp-json\/wp\/v2\/types\/product"}],"replies":[{"embeddable":true,"href":"https:\/\/mountlaser.com\/sq\/wp-json\/wp\/v2\/comments?post=2159"}],"wp:featuredmedia":[{"embeddable":true,"href":"https:\/\/mountlaser.com\/sq\/wp-json\/wp\/v2\/media\/2160"}],"wp:attachment":[{"href":"https:\/\/mountlaser.com\/sq\/wp-json\/wp\/v2\/media?parent=2159"}],"wp:term":[{"taxonomy":"product_brand","embeddable":true,"href":"https:\/\/mountlaser.com\/sq\/wp-json\/wp\/v2\/product_brand?post=2159"},{"taxonomy":"product_cat","embeddable":true,"href":"https:\/\/mountlaser.com\/sq\/wp-json\/wp\/v2\/product_cat?post=2159"},{"taxonomy":"product_tag","embeddable":true,"href":"https:\/\/mountlaser.com\/sq\/wp-json\/wp\/v2\/product_tag?post=2159"}],"curies":[{"name":"wp","href":"https:\/\/api.w.org\/{rel}","templated":true}]}}