{"id":2158,"date":"2025-09-24T07:35:41","date_gmt":"2025-09-24T07:35:41","guid":{"rendered":"https:\/\/mountlaser.com\/?post_type=product&#038;p=2158"},"modified":"2025-12-01T01:45:01","modified_gmt":"2025-12-01T01:45:01","slug":"gzs4-1-standard-precision-carrier","status":"publish","type":"product","link":"https:\/\/mountlaser.com\/sq\/produkt\/gzs4-1-standard-precision-carrier\/","title":{"rendered":"Transportuesi Standard i Precizionit GZS4-1"},"content":{"rendered":"<p>Arritni sakt\u00ebsi t\u00eb pakrahasueshme t\u00eb matjes s\u00eb lart\u00ebsis\u00eb me <a href=\"https:\/\/mountlaser.com\/sq\/\">Montoni Lazerin<\/a> <a href=\"https:\/\/mountlaser.com\/sq\/kategori-produkti\/surveying-accessory\/\"><strong>Grep lart\u00ebsie GZS4-1<\/strong><\/a>. Ky grep lart\u00ebsie inovativ GZS4-1 \u00ebsht\u00eb projektuar posa\u00e7\u00ebrisht p\u00ebr t&#039;u lidhur pa probleme me t\u00eb gjitha transportueset Leica Geosystems, duke ju lejuar t\u00eb poziciononi nj\u00eb shirit mat\u00ebs direkt posht\u00eb qendr\u00ebs s\u00eb tribrakut.<\/p>\n<p>Shiriti mat\u00ebs i integruar \u00ebsht\u00eb i graduar n\u00eb milimetra dhe in\u00e7, duke mund\u00ebsuar matjen e sakt\u00eb t\u00eb lart\u00ebsis\u00eb s\u00eb antenave dhe reflektor\u00ebve GNSS me leht\u00ebsi. I prodhuar nga alumini i q\u00ebndruesh\u00ebm, ky mjet thelb\u00ebsor siguron besueshm\u00ebri n\u00eb \u00e7do vend pune.<\/p>\n<p><img fetchpriority=\"high\" decoding=\"async\" class=\"wp-image-2193 aligncenter\" src=\"https:\/\/mountlaser.com\/wp-content\/uploads\/2025\/09\/6885317e8096e117dcc3e7916444fd42.webp\" alt=\"GZS4-1 Height Hook\" width=\"500\" height=\"500\" srcset=\"https:\/\/mountlaser.com\/wp-content\/uploads\/2025\/09\/6885317e8096e117dcc3e7916444fd42.webp 800w, https:\/\/mountlaser.com\/wp-content\/uploads\/2025\/09\/6885317e8096e117dcc3e7916444fd42-300x300.webp 300w, https:\/\/mountlaser.com\/wp-content\/uploads\/2025\/09\/6885317e8096e117dcc3e7916444fd42-400x400.webp 400w, https:\/\/mountlaser.com\/wp-content\/uploads\/2025\/09\/6885317e8096e117dcc3e7916444fd42-600x600.webp 600w, https:\/\/mountlaser.com\/wp-content\/uploads\/2025\/09\/6885317e8096e117dcc3e7916444fd42-150x150.webp 150w, https:\/\/mountlaser.com\/wp-content\/uploads\/2025\/09\/6885317e8096e117dcc3e7916444fd42-768x768.webp 768w, https:\/\/mountlaser.com\/wp-content\/uploads\/2025\/09\/6885317e8096e117dcc3e7916444fd42-12x12.webp 12w\" sizes=\"(max-width: 500px) 100vw, 500px\" \/><\/p>\n<p>I\/E\/T\u00eb\/T\u00eb <a href=\"https:\/\/mountlaser.com\/sq\/products\/\">Grep lart\u00ebsie GZS4-1<\/a> \u00cbsht\u00eb n\u00eb dispozicion n\u00eb ngjyr\u00eb jeshile ose t\u00eb zez\u00eb, duke e b\u00ebr\u00eb at\u00eb nj\u00eb aksesor t\u00eb domosdosh\u00ebm p\u00ebr gjeodet\u00ebt q\u00eb k\u00ebrkojn\u00eb sakt\u00ebsi dhe efikasitet n\u00eb konfigurimin e tyre.<\/p>","protected":false},"excerpt":{"rendered":"<ul>\n<li>P\u00ebrmban nj\u00eb shirit mat\u00ebs t\u00eb integruar me gradacione n\u00eb mm dhe in\u00e7 p\u00ebr lexim t\u00eb drejtp\u00ebrdrejt\u00eb dhe t\u00eb sakt\u00eb t\u00eb lart\u00ebsis\u00eb posht\u00eb tribrakut.<\/li>\n<li>Lidhet pa mundim me t\u00eb gjith\u00eb transportuesit standard\u00eb t\u00eb Leica Geosystems p\u00ebr aplikim universal.<\/li>\n<\/ul>","protected":false},"featured_media":2193,"comment_status":"open","ping_status":"closed","template":"","meta":[],"product_brand":[],"product_cat":[79,100],"product_tag":[],"class_list":{"0":"post-2158","1":"product","2":"type-product","3":"status-publish","4":"has-post-thumbnail","6":"product_cat-surveying-accessory","7":"product_cat-standard-precision-carrier","9":"first","10":"instock","11":"shipping-taxable","12":"product-type-simple"},"_links":{"self":[{"href":"https:\/\/mountlaser.com\/sq\/wp-json\/wp\/v2\/product\/2158","targetHints":{"allow":["GET"]}}],"collection":[{"href":"https:\/\/mountlaser.com\/sq\/wp-json\/wp\/v2\/product"}],"about":[{"href":"https:\/\/mountlaser.com\/sq\/wp-json\/wp\/v2\/types\/product"}],"replies":[{"embeddable":true,"href":"https:\/\/mountlaser.com\/sq\/wp-json\/wp\/v2\/comments?post=2158"}],"wp:featuredmedia":[{"embeddable":true,"href":"https:\/\/mountlaser.com\/sq\/wp-json\/wp\/v2\/media\/2193"}],"wp:attachment":[{"href":"https:\/\/mountlaser.com\/sq\/wp-json\/wp\/v2\/media?parent=2158"}],"wp:term":[{"taxonomy":"product_brand","embeddable":true,"href":"https:\/\/mountlaser.com\/sq\/wp-json\/wp\/v2\/product_brand?post=2158"},{"taxonomy":"product_cat","embeddable":true,"href":"https:\/\/mountlaser.com\/sq\/wp-json\/wp\/v2\/product_cat?post=2158"},{"taxonomy":"product_tag","embeddable":true,"href":"https:\/\/mountlaser.com\/sq\/wp-json\/wp\/v2\/product_tag?post=2158"}],"curies":[{"name":"wp","href":"https:\/\/api.w.org\/{rel}","templated":true}]}}