{"id":2151,"date":"2025-09-24T07:18:36","date_gmt":"2025-09-24T07:18:36","guid":{"rendered":"https:\/\/mountlaser.com\/?post_type=product&#038;p=2151"},"modified":"2025-12-01T01:46:52","modified_gmt":"2025-12-01T01:46:52","slug":"grt247-standard-precision-carrier","status":"publish","type":"product","link":"https:\/\/mountlaser.com\/sq\/produkt\/grt247-standard-precision-carrier\/","title":{"rendered":"Transportuesi Standard i Precizionit GRT247"},"content":{"rendered":"<p>I\/E\/T\u00eb\/T\u00eb <a href=\"https:\/\/mountlaser.com\/sq\/\"><strong>Mount Laser GRT247<\/strong><\/a> \u00ebsht\u00eb nj\u00eb bart\u00ebs preciz alumini premium i projektuar p\u00ebr gjeodet\u00ebt q\u00eb k\u00ebrkojn\u00eb stabilitet dhe q\u00ebndrueshm\u00ebri t\u00eb jasht\u00ebzakonshme. I projektuar si nj\u00eb p\u00ebrshtat\u00ebs tribraku n\u00eb stilin zviceran, ky bart\u00ebs i fuqish\u00ebm siguron integrim t\u00eb p\u00ebrsosur me pajisjet tuaja ekzistuese.<\/p>\n<p><img fetchpriority=\"high\" decoding=\"async\" class=\"wp-image-2155 aligncenter\" src=\"https:\/\/mountlaser.com\/wp-content\/uploads\/2025\/09\/6-1.webp\" alt=\"Aluminum Precision Carrier\" width=\"500\" height=\"500\" srcset=\"https:\/\/mountlaser.com\/wp-content\/uploads\/2025\/09\/6-1.webp 1000w, https:\/\/mountlaser.com\/wp-content\/uploads\/2025\/09\/6-1-300x300.webp 300w, https:\/\/mountlaser.com\/wp-content\/uploads\/2025\/09\/6-1-400x400.webp 400w, https:\/\/mountlaser.com\/wp-content\/uploads\/2025\/09\/6-1-800x800.webp 800w, https:\/\/mountlaser.com\/wp-content\/uploads\/2025\/09\/6-1-600x600.webp 600w, https:\/\/mountlaser.com\/wp-content\/uploads\/2025\/09\/6-1-150x150.webp 150w, https:\/\/mountlaser.com\/wp-content\/uploads\/2025\/09\/6-1-768x768.webp 768w, https:\/\/mountlaser.com\/wp-content\/uploads\/2025\/09\/6-1-12x12.webp 12w\" sizes=\"(max-width: 500px) 100vw, 500px\" \/><\/p>\n<p>I prodhuar nga alumin i cil\u00ebsis\u00eb s\u00eb lart\u00eb, ky transportues preciz prej alumini ofron nj\u00eb ekuilib\u00ebr t\u00eb p\u00ebrsosur midis manovrimit t\u00eb leht\u00eb dhe performanc\u00ebs s\u00eb fort\u00eb, ideal p\u00ebr kushte t\u00eb v\u00ebshtira n\u00eb terren. I disponuesh\u00ebm n\u00eb ngjyr\u00eb jeshile ose t\u00eb zez\u00eb p\u00ebr identifikim t\u00eb leht\u00eb.<\/p>\n<p>P\u00ebr nj\u00eb lidhje t\u00eb besueshme q\u00eb nuk do t&#039;ju zhg\u00ebnjej\u00eb, GRT247 <a href=\"https:\/\/mountlaser.com\/sq\/kategori-produkti\/surveying-accessory\/\"><strong>Transportues Precizioni Alumini<\/strong><\/a> \u00ebsht\u00eb zgjedhja p\u00ebrfundimtare p\u00ebr sakt\u00ebsi dhe jet\u00ebgjat\u00ebsi.<\/p>","protected":false},"excerpt":{"rendered":"<ul>\n<li>Nd\u00ebrtim alumini me rezistenc\u00eb t\u00eb lart\u00eb: Ofron nj\u00eb raport optimal t\u00eb rezistenc\u00ebs ndaj pesh\u00ebs<\/li>\n<li>duke siguruar q\u00ebndrueshm\u00ebri pa v\u00ebllim t\u00eb panevojsh\u00ebm.<\/li>\n<li>P\u00ebrputhshm\u00ebria me Stilin Zviceran: I projektuar p\u00ebr montim t\u00eb sakt\u00eb dhe t\u00eb besuesh\u00ebm n\u00eb tribrak\u00eb t\u00eb pajtuesh\u00ebm.<\/li>\n<\/ul>","protected":false},"featured_media":2152,"comment_status":"open","ping_status":"closed","template":"","meta":[],"product_brand":[],"product_cat":[79,100],"product_tag":[],"class_list":{"0":"post-2151","1":"product","2":"type-product","3":"status-publish","4":"has-post-thumbnail","6":"product_cat-surveying-accessory","7":"product_cat-standard-precision-carrier","9":"first","10":"instock","11":"shipping-taxable","12":"product-type-simple"},"_links":{"self":[{"href":"https:\/\/mountlaser.com\/sq\/wp-json\/wp\/v2\/product\/2151","targetHints":{"allow":["GET"]}}],"collection":[{"href":"https:\/\/mountlaser.com\/sq\/wp-json\/wp\/v2\/product"}],"about":[{"href":"https:\/\/mountlaser.com\/sq\/wp-json\/wp\/v2\/types\/product"}],"replies":[{"embeddable":true,"href":"https:\/\/mountlaser.com\/sq\/wp-json\/wp\/v2\/comments?post=2151"}],"wp:featuredmedia":[{"embeddable":true,"href":"https:\/\/mountlaser.com\/sq\/wp-json\/wp\/v2\/media\/2152"}],"wp:attachment":[{"href":"https:\/\/mountlaser.com\/sq\/wp-json\/wp\/v2\/media?parent=2151"}],"wp:term":[{"taxonomy":"product_brand","embeddable":true,"href":"https:\/\/mountlaser.com\/sq\/wp-json\/wp\/v2\/product_brand?post=2151"},{"taxonomy":"product_cat","embeddable":true,"href":"https:\/\/mountlaser.com\/sq\/wp-json\/wp\/v2\/product_cat?post=2151"},{"taxonomy":"product_tag","embeddable":true,"href":"https:\/\/mountlaser.com\/sq\/wp-json\/wp\/v2\/product_tag?post=2151"}],"curies":[{"name":"wp","href":"https:\/\/api.w.org\/{rel}","templated":true}]}}