{"id":169,"date":"2024-02-28T15:44:56","date_gmt":"2024-02-28T15:44:56","guid":{"rendered":"https:\/\/startersites.io\/blocksy\/pottery\/?post_type=product&#038;p=169"},"modified":"2025-12-01T07:49:40","modified_gmt":"2025-12-01T07:49:40","slug":"fdj01d-japanese-style-tribrach","status":"publish","type":"product","link":"https:\/\/mountlaser.com\/sq\/produkt\/fdj01d-japanese-style-tribrach\/","title":{"rendered":"FDJ01D Tribrach n\u00eb stilin japonez"},"content":{"rendered":"<p>I\/E\/T\u00eb\/T\u00eb <a href=\"https:\/\/mountlaser.com\/sq\/\"><strong>Montimi i Lazerit FDJ01D<\/strong><\/a> vendos nj\u00eb standard t\u00eb ri si nj\u00eb thelb\u00ebsor<a href=\"https:\/\/mountlaser.com\/sq\/kategori-produkti\/surveying-accessory\/\"><strong> Tribrak p\u00ebr pajisjet e matjes<\/strong><\/a>.<\/p>\n<p>Ky Tribrah Mat\u00ebs me precizion t\u00eb lart\u00eb integron nj\u00eb plumb\u00e7e optike t\u00eb mpreht\u00eb, t\u00eb projektuar sipas stilit t\u00eb njohur japonez TOP p\u00ebr sakt\u00ebsi dhe q\u00ebndrueshm\u00ebri t\u00eb pakrahasueshme.<\/p>\n<p><img fetchpriority=\"high\" decoding=\"async\" class=\"wp-image-2137 aligncenter\" src=\"https:\/\/mountlaser.com\/wp-content\/uploads\/2024\/02\/4.webp\" alt=\"Tribrach for surveying equipment \" width=\"500\" height=\"500\" srcset=\"https:\/\/mountlaser.com\/wp-content\/uploads\/2024\/02\/4.webp 1000w, https:\/\/mountlaser.com\/wp-content\/uploads\/2024\/02\/4-300x300.webp 300w, https:\/\/mountlaser.com\/wp-content\/uploads\/2024\/02\/4-400x400.webp 400w, https:\/\/mountlaser.com\/wp-content\/uploads\/2024\/02\/4-800x800.webp 800w, https:\/\/mountlaser.com\/wp-content\/uploads\/2024\/02\/4-600x600.webp 600w, https:\/\/mountlaser.com\/wp-content\/uploads\/2024\/02\/4-150x150.webp 150w, https:\/\/mountlaser.com\/wp-content\/uploads\/2024\/02\/4-768x768.webp 768w, https:\/\/mountlaser.com\/wp-content\/uploads\/2024\/02\/4-12x12.webp 12w\" sizes=\"(max-width: 500px) 100vw, 500px\" \/><\/p>\n<p>I projektuar p\u00ebr profesionist\u00ebt m\u00eb t\u00eb k\u00ebrkuar, <a href=\"https:\/\/mountlaser.com\/sq\/contact-us\/\">FDJ01D<\/a> siguron nj\u00eb konfigurim t\u00eb shpejt\u00eb dhe t\u00eb sakt\u00eb, duke ofruar nj\u00eb themel t\u00eb fort\u00eb si shk\u00ebmbi p\u00ebr stacionin tuaj total. I disponuesh\u00ebm n\u00eb ngjyr\u00eb t\u00eb verdh\u00eb, gri ose t\u00eb zez\u00eb.<br \/>\nKur ju nevojitet nj\u00eb Tribrah Mat\u00ebs i besuesh\u00ebm q\u00eb rrit efikasitetin, FDJ01D \u00ebsht\u00eb Tribrahi superior p\u00ebr pajisjet e matjes, i nd\u00ebrtuar p\u00ebr t\u00eb shk\u00eblqyer n\u00eb \u00e7do vend.<\/p>","protected":false},"excerpt":{"rendered":"<ul>\n<li>Inxhinieri me precizion t\u00eb lart\u00eb: Garanton qend\u00ebrzim t\u00eb detyruar perfekt, duke siguruar integritetin e matjeve tuaja.<\/li>\n<li>Standardi Japonez i Cil\u00ebsis\u00eb m\u00eb t\u00eb Lart\u00eb: Prodhuar me materiale dhe mjesht\u00ebri superiore<\/li>\n<li>p\u00ebr jet\u00ebgjat\u00ebsi dhe performanc\u00eb t\u00eb jasht\u00ebzakonshme n\u00eb kushte t\u00eb v\u00ebshtira.<\/li>\n<\/ul>","protected":false},"featured_media":2135,"comment_status":"open","ping_status":"closed","template":"","meta":[],"product_brand":[],"product_cat":[79,99],"product_tag":[],"class_list":{"0":"post-169","1":"product","2":"type-product","3":"status-publish","4":"has-post-thumbnail","6":"product_cat-surveying-accessory","7":"product_cat-japanese-style-tribrach","9":"first","10":"instock","11":"shipping-taxable","12":"product-type-simple"},"_links":{"self":[{"href":"https:\/\/mountlaser.com\/sq\/wp-json\/wp\/v2\/product\/169","targetHints":{"allow":["GET"]}}],"collection":[{"href":"https:\/\/mountlaser.com\/sq\/wp-json\/wp\/v2\/product"}],"about":[{"href":"https:\/\/mountlaser.com\/sq\/wp-json\/wp\/v2\/types\/product"}],"replies":[{"embeddable":true,"href":"https:\/\/mountlaser.com\/sq\/wp-json\/wp\/v2\/comments?post=169"}],"wp:featuredmedia":[{"embeddable":true,"href":"https:\/\/mountlaser.com\/sq\/wp-json\/wp\/v2\/media\/2135"}],"wp:attachment":[{"href":"https:\/\/mountlaser.com\/sq\/wp-json\/wp\/v2\/media?parent=169"}],"wp:term":[{"taxonomy":"product_brand","embeddable":true,"href":"https:\/\/mountlaser.com\/sq\/wp-json\/wp\/v2\/product_brand?post=169"},{"taxonomy":"product_cat","embeddable":true,"href":"https:\/\/mountlaser.com\/sq\/wp-json\/wp\/v2\/product_cat?post=169"},{"taxonomy":"product_tag","embeddable":true,"href":"https:\/\/mountlaser.com\/sq\/wp-json\/wp\/v2\/product_tag?post=169"}],"curies":[{"name":"wp","href":"https:\/\/api.w.org\/{rel}","templated":true}]}}