{"id":167,"date":"2024-02-28T15:44:01","date_gmt":"2024-02-28T15:44:01","guid":{"rendered":"https:\/\/startersites.io\/blocksy\/pottery\/?post_type=product&#038;p=167"},"modified":"2025-12-01T07:57:53","modified_gmt":"2025-12-01T07:57:53","slug":"tr-8p-japanese-style-tribrach","status":"publish","type":"product","link":"https:\/\/mountlaser.com\/sq\/produkt\/tr-8p-japanese-style-tribrach\/","title":{"rendered":"Tribrach TR-8P n\u00eb stilin japonez"},"content":{"rendered":"<p>Arritni shpejt\u00ebsi dhe sakt\u00ebsi t\u00eb pakrahasueshme konfigurimi me <a href=\"https:\/\/mountlaser.com\/sq\/\"><strong>Montoni Lazerin TR-8P<\/strong><\/a>, nj\u00eb Tribrach me Stacion Total premium i projektuar p\u00ebr mat\u00ebsin modern.<\/p>\n<p>Kjo <a href=\"https:\/\/mountlaser.com\/sq\/kategori-produkti\/surveying-accessory\/\"><strong>Stacioni Total Tribrach<\/strong><\/a> p\u00ebrmban nj\u00eb plumb optik t\u00eb integruar me cil\u00ebsi t\u00eb lart\u00eb, t\u00eb prodhuar sipas standardeve t\u00eb sakta t\u00eb stilit japonez TOP. TR-8P siguron nj\u00eb baz\u00eb t\u00eb p\u00ebrsosur p\u00ebr instrumentin tuaj, duke garantuar sakt\u00ebsin\u00eb q\u00eb k\u00ebrkon puna juaj. Zgjidhni nga e Verdha, Gri ose e Zeza p\u00ebr t\u00eb koduar ngjyrat e pajisjeve tuaja p\u00ebr efikasitet dhe organizim.<\/p>\n<p><img fetchpriority=\"high\" decoding=\"async\" class=\"wp-image-2139 aligncenter\" src=\"https:\/\/mountlaser.com\/wp-content\/uploads\/2024\/02\/7.webp\" alt=\"Total Station Tribrach\" width=\"500\" height=\"500\" srcset=\"https:\/\/mountlaser.com\/wp-content\/uploads\/2024\/02\/7.webp 1000w, https:\/\/mountlaser.com\/wp-content\/uploads\/2024\/02\/7-300x300.webp 300w, https:\/\/mountlaser.com\/wp-content\/uploads\/2024\/02\/7-400x400.webp 400w, https:\/\/mountlaser.com\/wp-content\/uploads\/2024\/02\/7-800x800.webp 800w, https:\/\/mountlaser.com\/wp-content\/uploads\/2024\/02\/7-600x600.webp 600w, https:\/\/mountlaser.com\/wp-content\/uploads\/2024\/02\/7-150x150.webp 150w, https:\/\/mountlaser.com\/wp-content\/uploads\/2024\/02\/7-768x768.webp 768w, https:\/\/mountlaser.com\/wp-content\/uploads\/2024\/02\/7-12x12.webp 12w\" sizes=\"(max-width: 500px) 100vw, 500px\" \/><br \/>\nP\u00ebr profesionist\u00ebt q\u00eb refuzojn\u00eb t\u00eb b\u00ebjn\u00eb kompromis me cil\u00ebsin\u00eb, <a href=\"https:\/\/mountlaser.com\/sq\/contact-us\/\">TR-8P<\/a> \u00ebsht\u00eb Tribraku p\u00ebrfundimtar i Stacionit Total q\u00eb ofron besueshm\u00ebri n\u00eb \u00e7do vend pune.<\/p>","protected":false},"excerpt":{"rendered":"<ul>\n<li>Mund\u00ebson qend\u00ebrzim t\u00eb shpejt\u00eb dhe t\u00eb sakt\u00eb mbi pikat e matjes, duke reduktuar n\u00eb m\u00ebnyr\u00eb drastike koh\u00ebn e konfigurimit.<\/li>\n<li>Ofron qend\u00ebrzim t\u00eb detyruar pa probleme, duke siguruar sakt\u00ebsin\u00eb dhe integritetin e matjeve t\u00eb stacionit tuaj total.<\/li>\n<li>Nd\u00ebrtuar me materiale t\u00eb nivelit t\u00eb lart\u00eb p\u00ebr q\u00ebndrueshm\u00ebri t\u00eb jasht\u00ebzakonshme dhe performanc\u00eb afatgjat\u00eb n\u00eb mjedise t\u00eb v\u00ebshtira.<\/li>\n<\/ul>","protected":false},"featured_media":2136,"comment_status":"open","ping_status":"closed","template":"","meta":[],"product_brand":[],"product_cat":[79,99],"product_tag":[],"class_list":{"0":"post-167","1":"product","2":"type-product","3":"status-publish","4":"has-post-thumbnail","6":"product_cat-surveying-accessory","7":"product_cat-japanese-style-tribrach","9":"first","10":"instock","11":"shipping-taxable","12":"product-type-simple"},"_links":{"self":[{"href":"https:\/\/mountlaser.com\/sq\/wp-json\/wp\/v2\/product\/167","targetHints":{"allow":["GET"]}}],"collection":[{"href":"https:\/\/mountlaser.com\/sq\/wp-json\/wp\/v2\/product"}],"about":[{"href":"https:\/\/mountlaser.com\/sq\/wp-json\/wp\/v2\/types\/product"}],"replies":[{"embeddable":true,"href":"https:\/\/mountlaser.com\/sq\/wp-json\/wp\/v2\/comments?post=167"}],"wp:featuredmedia":[{"embeddable":true,"href":"https:\/\/mountlaser.com\/sq\/wp-json\/wp\/v2\/media\/2136"}],"wp:attachment":[{"href":"https:\/\/mountlaser.com\/sq\/wp-json\/wp\/v2\/media?parent=167"}],"wp:term":[{"taxonomy":"product_brand","embeddable":true,"href":"https:\/\/mountlaser.com\/sq\/wp-json\/wp\/v2\/product_brand?post=167"},{"taxonomy":"product_cat","embeddable":true,"href":"https:\/\/mountlaser.com\/sq\/wp-json\/wp\/v2\/product_cat?post=167"},{"taxonomy":"product_tag","embeddable":true,"href":"https:\/\/mountlaser.com\/sq\/wp-json\/wp\/v2\/product_tag?post=167"}],"curies":[{"name":"wp","href":"https:\/\/api.w.org\/{rel}","templated":true}]}}